{"id":2245,"date":"2021-01-01T23:24:01","date_gmt":"2021-01-01T22:24:01","guid":{"rendered":"http:\/\/reisen.dipas.ch\/?page_id=2245"},"modified":"2021-01-13T15:33:08","modified_gmt":"2021-01-13T14:33:08","slug":"kasachstan-2013","status":"publish","type":"page","link":"https:\/\/reisen.dipas.ch\/?page_id=2245","title":{"rendered":"Kasachstan 2013"},"content":{"rendered":"\n<p>Durch eine Reiseplattform die lokale Reisebegleiterin Saule (Sonne) kennengelernt. Sie spricht fliessend Russisch, T\u00fcrkisch und Englisch. So war es mir \u00fcberhaupt m\u00f6glich so einfach hier zu reisen. <br>Per Skype und Emails bereiteten wir die Reise vor und waren dann zusammen 2 Wochen im s\u00fcd\u00f6stlichen Teil Kasachstans mit einem Mietwagen unterwegs.<\/p>\n\n\n\n<p>Vom 28. April 2013 bis 12. Mai 2013.<\/p>\n\n\n\n<p><div class=\"map_wrapper\" id=\"map_wrapper_2247\">\n<div class=\"map_box\" style=\"max-width:2200px\">\n<div class=\"map_aspect_ratio\" style=\"padding-top:56%\" data-padding-top=\"56%\" data-padding-top-mobile=\"\">\n<div class=\"map_container\">\n<div class=\"map_render map_loading\" id=\"map_2247\"><\/div>\n<\/div>\n<\/div>\n<\/div>\n<\/div><br><br><a href=\"https:\/\/reisen.dipas.ch\/?page_id=2257\" data-type=\"URL\">1. Tag &#8211; Almaty (Alma Ata)<\/a><br><a href=\"https:\/\/reisen.dipas.ch\/?page_id=2428\">2. Tag &#8211; Almaty &#8211; Kok Tobe<\/a><br><a href=\"https:\/\/reisen.dipas.ch\/?page_id=2432\">3. Tag &#8211; Eissportanlage Medeo und Skigebiet Shymbulak<\/a><br><a href=\"https:\/\/reisen.dipas.ch\/?page_id=2434\">4. Tag &#8211; Gegend um Turgen (Wasserfall) und Jessik (See)<\/a><br><a href=\"https:\/\/reisen.dipas.ch\/?page_id=2439\">5. Tag &#8211; Stausee, Strasse beim Tianschan Observatorium<\/a><br><a href=\"https:\/\/reisen.dipas.ch\/?page_id=2442\">6. Tag &#8211; Fahrt von Almaty nach Saty<\/a><br><a href=\"https:\/\/reisen.dipas.ch\/?page_id=2445\">7. Tag &#8211; Wanderung Kolsay Lakes<\/a><br><a href=\"https:\/\/reisen.dipas.ch\/?page_id=2464\">8. Tag &#8211; Nach Kegen, Sharyn Canyon<\/a><br><a href=\"https:\/\/reisen.dipas.ch\/?page_id=2469\">9. Tag &#8211; Almaty<\/a><br><a href=\"https:\/\/reisen.dipas.ch\/?page_id=2474\">10. Tag &#8211; Altyn Emel<\/a><br><a href=\"https:\/\/reisen.dipas.ch\/?page_id=2479\">11. Tag &#8211; Tamgaly<\/a><br>12. Tag &#8211; Eink\u00e4ufe, R\u00fcckflug<\/p>\n","protected":false},"excerpt":{"rendered":"<p>Durch eine Reiseplattform die lokale Reisebegleiterin Saule (Sonne) kennengelernt. Sie spricht fliessend Russisch, T\u00fcrkisch und Englisch. So war es mir \u00fcberhaupt m\u00f6glich so einfach hier<\/p>\n<p><a href=\"https:\/\/reisen.dipas.ch\/?page_id=2245\" class=\"more-link\">Continue reading<span class=\"screen-reader-text\">Kasachstan 2013<\/span><\/a><\/p>\n","protected":false},"author":1,"featured_media":0,"parent":0,"menu_order":0,"comment_status":"closed","ping_status":"closed","template":"","meta":{"ngg_post_thumbnail":0,"footnotes":""},"class_list":["post-2245","page","type-page","status-publish","hentry"],"_links":{"self":[{"href":"https:\/\/reisen.dipas.ch\/index.php?rest_route=\/wp\/v2\/pages\/2245","targetHints":{"allow":["GET"]}}],"collection":[{"href":"https:\/\/reisen.dipas.ch\/index.php?rest_route=\/wp\/v2\/pages"}],"about":[{"href":"https:\/\/reisen.dipas.ch\/index.php?rest_route=\/wp\/v2\/types\/page"}],"author":[{"embeddable":true,"href":"https:\/\/reisen.dipas.ch\/index.php?rest_route=\/wp\/v2\/users\/1"}],"replies":[{"embeddable":true,"href":"https:\/\/reisen.dipas.ch\/index.php?rest_route=%2Fwp%2Fv2%2Fcomments&post=2245"}],"version-history":[{"count":16,"href":"https:\/\/reisen.dipas.ch\/index.php?rest_route=\/wp\/v2\/pages\/2245\/revisions"}],"predecessor-version":[{"id":2932,"href":"https:\/\/reisen.dipas.ch\/index.php?rest_route=\/wp\/v2\/pages\/2245\/revisions\/2932"}],"wp:attachment":[{"href":"https:\/\/reisen.dipas.ch\/index.php?rest_route=%2Fwp%2Fv2%2Fmedia&parent=2245"}],"curies":[{"name":"wp","href":"https:\/\/api.w.org\/{rel}","templated":true}]}}