{"id":2233,"date":"2020-12-20T22:32:41","date_gmt":"2020-12-20T21:32:41","guid":{"rendered":"http:\/\/reisen.dipas.ch\/?page_id=2233"},"modified":"2021-01-05T22:05:18","modified_gmt":"2021-01-05T21:05:18","slug":"rumaenien-2014","status":"publish","type":"page","link":"https:\/\/reisen.dipas.ch\/?page_id=2233","title":{"rendered":"Rum\u00e4nien 2014"},"content":{"rendered":"\n<p>Mit meinem PW fuhr ich in zwei Tagen nach Timi\u0219oara in Rum\u00e4nien und holte dort am Flughafen Corinna, meine Freundin aus der Studienzeit an der FHNW (Live Sciences) ab.<br>Wir \u00fcbernachteten meist in kleinen, g\u00fcnstigen Hotels oder auch mal in einer etwas versifften Wohnung (Constanta) und im Donaudelta waren wir in den Kaj\u00fcten des Plutitor Kingfisher (https:\/\/www.facebook.com\/HotelPlutitorKingfisher). <\/p>\n\n\n\n<p>Vom 30. August 2014 bis  11. September 2014<\/p>\n\n\n\n<div class=\"map_wrapper\" id=\"map_wrapper_2234\">\n<div class=\"map_box\" style=\"max-width:2200px\">\n<div class=\"map_aspect_ratio\" style=\"padding-top:56%\" data-padding-top=\"56%\" data-padding-top-mobile=\"\">\n<div class=\"map_container\">\n<div class=\"map_render map_loading\" id=\"map_2234\"><\/div>\n<\/div>\n<\/div>\n<\/div>\n<\/div>\n\n\n\n<p>1. Tag &#8211; Zum Neusiedler See<br><a href=\"https:\/\/reisen.dipas.ch\/?page_id=2532\">2. Tag &#8211; Bis Timi\u0219oara<\/a><br><a href=\"https:\/\/reisen.dipas.ch\/?page_id=2535\">3. Tag &#8211; Alba Julia, Kloster, Sibiu<\/a><br><a href=\"https:\/\/reisen.dipas.ch\/?page_id=2539\">4. Tag &#8211; Sibiu, B\u00e2lea Lac, Sighi\u0219oara<\/a><br><a href=\"https:\/\/reisen.dipas.ch\/?page_id=2545\">5. Tag &#8211; Festung von Rupea, Bra\u0219ov<\/a><br><a href=\"https:\/\/reisen.dipas.ch\/?page_id=2549\">6. Tag &#8211; Schloss Bran, Schloss Pele\u0219<\/a><br><a href=\"https:\/\/reisen.dipas.ch\/?page_id=2552\">7. Tag &#8211; Schlamm Vulkan (Noroio\u0219i P\u00e2clele Mari), Constan\u021ba Baden\/Ruhen<\/a><br><a href=\"https:\/\/reisen.dipas.ch\/?page_id=2555\">8. Tag &#8211; Constan\u021ba<\/a><br><a href=\"https:\/\/reisen.dipas.ch\/?page_id=2561\">9. Tag &#8211; Nach Tulcea, Plutitor Kingfisher, Donaudelta<\/a><br><a href=\"https:\/\/reisen.dipas.ch\/?page_id=2565\">10. Tag &#8211; Donaudelta<\/a><br><a href=\"https:\/\/reisen.dipas.ch\/?page_id=2569\">11. Tag &#8211; Bis Ploie\u0219ti <\/a><br><a href=\"https:\/\/reisen.dipas.ch\/?page_id=2573\">12. Tag &#8211; Apuseni National Park, Sc\u0103ri\u0219oara-H\u00f6hle, Timi\u0219oara<\/a><br><a href=\"https:\/\/reisen.dipas.ch\/?page_id=2577\">13. Tag &#8211; Bis Budapest<\/a><br><a href=\"https:\/\/reisen.dipas.ch\/?page_id=2581\">14. Tag &#8211; Budapest, bis Neusiedler See<\/a><br>15. Tag &#8211; Nach Hause<\/p>\n","protected":false},"excerpt":{"rendered":"<p>Mit meinem PW fuhr ich in zwei Tagen nach Timi\u0219oara in Rum\u00e4nien und holte dort am Flughafen Corinna, meine Freundin aus der Studienzeit an der<\/p>\n<p><a href=\"https:\/\/reisen.dipas.ch\/?page_id=2233\" class=\"more-link\">Continue reading<span class=\"screen-reader-text\">Rum\u00e4nien 2014<\/span><\/a><\/p>\n","protected":false},"author":1,"featured_media":0,"parent":0,"menu_order":0,"comment_status":"closed","ping_status":"closed","template":"","meta":{"ngg_post_thumbnail":0,"footnotes":""},"class_list":["post-2233","page","type-page","status-publish","hentry"],"_links":{"self":[{"href":"https:\/\/reisen.dipas.ch\/index.php?rest_route=\/wp\/v2\/pages\/2233","targetHints":{"allow":["GET"]}}],"collection":[{"href":"https:\/\/reisen.dipas.ch\/index.php?rest_route=\/wp\/v2\/pages"}],"about":[{"href":"https:\/\/reisen.dipas.ch\/index.php?rest_route=\/wp\/v2\/types\/page"}],"author":[{"embeddable":true,"href":"https:\/\/reisen.dipas.ch\/index.php?rest_route=\/wp\/v2\/users\/1"}],"replies":[{"embeddable":true,"href":"https:\/\/reisen.dipas.ch\/index.php?rest_route=%2Fwp%2Fv2%2Fcomments&post=2233"}],"version-history":[{"count":20,"href":"https:\/\/reisen.dipas.ch\/index.php?rest_route=\/wp\/v2\/pages\/2233\/revisions"}],"predecessor-version":[{"id":2590,"href":"https:\/\/reisen.dipas.ch\/index.php?rest_route=\/wp\/v2\/pages\/2233\/revisions\/2590"}],"wp:attachment":[{"href":"https:\/\/reisen.dipas.ch\/index.php?rest_route=%2Fwp%2Fv2%2Fmedia&parent=2233"}],"curies":[{"name":"wp","href":"https:\/\/api.w.org\/{rel}","templated":true}]}}