{"id":21,"date":"2018-08-13T20:07:31","date_gmt":"2018-08-13T20:07:31","guid":{"rendered":"http:\/\/reisen.dipas.ch\/?page_id=21"},"modified":"2021-01-23T15:01:31","modified_gmt":"2021-01-23T14:01:31","slug":"england-2017","status":"publish","type":"page","link":"https:\/\/reisen.dipas.ch\/?page_id=21","title":{"rendered":"England 2017"},"content":{"rendered":"\n<p>Die erste Reise mit meinem Offroader &#8211; der Giraffe, einem Toyota Landcruiser HZJ78 von 2001. F\u00fcr die teilweise engen Strassen ein ideales Fahrzeug.<br>Devon und Cornwall in zwei Wochen ist sch\u00f6n aber es sind auch viele Kilometer &#8211; unser Fazit, bei einer n\u00e4chsten Reise sicher weniger weit, daf\u00fcr jeweils einige Tage an einem Ort.<br>Ich war bisher noch nie in England und war beeindruckt von der Sch\u00f6nheit der Natur, der Freundlichkeit und Hilfsbereitschaft, den Sehensw\u00fcrdigkeiten.<\/p>\n\n\n\n<p>Vom 13. Mai 2017 bis 29. Mai 2017<\/p>\n\n\n\n<div class=\"wp-block-interactive-geo-maps-display-map\"><div class=\"map_wrapper\" id=\"map_wrapper_2596\">\n<div class=\"map_box\" style=\"max-width:2200px\">\n<div class=\"map_aspect_ratio\" style=\"padding-top:56%\" data-padding-top=\"56%\" data-padding-top-mobile=\"\">\n<div class=\"map_container\">\n<div class=\"map_render map_loading\" id=\"map_2596\"><\/div>\n<\/div>\n<\/div>\n<\/div>\n<\/div><\/div>\n\n\n\n<p>1. Tag &#8211; Nach Dover<br>2. Tag &#8211; Nach Exeter<br>3. Tag &#8211; <br>4. Tag &#8211;<br>5. Tag &#8211;<br>6. Tag &#8211;<br>7. Tag &#8211;<br>8. Tag &#8211;<br>9. Tag &#8211;<br>10. Tag &#8211;<br>11. Tag &#8211;<br>12. Tag &#8211;<br>13. Tag &#8211;<br>14. Tag &#8211;<br>15. Tag &#8211;<br>16. Tag &#8211; <br>17. Tag &#8211; Nach Hause<br><\/p>\n","protected":false},"excerpt":{"rendered":"<p>Die erste Reise mit meinem Offroader &#8211; der Giraffe, einem Toyota Landcruiser HZJ78 von 2001. F\u00fcr die teilweise engen Strassen ein ideales Fahrzeug.Devon und Cornwall<\/p>\n<p><a href=\"https:\/\/reisen.dipas.ch\/?page_id=21\" class=\"more-link\">Continue reading<span class=\"screen-reader-text\">England 2017<\/span><\/a><\/p>\n","protected":false},"author":1,"featured_media":0,"parent":0,"menu_order":0,"comment_status":"closed","ping_status":"closed","template":"","meta":{"ngg_post_thumbnail":0,"footnotes":""},"class_list":["post-21","page","type-page","status-publish","hentry"],"_links":{"self":[{"href":"https:\/\/reisen.dipas.ch\/index.php?rest_route=\/wp\/v2\/pages\/21","targetHints":{"allow":["GET"]}}],"collection":[{"href":"https:\/\/reisen.dipas.ch\/index.php?rest_route=\/wp\/v2\/pages"}],"about":[{"href":"https:\/\/reisen.dipas.ch\/index.php?rest_route=\/wp\/v2\/types\/page"}],"author":[{"embeddable":true,"href":"https:\/\/reisen.dipas.ch\/index.php?rest_route=\/wp\/v2\/users\/1"}],"replies":[{"embeddable":true,"href":"https:\/\/reisen.dipas.ch\/index.php?rest_route=%2Fwp%2Fv2%2Fcomments&post=21"}],"version-history":[{"count":4,"href":"https:\/\/reisen.dipas.ch\/index.php?rest_route=\/wp\/v2\/pages\/21\/revisions"}],"predecessor-version":[{"id":3393,"href":"https:\/\/reisen.dipas.ch\/index.php?rest_route=\/wp\/v2\/pages\/21\/revisions\/3393"}],"wp:attachment":[{"href":"https:\/\/reisen.dipas.ch\/index.php?rest_route=%2Fwp%2Fv2%2Fmedia&parent=21"}],"curies":[{"name":"wp","href":"https:\/\/api.w.org\/{rel}","templated":true}]}}