{"id":1863,"date":"2019-10-24T07:00:19","date_gmt":"2019-10-24T06:00:19","guid":{"rendered":"http:\/\/reisen.dipas.ch\/?page_id=1863"},"modified":"2021-01-27T20:28:39","modified_gmt":"2021-01-27T19:28:39","slug":"peru-2019-20-tag-donnerstag-17-oktober","status":"publish","type":"page","link":"https:\/\/reisen.dipas.ch\/?page_id=1863","title":{"rendered":"Peru 2019, 20. Tag, Donnerstag 17. Oktober"},"content":{"rendered":"\n<p><a href=\"https:\/\/reisen.dipas.ch\/?page_id=1861\">Zur\u00fcck zum 19. Tag.<\/a><\/p>\n\n\n\n<p>Fr\u00fch morgens Bootsfahrt zur Salzleckstelle der Papageien, danach Fr\u00fchst\u00fcck aus der T\u00fcte und Fahrt zu Lodge, etwas Zeit zum Ausruhen.<br>Nachmittags einen weiteren Rundgang durch Wald und Anpflanzungen rund um die Lodge.<br>Abends mit dem Boot zur Kaiman Beobachtung.<\/p>\n\n\n\n<figure class=\"wp-block-image size-full\"><img loading=\"lazy\" decoding=\"async\" width=\"1680\" height=\"1120\" src=\"https:\/\/reisen.dipas.ch\/wp-content\/uploads\/2021\/01\/Peru_20191017_0532_1556.jpg\" alt=\"\" class=\"wp-image-3628\" srcset=\"https:\/\/reisen.dipas.ch\/wp-content\/uploads\/2021\/01\/Peru_20191017_0532_1556.jpg 1680w, https:\/\/reisen.dipas.ch\/wp-content\/uploads\/2021\/01\/Peru_20191017_0532_1556-700x467.jpg 700w, https:\/\/reisen.dipas.ch\/wp-content\/uploads\/2021\/01\/Peru_20191017_0532_1556-168x112.jpg 168w, https:\/\/reisen.dipas.ch\/wp-content\/uploads\/2021\/01\/Peru_20191017_0532_1556-768x512.jpg 768w, https:\/\/reisen.dipas.ch\/wp-content\/uploads\/2021\/01\/Peru_20191017_0532_1556-1536x1024.jpg 1536w\" sizes=\"auto, (max-width: 1680px) 100vw, 1680px\" \/><figcaption>Die grosse Salzleckstelle ist voller Papageien. Ein riesiger L\u00e4rm. Die Distanz zu den V\u00f6geln ist 200-300m also brauch man ein Fernrohr oder ein Objektiv mit grosser Brennweite. Ohne Stativ eine Herausforderung aber es die Aufnahmen sind recht passabel.<\/figcaption><\/figure>\n\n\n\n<figure class=\"wp-block-image size-full\"><img loading=\"lazy\" decoding=\"async\" width=\"1680\" height=\"1120\" src=\"https:\/\/reisen.dipas.ch\/wp-content\/uploads\/2021\/01\/Peru_20191017_0539_1626.jpg\" alt=\"\" class=\"wp-image-3629\" srcset=\"https:\/\/reisen.dipas.ch\/wp-content\/uploads\/2021\/01\/Peru_20191017_0539_1626.jpg 1680w, https:\/\/reisen.dipas.ch\/wp-content\/uploads\/2021\/01\/Peru_20191017_0539_1626-700x467.jpg 700w, https:\/\/reisen.dipas.ch\/wp-content\/uploads\/2021\/01\/Peru_20191017_0539_1626-168x112.jpg 168w, https:\/\/reisen.dipas.ch\/wp-content\/uploads\/2021\/01\/Peru_20191017_0539_1626-768x512.jpg 768w, https:\/\/reisen.dipas.ch\/wp-content\/uploads\/2021\/01\/Peru_20191017_0539_1626-1536x1024.jpg 1536w\" sizes=\"auto, (max-width: 1680px) 100vw, 1680px\" \/><\/figure>\n\n\n\n<figure class=\"wp-block-image size-full\"><img loading=\"lazy\" decoding=\"async\" width=\"1680\" height=\"1120\" src=\"https:\/\/reisen.dipas.ch\/wp-content\/uploads\/2021\/01\/Peru_20191017_0545_1770.jpg\" alt=\"\" class=\"wp-image-3630\" srcset=\"https:\/\/reisen.dipas.ch\/wp-content\/uploads\/2021\/01\/Peru_20191017_0545_1770.jpg 1680w, https:\/\/reisen.dipas.ch\/wp-content\/uploads\/2021\/01\/Peru_20191017_0545_1770-700x467.jpg 700w, https:\/\/reisen.dipas.ch\/wp-content\/uploads\/2021\/01\/Peru_20191017_0545_1770-168x112.jpg 168w, https:\/\/reisen.dipas.ch\/wp-content\/uploads\/2021\/01\/Peru_20191017_0545_1770-768x512.jpg 768w, https:\/\/reisen.dipas.ch\/wp-content\/uploads\/2021\/01\/Peru_20191017_0545_1770-1536x1024.jpg 1536w\" sizes=\"auto, (max-width: 1680px) 100vw, 1680px\" \/><\/figure>\n\n\n\n<figure class=\"wp-block-image size-full\"><img loading=\"lazy\" decoding=\"async\" width=\"1680\" height=\"1120\" src=\"https:\/\/reisen.dipas.ch\/wp-content\/uploads\/2021\/01\/Peru_20191017_0548_1807.jpg\" alt=\"\" class=\"wp-image-3631\" srcset=\"https:\/\/reisen.dipas.ch\/wp-content\/uploads\/2021\/01\/Peru_20191017_0548_1807.jpg 1680w, https:\/\/reisen.dipas.ch\/wp-content\/uploads\/2021\/01\/Peru_20191017_0548_1807-700x467.jpg 700w, https:\/\/reisen.dipas.ch\/wp-content\/uploads\/2021\/01\/Peru_20191017_0548_1807-168x112.jpg 168w, https:\/\/reisen.dipas.ch\/wp-content\/uploads\/2021\/01\/Peru_20191017_0548_1807-768x512.jpg 768w, https:\/\/reisen.dipas.ch\/wp-content\/uploads\/2021\/01\/Peru_20191017_0548_1807-1536x1024.jpg 1536w\" sizes=\"auto, (max-width: 1680px) 100vw, 1680px\" \/><figcaption>Auch mit grossem Objektiv freih\u00e4ndig fotografiert. <\/figcaption><\/figure>\n\n\n\n<figure class=\"wp-block-image size-full\"><img loading=\"lazy\" decoding=\"async\" width=\"1680\" height=\"1120\" src=\"https:\/\/reisen.dipas.ch\/wp-content\/uploads\/2021\/01\/Peru_20191017_0548_1810.jpg\" alt=\"\" class=\"wp-image-3632\" srcset=\"https:\/\/reisen.dipas.ch\/wp-content\/uploads\/2021\/01\/Peru_20191017_0548_1810.jpg 1680w, https:\/\/reisen.dipas.ch\/wp-content\/uploads\/2021\/01\/Peru_20191017_0548_1810-700x467.jpg 700w, https:\/\/reisen.dipas.ch\/wp-content\/uploads\/2021\/01\/Peru_20191017_0548_1810-168x112.jpg 168w, https:\/\/reisen.dipas.ch\/wp-content\/uploads\/2021\/01\/Peru_20191017_0548_1810-768x512.jpg 768w, https:\/\/reisen.dipas.ch\/wp-content\/uploads\/2021\/01\/Peru_20191017_0548_1810-1536x1024.jpg 1536w\" sizes=\"auto, (max-width: 1680px) 100vw, 1680px\" \/><\/figure>\n\n\n\n<figure class=\"wp-block-image size-full\"><img loading=\"lazy\" decoding=\"async\" width=\"1680\" height=\"1120\" src=\"https:\/\/reisen.dipas.ch\/wp-content\/uploads\/2021\/01\/Peru_20191017_0716_1831.jpg\" alt=\"\" class=\"wp-image-3633\" srcset=\"https:\/\/reisen.dipas.ch\/wp-content\/uploads\/2021\/01\/Peru_20191017_0716_1831.jpg 1680w, https:\/\/reisen.dipas.ch\/wp-content\/uploads\/2021\/01\/Peru_20191017_0716_1831-700x467.jpg 700w, https:\/\/reisen.dipas.ch\/wp-content\/uploads\/2021\/01\/Peru_20191017_0716_1831-168x112.jpg 168w, https:\/\/reisen.dipas.ch\/wp-content\/uploads\/2021\/01\/Peru_20191017_0716_1831-768x512.jpg 768w, https:\/\/reisen.dipas.ch\/wp-content\/uploads\/2021\/01\/Peru_20191017_0716_1831-1536x1024.jpg 1536w\" sizes=\"auto, (max-width: 1680px) 100vw, 1680px\" \/><\/figure>\n\n\n\n<figure class=\"wp-block-image size-full\"><img loading=\"lazy\" decoding=\"async\" width=\"1680\" height=\"1120\" src=\"https:\/\/reisen.dipas.ch\/wp-content\/uploads\/2021\/01\/Peru_20191017_0725_1834.jpg\" alt=\"\" class=\"wp-image-3634\" srcset=\"https:\/\/reisen.dipas.ch\/wp-content\/uploads\/2021\/01\/Peru_20191017_0725_1834.jpg 1680w, https:\/\/reisen.dipas.ch\/wp-content\/uploads\/2021\/01\/Peru_20191017_0725_1834-700x467.jpg 700w, https:\/\/reisen.dipas.ch\/wp-content\/uploads\/2021\/01\/Peru_20191017_0725_1834-168x112.jpg 168w, https:\/\/reisen.dipas.ch\/wp-content\/uploads\/2021\/01\/Peru_20191017_0725_1834-768x512.jpg 768w, https:\/\/reisen.dipas.ch\/wp-content\/uploads\/2021\/01\/Peru_20191017_0725_1834-1536x1024.jpg 1536w\" sizes=\"auto, (max-width: 1680px) 100vw, 1680px\" \/><\/figure>\n\n\n\n<figure class=\"wp-block-image size-full\"><img loading=\"lazy\" decoding=\"async\" width=\"1680\" height=\"1120\" src=\"https:\/\/reisen.dipas.ch\/wp-content\/uploads\/2021\/01\/Peru_20191017_0759_2007.jpg\" alt=\"\" class=\"wp-image-3635\" srcset=\"https:\/\/reisen.dipas.ch\/wp-content\/uploads\/2021\/01\/Peru_20191017_0759_2007.jpg 1680w, https:\/\/reisen.dipas.ch\/wp-content\/uploads\/2021\/01\/Peru_20191017_0759_2007-700x467.jpg 700w, https:\/\/reisen.dipas.ch\/wp-content\/uploads\/2021\/01\/Peru_20191017_0759_2007-168x112.jpg 168w, https:\/\/reisen.dipas.ch\/wp-content\/uploads\/2021\/01\/Peru_20191017_0759_2007-768x512.jpg 768w, https:\/\/reisen.dipas.ch\/wp-content\/uploads\/2021\/01\/Peru_20191017_0759_2007-1536x1024.jpg 1536w\" sizes=\"auto, (max-width: 1680px) 100vw, 1680px\" \/><\/figure>\n\n\n\n<figure class=\"wp-block-image size-full\"><img loading=\"lazy\" decoding=\"async\" width=\"1120\" height=\"1680\" src=\"https:\/\/reisen.dipas.ch\/wp-content\/uploads\/2021\/01\/Peru_20191017_0801_2030.jpg\" alt=\"\" class=\"wp-image-3636\" srcset=\"https:\/\/reisen.dipas.ch\/wp-content\/uploads\/2021\/01\/Peru_20191017_0801_2030.jpg 1120w, https:\/\/reisen.dipas.ch\/wp-content\/uploads\/2021\/01\/Peru_20191017_0801_2030-350x525.jpg 350w, https:\/\/reisen.dipas.ch\/wp-content\/uploads\/2021\/01\/Peru_20191017_0801_2030-747x1120.jpg 747w, https:\/\/reisen.dipas.ch\/wp-content\/uploads\/2021\/01\/Peru_20191017_0801_2030-768x1152.jpg 768w, https:\/\/reisen.dipas.ch\/wp-content\/uploads\/2021\/01\/Peru_20191017_0801_2030-1024x1536.jpg 1024w\" sizes=\"auto, (max-width: 1120px) 100vw, 1120px\" \/><figcaption>Dieses Affenweibchen war so besch\u00e4ftigt, dass es uns nicht wahrnahm. Es schaute nie zu uns.<\/figcaption><\/figure>\n\n\n\n<figure class=\"wp-block-image size-full\"><img loading=\"lazy\" decoding=\"async\" width=\"1680\" height=\"1120\" src=\"https:\/\/reisen.dipas.ch\/wp-content\/uploads\/2021\/01\/Peru_20191017_0810_2096.jpg\" alt=\"\" class=\"wp-image-3637\" srcset=\"https:\/\/reisen.dipas.ch\/wp-content\/uploads\/2021\/01\/Peru_20191017_0810_2096.jpg 1680w, https:\/\/reisen.dipas.ch\/wp-content\/uploads\/2021\/01\/Peru_20191017_0810_2096-700x467.jpg 700w, https:\/\/reisen.dipas.ch\/wp-content\/uploads\/2021\/01\/Peru_20191017_0810_2096-168x112.jpg 168w, https:\/\/reisen.dipas.ch\/wp-content\/uploads\/2021\/01\/Peru_20191017_0810_2096-768x512.jpg 768w, https:\/\/reisen.dipas.ch\/wp-content\/uploads\/2021\/01\/Peru_20191017_0810_2096-1536x1024.jpg 1536w\" sizes=\"auto, (max-width: 1680px) 100vw, 1680px\" \/><\/figure>\n\n\n\n<figure class=\"wp-block-image size-full\"><img loading=\"lazy\" decoding=\"async\" width=\"1680\" height=\"1120\" src=\"https:\/\/reisen.dipas.ch\/wp-content\/uploads\/2021\/01\/Peru_20191017_0815_2134.jpg\" alt=\"\" class=\"wp-image-3638\" srcset=\"https:\/\/reisen.dipas.ch\/wp-content\/uploads\/2021\/01\/Peru_20191017_0815_2134.jpg 1680w, https:\/\/reisen.dipas.ch\/wp-content\/uploads\/2021\/01\/Peru_20191017_0815_2134-700x467.jpg 700w, https:\/\/reisen.dipas.ch\/wp-content\/uploads\/2021\/01\/Peru_20191017_0815_2134-168x112.jpg 168w, https:\/\/reisen.dipas.ch\/wp-content\/uploads\/2021\/01\/Peru_20191017_0815_2134-768x512.jpg 768w, https:\/\/reisen.dipas.ch\/wp-content\/uploads\/2021\/01\/Peru_20191017_0815_2134-1536x1024.jpg 1536w\" sizes=\"auto, (max-width: 1680px) 100vw, 1680px\" \/><\/figure>\n\n\n\n<figure class=\"wp-block-image size-full\"><img loading=\"lazy\" decoding=\"async\" width=\"1680\" height=\"1120\" src=\"https:\/\/reisen.dipas.ch\/wp-content\/uploads\/2021\/01\/Peru_20191017_0819_2138.jpg\" alt=\"\" class=\"wp-image-3639\" srcset=\"https:\/\/reisen.dipas.ch\/wp-content\/uploads\/2021\/01\/Peru_20191017_0819_2138.jpg 1680w, https:\/\/reisen.dipas.ch\/wp-content\/uploads\/2021\/01\/Peru_20191017_0819_2138-700x467.jpg 700w, https:\/\/reisen.dipas.ch\/wp-content\/uploads\/2021\/01\/Peru_20191017_0819_2138-168x112.jpg 168w, https:\/\/reisen.dipas.ch\/wp-content\/uploads\/2021\/01\/Peru_20191017_0819_2138-768x512.jpg 768w, https:\/\/reisen.dipas.ch\/wp-content\/uploads\/2021\/01\/Peru_20191017_0819_2138-1536x1024.jpg 1536w\" sizes=\"auto, (max-width: 1680px) 100vw, 1680px\" \/><\/figure>\n\n\n\n<figure class=\"wp-block-image size-full\"><img loading=\"lazy\" decoding=\"async\" width=\"1120\" height=\"1680\" src=\"https:\/\/reisen.dipas.ch\/wp-content\/uploads\/2021\/01\/Peru_20191017_1108_2160.jpg\" alt=\"\" class=\"wp-image-3640\" srcset=\"https:\/\/reisen.dipas.ch\/wp-content\/uploads\/2021\/01\/Peru_20191017_1108_2160.jpg 1120w, https:\/\/reisen.dipas.ch\/wp-content\/uploads\/2021\/01\/Peru_20191017_1108_2160-350x525.jpg 350w, https:\/\/reisen.dipas.ch\/wp-content\/uploads\/2021\/01\/Peru_20191017_1108_2160-747x1120.jpg 747w, https:\/\/reisen.dipas.ch\/wp-content\/uploads\/2021\/01\/Peru_20191017_1108_2160-768x1152.jpg 768w, https:\/\/reisen.dipas.ch\/wp-content\/uploads\/2021\/01\/Peru_20191017_1108_2160-1024x1536.jpg 1024w\" sizes=\"auto, (max-width: 1120px) 100vw, 1120px\" \/><\/figure>\n\n\n\n<figure class=\"wp-block-image size-full\"><img loading=\"lazy\" decoding=\"async\" width=\"1680\" height=\"1120\" src=\"https:\/\/reisen.dipas.ch\/wp-content\/uploads\/2021\/01\/Peru_20191017_1120_2165.jpg\" alt=\"\" class=\"wp-image-3641\" srcset=\"https:\/\/reisen.dipas.ch\/wp-content\/uploads\/2021\/01\/Peru_20191017_1120_2165.jpg 1680w, https:\/\/reisen.dipas.ch\/wp-content\/uploads\/2021\/01\/Peru_20191017_1120_2165-700x467.jpg 700w, https:\/\/reisen.dipas.ch\/wp-content\/uploads\/2021\/01\/Peru_20191017_1120_2165-168x112.jpg 168w, https:\/\/reisen.dipas.ch\/wp-content\/uploads\/2021\/01\/Peru_20191017_1120_2165-768x512.jpg 768w, https:\/\/reisen.dipas.ch\/wp-content\/uploads\/2021\/01\/Peru_20191017_1120_2165-1536x1024.jpg 1536w\" sizes=\"auto, (max-width: 1680px) 100vw, 1680px\" \/><\/figure>\n\n\n\n<figure class=\"wp-block-image size-full\"><img loading=\"lazy\" decoding=\"async\" width=\"1120\" height=\"1680\" src=\"https:\/\/reisen.dipas.ch\/wp-content\/uploads\/2021\/01\/Peru_20191017_1355_2177.jpg\" alt=\"\" class=\"wp-image-3642\" srcset=\"https:\/\/reisen.dipas.ch\/wp-content\/uploads\/2021\/01\/Peru_20191017_1355_2177.jpg 1120w, https:\/\/reisen.dipas.ch\/wp-content\/uploads\/2021\/01\/Peru_20191017_1355_2177-350x525.jpg 350w, https:\/\/reisen.dipas.ch\/wp-content\/uploads\/2021\/01\/Peru_20191017_1355_2177-747x1120.jpg 747w, https:\/\/reisen.dipas.ch\/wp-content\/uploads\/2021\/01\/Peru_20191017_1355_2177-768x1152.jpg 768w, https:\/\/reisen.dipas.ch\/wp-content\/uploads\/2021\/01\/Peru_20191017_1355_2177-1024x1536.jpg 1024w\" sizes=\"auto, (max-width: 1120px) 100vw, 1120px\" \/><figcaption>Die brauchen keine Nadel, nur die Halme, ihren Schnabel und das Geschick die Halme so einzuflechten dass das Nest auch bei Wind  und Regen h\u00e4lt.<\/figcaption><\/figure>\n\n\n\n<figure class=\"wp-block-image size-full\"><img loading=\"lazy\" decoding=\"async\" width=\"1680\" height=\"2520\" src=\"https:\/\/reisen.dipas.ch\/wp-content\/uploads\/2021\/01\/Peru_20191017_1426_2187.jpg\" alt=\"\" class=\"wp-image-3643\" srcset=\"https:\/\/reisen.dipas.ch\/wp-content\/uploads\/2021\/01\/Peru_20191017_1426_2187.jpg 1680w, https:\/\/reisen.dipas.ch\/wp-content\/uploads\/2021\/01\/Peru_20191017_1426_2187-350x525.jpg 350w, https:\/\/reisen.dipas.ch\/wp-content\/uploads\/2021\/01\/Peru_20191017_1426_2187-747x1120.jpg 747w, https:\/\/reisen.dipas.ch\/wp-content\/uploads\/2021\/01\/Peru_20191017_1426_2187-768x1152.jpg 768w, https:\/\/reisen.dipas.ch\/wp-content\/uploads\/2021\/01\/Peru_20191017_1426_2187-1024x1536.jpg 1024w, https:\/\/reisen.dipas.ch\/wp-content\/uploads\/2021\/01\/Peru_20191017_1426_2187-1365x2048.jpg 1365w\" sizes=\"auto, (max-width: 1680px) 100vw, 1680px\" \/><\/figure>\n\n\n\n<figure class=\"wp-block-image size-full\"><img loading=\"lazy\" decoding=\"async\" width=\"1120\" height=\"1680\" src=\"https:\/\/reisen.dipas.ch\/wp-content\/uploads\/2021\/01\/Peru_20191017_1431_2189.jpg\" alt=\"\" class=\"wp-image-3644\" srcset=\"https:\/\/reisen.dipas.ch\/wp-content\/uploads\/2021\/01\/Peru_20191017_1431_2189.jpg 1120w, https:\/\/reisen.dipas.ch\/wp-content\/uploads\/2021\/01\/Peru_20191017_1431_2189-350x525.jpg 350w, https:\/\/reisen.dipas.ch\/wp-content\/uploads\/2021\/01\/Peru_20191017_1431_2189-747x1120.jpg 747w, https:\/\/reisen.dipas.ch\/wp-content\/uploads\/2021\/01\/Peru_20191017_1431_2189-768x1152.jpg 768w, https:\/\/reisen.dipas.ch\/wp-content\/uploads\/2021\/01\/Peru_20191017_1431_2189-1024x1536.jpg 1024w\" sizes=\"auto, (max-width: 1120px) 100vw, 1120px\" \/><\/figure>\n\n\n\n<figure class=\"wp-block-image size-full\"><img loading=\"lazy\" decoding=\"async\" width=\"1680\" height=\"1120\" src=\"https:\/\/reisen.dipas.ch\/wp-content\/uploads\/2021\/01\/Peru_20191017_1438_2190.jpg\" alt=\"\" class=\"wp-image-3645\" srcset=\"https:\/\/reisen.dipas.ch\/wp-content\/uploads\/2021\/01\/Peru_20191017_1438_2190.jpg 1680w, https:\/\/reisen.dipas.ch\/wp-content\/uploads\/2021\/01\/Peru_20191017_1438_2190-700x467.jpg 700w, https:\/\/reisen.dipas.ch\/wp-content\/uploads\/2021\/01\/Peru_20191017_1438_2190-168x112.jpg 168w, https:\/\/reisen.dipas.ch\/wp-content\/uploads\/2021\/01\/Peru_20191017_1438_2190-768x512.jpg 768w, https:\/\/reisen.dipas.ch\/wp-content\/uploads\/2021\/01\/Peru_20191017_1438_2190-1536x1024.jpg 1536w\" sizes=\"auto, (max-width: 1680px) 100vw, 1680px\" \/><\/figure>\n\n\n\n<figure class=\"wp-block-image size-full\"><img loading=\"lazy\" decoding=\"async\" width=\"1120\" height=\"1680\" src=\"https:\/\/reisen.dipas.ch\/wp-content\/uploads\/2021\/01\/Peru_20191017_1517_2202.jpg\" alt=\"\" class=\"wp-image-3646\" srcset=\"https:\/\/reisen.dipas.ch\/wp-content\/uploads\/2021\/01\/Peru_20191017_1517_2202.jpg 1120w, https:\/\/reisen.dipas.ch\/wp-content\/uploads\/2021\/01\/Peru_20191017_1517_2202-350x525.jpg 350w, https:\/\/reisen.dipas.ch\/wp-content\/uploads\/2021\/01\/Peru_20191017_1517_2202-747x1120.jpg 747w, https:\/\/reisen.dipas.ch\/wp-content\/uploads\/2021\/01\/Peru_20191017_1517_2202-768x1152.jpg 768w, https:\/\/reisen.dipas.ch\/wp-content\/uploads\/2021\/01\/Peru_20191017_1517_2202-1024x1536.jpg 1024w\" sizes=\"auto, (max-width: 1120px) 100vw, 1120px\" \/><\/figure>\n\n\n\n<figure class=\"wp-block-image size-full\"><img loading=\"lazy\" decoding=\"async\" width=\"1680\" height=\"1120\" src=\"https:\/\/reisen.dipas.ch\/wp-content\/uploads\/2021\/01\/Peru_20191017_1525_2207.jpg\" alt=\"\" class=\"wp-image-3647\" srcset=\"https:\/\/reisen.dipas.ch\/wp-content\/uploads\/2021\/01\/Peru_20191017_1525_2207.jpg 1680w, https:\/\/reisen.dipas.ch\/wp-content\/uploads\/2021\/01\/Peru_20191017_1525_2207-700x467.jpg 700w, https:\/\/reisen.dipas.ch\/wp-content\/uploads\/2021\/01\/Peru_20191017_1525_2207-168x112.jpg 168w, https:\/\/reisen.dipas.ch\/wp-content\/uploads\/2021\/01\/Peru_20191017_1525_2207-768x512.jpg 768w, https:\/\/reisen.dipas.ch\/wp-content\/uploads\/2021\/01\/Peru_20191017_1525_2207-1536x1024.jpg 1536w\" sizes=\"auto, (max-width: 1680px) 100vw, 1680px\" \/><\/figure>\n\n\n\n<figure class=\"wp-block-image size-full\"><img loading=\"lazy\" decoding=\"async\" width=\"1120\" height=\"1680\" src=\"https:\/\/reisen.dipas.ch\/wp-content\/uploads\/2021\/01\/Peru_20191017_1528_2220.jpg\" alt=\"\" class=\"wp-image-3649\" srcset=\"https:\/\/reisen.dipas.ch\/wp-content\/uploads\/2021\/01\/Peru_20191017_1528_2220.jpg 1120w, https:\/\/reisen.dipas.ch\/wp-content\/uploads\/2021\/01\/Peru_20191017_1528_2220-350x525.jpg 350w, https:\/\/reisen.dipas.ch\/wp-content\/uploads\/2021\/01\/Peru_20191017_1528_2220-747x1120.jpg 747w, https:\/\/reisen.dipas.ch\/wp-content\/uploads\/2021\/01\/Peru_20191017_1528_2220-768x1152.jpg 768w, https:\/\/reisen.dipas.ch\/wp-content\/uploads\/2021\/01\/Peru_20191017_1528_2220-1024x1536.jpg 1024w\" sizes=\"auto, (max-width: 1120px) 100vw, 1120px\" \/><figcaption>Kakaobaum.<\/figcaption><\/figure>\n\n\n\n<figure class=\"wp-block-image size-full\"><img loading=\"lazy\" decoding=\"async\" width=\"1680\" height=\"1120\" src=\"https:\/\/reisen.dipas.ch\/wp-content\/uploads\/2021\/01\/Peru_20191017_1528_2221.jpg\" alt=\"\" class=\"wp-image-3650\" srcset=\"https:\/\/reisen.dipas.ch\/wp-content\/uploads\/2021\/01\/Peru_20191017_1528_2221.jpg 1680w, https:\/\/reisen.dipas.ch\/wp-content\/uploads\/2021\/01\/Peru_20191017_1528_2221-700x467.jpg 700w, https:\/\/reisen.dipas.ch\/wp-content\/uploads\/2021\/01\/Peru_20191017_1528_2221-168x112.jpg 168w, https:\/\/reisen.dipas.ch\/wp-content\/uploads\/2021\/01\/Peru_20191017_1528_2221-768x512.jpg 768w, https:\/\/reisen.dipas.ch\/wp-content\/uploads\/2021\/01\/Peru_20191017_1528_2221-1536x1024.jpg 1536w\" sizes=\"auto, (max-width: 1680px) 100vw, 1680px\" \/><\/figure>\n\n\n\n<figure class=\"wp-block-image size-full\"><img loading=\"lazy\" decoding=\"async\" width=\"1680\" height=\"1120\" src=\"https:\/\/reisen.dipas.ch\/wp-content\/uploads\/2021\/01\/Peru_20191017_1606_2259.jpg\" alt=\"\" class=\"wp-image-3651\" srcset=\"https:\/\/reisen.dipas.ch\/wp-content\/uploads\/2021\/01\/Peru_20191017_1606_2259.jpg 1680w, https:\/\/reisen.dipas.ch\/wp-content\/uploads\/2021\/01\/Peru_20191017_1606_2259-700x467.jpg 700w, https:\/\/reisen.dipas.ch\/wp-content\/uploads\/2021\/01\/Peru_20191017_1606_2259-168x112.jpg 168w, https:\/\/reisen.dipas.ch\/wp-content\/uploads\/2021\/01\/Peru_20191017_1606_2259-768x512.jpg 768w, https:\/\/reisen.dipas.ch\/wp-content\/uploads\/2021\/01\/Peru_20191017_1606_2259-1536x1024.jpg 1536w\" sizes=\"auto, (max-width: 1680px) 100vw, 1680px\" \/><\/figure>\n\n\n\n<figure class=\"wp-block-image size-full\"><img loading=\"lazy\" decoding=\"async\" width=\"1680\" height=\"1120\" src=\"https:\/\/reisen.dipas.ch\/wp-content\/uploads\/2021\/01\/Peru_20191017_1646_2283.jpg\" alt=\"\" class=\"wp-image-3652\" srcset=\"https:\/\/reisen.dipas.ch\/wp-content\/uploads\/2021\/01\/Peru_20191017_1646_2283.jpg 1680w, https:\/\/reisen.dipas.ch\/wp-content\/uploads\/2021\/01\/Peru_20191017_1646_2283-700x467.jpg 700w, https:\/\/reisen.dipas.ch\/wp-content\/uploads\/2021\/01\/Peru_20191017_1646_2283-168x112.jpg 168w, https:\/\/reisen.dipas.ch\/wp-content\/uploads\/2021\/01\/Peru_20191017_1646_2283-768x512.jpg 768w, https:\/\/reisen.dipas.ch\/wp-content\/uploads\/2021\/01\/Peru_20191017_1646_2283-1536x1024.jpg 1536w\" sizes=\"auto, (max-width: 1680px) 100vw, 1680px\" \/><\/figure>\n\n\n\n<figure class=\"wp-block-image size-full\"><img loading=\"lazy\" decoding=\"async\" width=\"1680\" height=\"1120\" src=\"https:\/\/reisen.dipas.ch\/wp-content\/uploads\/2021\/01\/Peru_20191017_1744_2289.jpg\" alt=\"\" class=\"wp-image-3653\" srcset=\"https:\/\/reisen.dipas.ch\/wp-content\/uploads\/2021\/01\/Peru_20191017_1744_2289.jpg 1680w, https:\/\/reisen.dipas.ch\/wp-content\/uploads\/2021\/01\/Peru_20191017_1744_2289-700x467.jpg 700w, https:\/\/reisen.dipas.ch\/wp-content\/uploads\/2021\/01\/Peru_20191017_1744_2289-168x112.jpg 168w, https:\/\/reisen.dipas.ch\/wp-content\/uploads\/2021\/01\/Peru_20191017_1744_2289-768x512.jpg 768w, https:\/\/reisen.dipas.ch\/wp-content\/uploads\/2021\/01\/Peru_20191017_1744_2289-1536x1024.jpg 1536w\" sizes=\"auto, (max-width: 1680px) 100vw, 1680px\" \/><figcaption>Jungkaymame.<\/figcaption><\/figure>\n\n\n\n<figure class=\"wp-block-image size-full\"><img loading=\"lazy\" decoding=\"async\" width=\"1680\" height=\"1120\" src=\"https:\/\/reisen.dipas.ch\/wp-content\/uploads\/2021\/01\/Peru_20191017_1752_2296.jpg\" alt=\"\" class=\"wp-image-3654\" srcset=\"https:\/\/reisen.dipas.ch\/wp-content\/uploads\/2021\/01\/Peru_20191017_1752_2296.jpg 1680w, https:\/\/reisen.dipas.ch\/wp-content\/uploads\/2021\/01\/Peru_20191017_1752_2296-700x467.jpg 700w, https:\/\/reisen.dipas.ch\/wp-content\/uploads\/2021\/01\/Peru_20191017_1752_2296-168x112.jpg 168w, https:\/\/reisen.dipas.ch\/wp-content\/uploads\/2021\/01\/Peru_20191017_1752_2296-768x512.jpg 768w, https:\/\/reisen.dipas.ch\/wp-content\/uploads\/2021\/01\/Peru_20191017_1752_2296-1536x1024.jpg 1536w\" sizes=\"auto, (max-width: 1680px) 100vw, 1680px\" \/><\/figure>\n\n\n\n<p><a href=\"https:\/\/reisen.dipas.ch\/?page_id=1865\">Weiter zum 21. Tag.<\/a><\/p>\n","protected":false},"excerpt":{"rendered":"<p>Zur\u00fcck zum 19. Tag. Fr\u00fch morgens Bootsfahrt zur Salzleckstelle der Papageien, danach Fr\u00fchst\u00fcck aus der T\u00fcte und Fahrt zu Lodge, etwas Zeit zum Ausruhen.Nachmittags einen<\/p>\n<p><a href=\"https:\/\/reisen.dipas.ch\/?page_id=1863\" class=\"more-link\">Continue reading<span class=\"screen-reader-text\">Peru 2019, 20. Tag, Donnerstag 17. Oktober<\/span><\/a><\/p>\n","protected":false},"author":1,"featured_media":0,"parent":1818,"menu_order":20,"comment_status":"closed","ping_status":"closed","template":"","meta":{"ngg_post_thumbnail":0,"footnotes":""},"class_list":["post-1863","page","type-page","status-publish","hentry"],"_links":{"self":[{"href":"https:\/\/reisen.dipas.ch\/index.php?rest_route=\/wp\/v2\/pages\/1863","targetHints":{"allow":["GET"]}}],"collection":[{"href":"https:\/\/reisen.dipas.ch\/index.php?rest_route=\/wp\/v2\/pages"}],"about":[{"href":"https:\/\/reisen.dipas.ch\/index.php?rest_route=\/wp\/v2\/types\/page"}],"author":[{"embeddable":true,"href":"https:\/\/reisen.dipas.ch\/index.php?rest_route=\/wp\/v2\/users\/1"}],"replies":[{"embeddable":true,"href":"https:\/\/reisen.dipas.ch\/index.php?rest_route=%2Fwp%2Fv2%2Fcomments&post=1863"}],"version-history":[{"count":6,"href":"https:\/\/reisen.dipas.ch\/index.php?rest_route=\/wp\/v2\/pages\/1863\/revisions"}],"predecessor-version":[{"id":3655,"href":"https:\/\/reisen.dipas.ch\/index.php?rest_route=\/wp\/v2\/pages\/1863\/revisions\/3655"}],"up":[{"embeddable":true,"href":"https:\/\/reisen.dipas.ch\/index.php?rest_route=\/wp\/v2\/pages\/1818"}],"wp:attachment":[{"href":"https:\/\/reisen.dipas.ch\/index.php?rest_route=%2Fwp%2Fv2%2Fmedia&parent=1863"}],"curies":[{"name":"wp","href":"https:\/\/api.w.org\/{rel}","templated":true}]}}