{"id":1839,"date":"2019-10-24T06:53:00","date_gmt":"2019-10-24T05:53:00","guid":{"rendered":"http:\/\/reisen.dipas.ch\/?page_id=1839"},"modified":"2021-01-27T21:29:00","modified_gmt":"2021-01-27T20:29:00","slug":"peru-2019-8-tag-samstag-05-oktober","status":"publish","type":"page","link":"https:\/\/reisen.dipas.ch\/?page_id=1839","title":{"rendered":"Peru 2019, 8. Tag, Samstag 05. Oktober"},"content":{"rendered":"\n<p><a href=\"https:\/\/reisen.dipas.ch\/?page_id=1837\">Zur\u00fcck zum 7. Tag.<\/a><\/p>\n\n\n\n<p>Cruz del Condor &#8211; Wanderung und Beobachtungen. Danach eine weitere Wanderung von ca. 10km durch das Colca Tal bis zum Hotel.<\/p>\n\n\n\n<figure class=\"wp-block-image size-full\"><img loading=\"lazy\" decoding=\"async\" width=\"1680\" height=\"1120\" src=\"https:\/\/reisen.dipas.ch\/wp-content\/uploads\/2021\/01\/Peru_20191005_0657_9022.jpg\" alt=\"\" class=\"wp-image-3672\" srcset=\"https:\/\/reisen.dipas.ch\/wp-content\/uploads\/2021\/01\/Peru_20191005_0657_9022.jpg 1680w, https:\/\/reisen.dipas.ch\/wp-content\/uploads\/2021\/01\/Peru_20191005_0657_9022-700x467.jpg 700w, https:\/\/reisen.dipas.ch\/wp-content\/uploads\/2021\/01\/Peru_20191005_0657_9022-168x112.jpg 168w, https:\/\/reisen.dipas.ch\/wp-content\/uploads\/2021\/01\/Peru_20191005_0657_9022-768x512.jpg 768w, https:\/\/reisen.dipas.ch\/wp-content\/uploads\/2021\/01\/Peru_20191005_0657_9022-1536x1024.jpg 1536w\" sizes=\"auto, (max-width: 1680px) 100vw, 1680px\" \/><\/figure>\n\n\n\n<figure class=\"wp-block-image size-full\"><img loading=\"lazy\" decoding=\"async\" width=\"1680\" height=\"1120\" src=\"https:\/\/reisen.dipas.ch\/wp-content\/uploads\/2021\/01\/Peru_20191005_0726_9025.jpg\" alt=\"\" class=\"wp-image-3673\" srcset=\"https:\/\/reisen.dipas.ch\/wp-content\/uploads\/2021\/01\/Peru_20191005_0726_9025.jpg 1680w, https:\/\/reisen.dipas.ch\/wp-content\/uploads\/2021\/01\/Peru_20191005_0726_9025-700x467.jpg 700w, https:\/\/reisen.dipas.ch\/wp-content\/uploads\/2021\/01\/Peru_20191005_0726_9025-168x112.jpg 168w, https:\/\/reisen.dipas.ch\/wp-content\/uploads\/2021\/01\/Peru_20191005_0726_9025-768x512.jpg 768w, https:\/\/reisen.dipas.ch\/wp-content\/uploads\/2021\/01\/Peru_20191005_0726_9025-1536x1024.jpg 1536w\" sizes=\"auto, (max-width: 1680px) 100vw, 1680px\" \/><\/figure>\n\n\n\n<figure class=\"wp-block-image size-full\"><img loading=\"lazy\" decoding=\"async\" width=\"1680\" height=\"1120\" src=\"https:\/\/reisen.dipas.ch\/wp-content\/uploads\/2021\/01\/Peru_20191005_0753_9035.jpg\" alt=\"\" class=\"wp-image-3674\" srcset=\"https:\/\/reisen.dipas.ch\/wp-content\/uploads\/2021\/01\/Peru_20191005_0753_9035.jpg 1680w, https:\/\/reisen.dipas.ch\/wp-content\/uploads\/2021\/01\/Peru_20191005_0753_9035-700x467.jpg 700w, https:\/\/reisen.dipas.ch\/wp-content\/uploads\/2021\/01\/Peru_20191005_0753_9035-168x112.jpg 168w, https:\/\/reisen.dipas.ch\/wp-content\/uploads\/2021\/01\/Peru_20191005_0753_9035-768x512.jpg 768w, https:\/\/reisen.dipas.ch\/wp-content\/uploads\/2021\/01\/Peru_20191005_0753_9035-1536x1024.jpg 1536w\" sizes=\"auto, (max-width: 1680px) 100vw, 1680px\" \/><figcaption>Die Inka habe unendlich viele Terassenfelder angelegt. Davon sind noch etwa 30% in Betrieb.<\/figcaption><\/figure>\n\n\n\n<figure class=\"wp-block-image size-full\"><img loading=\"lazy\" decoding=\"async\" width=\"1680\" height=\"1120\" src=\"https:\/\/reisen.dipas.ch\/wp-content\/uploads\/2021\/01\/Peru_20191005_0850_9051.jpg\" alt=\"\" class=\"wp-image-3675\" srcset=\"https:\/\/reisen.dipas.ch\/wp-content\/uploads\/2021\/01\/Peru_20191005_0850_9051.jpg 1680w, https:\/\/reisen.dipas.ch\/wp-content\/uploads\/2021\/01\/Peru_20191005_0850_9051-700x467.jpg 700w, https:\/\/reisen.dipas.ch\/wp-content\/uploads\/2021\/01\/Peru_20191005_0850_9051-168x112.jpg 168w, https:\/\/reisen.dipas.ch\/wp-content\/uploads\/2021\/01\/Peru_20191005_0850_9051-768x512.jpg 768w, https:\/\/reisen.dipas.ch\/wp-content\/uploads\/2021\/01\/Peru_20191005_0850_9051-1536x1024.jpg 1536w\" sizes=\"auto, (max-width: 1680px) 100vw, 1680px\" \/><figcaption>Der Condor. Gleich fliegt dieser \u00fcber unseren K\u00f6pfen hinweg.<\/figcaption><\/figure>\n\n\n\n<figure class=\"wp-block-image size-full\"><img loading=\"lazy\" decoding=\"async\" width=\"1680\" height=\"1120\" src=\"https:\/\/reisen.dipas.ch\/wp-content\/uploads\/2021\/01\/Peru_20191005_0850_9058.jpg\" alt=\"\" class=\"wp-image-3676\" srcset=\"https:\/\/reisen.dipas.ch\/wp-content\/uploads\/2021\/01\/Peru_20191005_0850_9058.jpg 1680w, https:\/\/reisen.dipas.ch\/wp-content\/uploads\/2021\/01\/Peru_20191005_0850_9058-700x467.jpg 700w, https:\/\/reisen.dipas.ch\/wp-content\/uploads\/2021\/01\/Peru_20191005_0850_9058-168x112.jpg 168w, https:\/\/reisen.dipas.ch\/wp-content\/uploads\/2021\/01\/Peru_20191005_0850_9058-768x512.jpg 768w, https:\/\/reisen.dipas.ch\/wp-content\/uploads\/2021\/01\/Peru_20191005_0850_9058-1536x1024.jpg 1536w\" sizes=\"auto, (max-width: 1680px) 100vw, 1680px\" \/><figcaption>Einen Sch\u00f6nheitswettbewerb  w\u00fcrde diese Geier nicht erhalten. Aber ber\u00fchmt sind die Condore allemal.<\/figcaption><\/figure>\n\n\n\n<figure class=\"wp-block-image size-full\"><img loading=\"lazy\" decoding=\"async\" width=\"1120\" height=\"1680\" src=\"https:\/\/reisen.dipas.ch\/wp-content\/uploads\/2021\/01\/Peru_20191005_0908_9073.jpg\" alt=\"\" class=\"wp-image-3677\" srcset=\"https:\/\/reisen.dipas.ch\/wp-content\/uploads\/2021\/01\/Peru_20191005_0908_9073.jpg 1120w, https:\/\/reisen.dipas.ch\/wp-content\/uploads\/2021\/01\/Peru_20191005_0908_9073-350x525.jpg 350w, https:\/\/reisen.dipas.ch\/wp-content\/uploads\/2021\/01\/Peru_20191005_0908_9073-747x1120.jpg 747w, https:\/\/reisen.dipas.ch\/wp-content\/uploads\/2021\/01\/Peru_20191005_0908_9073-768x1152.jpg 768w, https:\/\/reisen.dipas.ch\/wp-content\/uploads\/2021\/01\/Peru_20191005_0908_9073-1024x1536.jpg 1024w\" sizes=\"auto, (max-width: 1120px) 100vw, 1120px\" \/><figcaption>Und egal in welcher H\u00f6he wir uns befinden, immer wieder sch\u00f6n bl\u00fchende Kakteen.<\/figcaption><\/figure>\n\n\n\n<figure class=\"wp-block-image size-full\"><img loading=\"lazy\" decoding=\"async\" width=\"1120\" height=\"1680\" src=\"https:\/\/reisen.dipas.ch\/wp-content\/uploads\/2021\/01\/Peru_20191005_0915_9085.jpg\" alt=\"\" class=\"wp-image-3678\" srcset=\"https:\/\/reisen.dipas.ch\/wp-content\/uploads\/2021\/01\/Peru_20191005_0915_9085.jpg 1120w, https:\/\/reisen.dipas.ch\/wp-content\/uploads\/2021\/01\/Peru_20191005_0915_9085-350x525.jpg 350w, https:\/\/reisen.dipas.ch\/wp-content\/uploads\/2021\/01\/Peru_20191005_0915_9085-747x1120.jpg 747w, https:\/\/reisen.dipas.ch\/wp-content\/uploads\/2021\/01\/Peru_20191005_0915_9085-768x1152.jpg 768w, https:\/\/reisen.dipas.ch\/wp-content\/uploads\/2021\/01\/Peru_20191005_0915_9085-1024x1536.jpg 1024w\" sizes=\"auto, (max-width: 1120px) 100vw, 1120px\" \/><\/figure>\n\n\n\n<figure class=\"wp-block-image size-full\"><img loading=\"lazy\" decoding=\"async\" width=\"1680\" height=\"1120\" src=\"https:\/\/reisen.dipas.ch\/wp-content\/uploads\/2021\/01\/Peru_20191005_0931_9092.jpg\" alt=\"\" class=\"wp-image-3679\" srcset=\"https:\/\/reisen.dipas.ch\/wp-content\/uploads\/2021\/01\/Peru_20191005_0931_9092.jpg 1680w, https:\/\/reisen.dipas.ch\/wp-content\/uploads\/2021\/01\/Peru_20191005_0931_9092-700x467.jpg 700w, https:\/\/reisen.dipas.ch\/wp-content\/uploads\/2021\/01\/Peru_20191005_0931_9092-168x112.jpg 168w, https:\/\/reisen.dipas.ch\/wp-content\/uploads\/2021\/01\/Peru_20191005_0931_9092-768x512.jpg 768w, https:\/\/reisen.dipas.ch\/wp-content\/uploads\/2021\/01\/Peru_20191005_0931_9092-1536x1024.jpg 1536w\" sizes=\"auto, (max-width: 1680px) 100vw, 1680px\" \/><figcaption>Mit der Canon EOS 80D und dem grossen 400mm  Objektiv freih\u00e4ndig aufgenommen. \ud83d\ude42<\/figcaption><\/figure>\n\n\n\n<figure class=\"wp-block-image size-full\"><img loading=\"lazy\" decoding=\"async\" width=\"1680\" height=\"1120\" src=\"https:\/\/reisen.dipas.ch\/wp-content\/uploads\/2021\/01\/Peru_20191005_0931_9094.jpg\" alt=\"\" class=\"wp-image-3680\" srcset=\"https:\/\/reisen.dipas.ch\/wp-content\/uploads\/2021\/01\/Peru_20191005_0931_9094.jpg 1680w, https:\/\/reisen.dipas.ch\/wp-content\/uploads\/2021\/01\/Peru_20191005_0931_9094-700x467.jpg 700w, https:\/\/reisen.dipas.ch\/wp-content\/uploads\/2021\/01\/Peru_20191005_0931_9094-168x112.jpg 168w, https:\/\/reisen.dipas.ch\/wp-content\/uploads\/2021\/01\/Peru_20191005_0931_9094-768x512.jpg 768w, https:\/\/reisen.dipas.ch\/wp-content\/uploads\/2021\/01\/Peru_20191005_0931_9094-1536x1024.jpg 1536w\" sizes=\"auto, (max-width: 1680px) 100vw, 1680px\" \/><\/figure>\n\n\n\n<figure class=\"wp-block-image size-full\"><img loading=\"lazy\" decoding=\"async\" width=\"1680\" height=\"1120\" src=\"https:\/\/reisen.dipas.ch\/wp-content\/uploads\/2021\/01\/Peru_20191005_0931_9101.jpg\" alt=\"\" class=\"wp-image-3681\" srcset=\"https:\/\/reisen.dipas.ch\/wp-content\/uploads\/2021\/01\/Peru_20191005_0931_9101.jpg 1680w, https:\/\/reisen.dipas.ch\/wp-content\/uploads\/2021\/01\/Peru_20191005_0931_9101-700x467.jpg 700w, https:\/\/reisen.dipas.ch\/wp-content\/uploads\/2021\/01\/Peru_20191005_0931_9101-168x112.jpg 168w, https:\/\/reisen.dipas.ch\/wp-content\/uploads\/2021\/01\/Peru_20191005_0931_9101-768x512.jpg 768w, https:\/\/reisen.dipas.ch\/wp-content\/uploads\/2021\/01\/Peru_20191005_0931_9101-1536x1024.jpg 1536w\" sizes=\"auto, (max-width: 1680px) 100vw, 1680px\" \/><figcaption>Die Federspreizung ist sehr sch\u00f6n zu sehen.<\/figcaption><\/figure>\n\n\n\n<figure class=\"wp-block-image size-full\"><img loading=\"lazy\" decoding=\"async\" width=\"1680\" height=\"1120\" src=\"https:\/\/reisen.dipas.ch\/wp-content\/uploads\/2021\/01\/Peru_20191005_0931_9102.jpg\" alt=\"\" class=\"wp-image-3682\" srcset=\"https:\/\/reisen.dipas.ch\/wp-content\/uploads\/2021\/01\/Peru_20191005_0931_9102.jpg 1680w, https:\/\/reisen.dipas.ch\/wp-content\/uploads\/2021\/01\/Peru_20191005_0931_9102-700x467.jpg 700w, https:\/\/reisen.dipas.ch\/wp-content\/uploads\/2021\/01\/Peru_20191005_0931_9102-168x112.jpg 168w, https:\/\/reisen.dipas.ch\/wp-content\/uploads\/2021\/01\/Peru_20191005_0931_9102-768x512.jpg 768w, https:\/\/reisen.dipas.ch\/wp-content\/uploads\/2021\/01\/Peru_20191005_0931_9102-1536x1024.jpg 1536w\" sizes=\"auto, (max-width: 1680px) 100vw, 1680px\" \/><figcaption>Und nochmals, weil es so sch\u00f6n ist.<\/figcaption><\/figure>\n\n\n\n<figure class=\"wp-block-image size-full\"><img loading=\"lazy\" decoding=\"async\" width=\"1680\" height=\"1120\" src=\"https:\/\/reisen.dipas.ch\/wp-content\/uploads\/2021\/01\/Peru_20191005_0934_9105.jpg\" alt=\"\" class=\"wp-image-3683\" srcset=\"https:\/\/reisen.dipas.ch\/wp-content\/uploads\/2021\/01\/Peru_20191005_0934_9105.jpg 1680w, https:\/\/reisen.dipas.ch\/wp-content\/uploads\/2021\/01\/Peru_20191005_0934_9105-700x467.jpg 700w, https:\/\/reisen.dipas.ch\/wp-content\/uploads\/2021\/01\/Peru_20191005_0934_9105-168x112.jpg 168w, https:\/\/reisen.dipas.ch\/wp-content\/uploads\/2021\/01\/Peru_20191005_0934_9105-768x512.jpg 768w, https:\/\/reisen.dipas.ch\/wp-content\/uploads\/2021\/01\/Peru_20191005_0934_9105-1536x1024.jpg 1536w\" sizes=\"auto, (max-width: 1680px) 100vw, 1680px\" \/><\/figure>\n\n\n\n<figure class=\"wp-block-image size-full\"><img loading=\"lazy\" decoding=\"async\" width=\"1680\" height=\"1120\" src=\"https:\/\/reisen.dipas.ch\/wp-content\/uploads\/2021\/01\/Peru_20191005_0942_9122.jpg\" alt=\"\" class=\"wp-image-3685\" srcset=\"https:\/\/reisen.dipas.ch\/wp-content\/uploads\/2021\/01\/Peru_20191005_0942_9122.jpg 1680w, https:\/\/reisen.dipas.ch\/wp-content\/uploads\/2021\/01\/Peru_20191005_0942_9122-700x467.jpg 700w, https:\/\/reisen.dipas.ch\/wp-content\/uploads\/2021\/01\/Peru_20191005_0942_9122-168x112.jpg 168w, https:\/\/reisen.dipas.ch\/wp-content\/uploads\/2021\/01\/Peru_20191005_0942_9122-768x512.jpg 768w, https:\/\/reisen.dipas.ch\/wp-content\/uploads\/2021\/01\/Peru_20191005_0942_9122-1536x1024.jpg 1536w\" sizes=\"auto, (max-width: 1680px) 100vw, 1680px\" \/><figcaption>Mirador &#8211; wovon?<\/figcaption><\/figure>\n\n\n\n<figure class=\"wp-block-image size-full\"><img loading=\"lazy\" decoding=\"async\" width=\"1680\" height=\"1120\" src=\"https:\/\/reisen.dipas.ch\/wp-content\/uploads\/2021\/01\/Peru_20191005_0948_9135.jpg\" alt=\"\" class=\"wp-image-3686\" srcset=\"https:\/\/reisen.dipas.ch\/wp-content\/uploads\/2021\/01\/Peru_20191005_0948_9135.jpg 1680w, https:\/\/reisen.dipas.ch\/wp-content\/uploads\/2021\/01\/Peru_20191005_0948_9135-700x467.jpg 700w, https:\/\/reisen.dipas.ch\/wp-content\/uploads\/2021\/01\/Peru_20191005_0948_9135-168x112.jpg 168w, https:\/\/reisen.dipas.ch\/wp-content\/uploads\/2021\/01\/Peru_20191005_0948_9135-768x512.jpg 768w, https:\/\/reisen.dipas.ch\/wp-content\/uploads\/2021\/01\/Peru_20191005_0948_9135-1536x1024.jpg 1536w\" sizes=\"auto, (max-width: 1680px) 100vw, 1680px\" \/><\/figure>\n\n\n\n<figure class=\"wp-block-image size-full\"><img loading=\"lazy\" decoding=\"async\" width=\"1680\" height=\"1120\" src=\"https:\/\/reisen.dipas.ch\/wp-content\/uploads\/2021\/01\/Peru_20191005_1015_9155.jpg\" alt=\"\" class=\"wp-image-3688\" srcset=\"https:\/\/reisen.dipas.ch\/wp-content\/uploads\/2021\/01\/Peru_20191005_1015_9155.jpg 1680w, https:\/\/reisen.dipas.ch\/wp-content\/uploads\/2021\/01\/Peru_20191005_1015_9155-700x467.jpg 700w, https:\/\/reisen.dipas.ch\/wp-content\/uploads\/2021\/01\/Peru_20191005_1015_9155-168x112.jpg 168w, https:\/\/reisen.dipas.ch\/wp-content\/uploads\/2021\/01\/Peru_20191005_1015_9155-768x512.jpg 768w, https:\/\/reisen.dipas.ch\/wp-content\/uploads\/2021\/01\/Peru_20191005_1015_9155-1536x1024.jpg 1536w\" sizes=\"auto, (max-width: 1680px) 100vw, 1680px\" \/><figcaption>Ein Greifvogel &#8211; gut an dem sch\u00f6nen Federkleid zu erkennen.<\/figcaption><\/figure>\n\n\n\n<figure class=\"wp-block-image size-full\"><img loading=\"lazy\" decoding=\"async\" width=\"1120\" height=\"1680\" src=\"https:\/\/reisen.dipas.ch\/wp-content\/uploads\/2021\/01\/Peru_20191005_1106_9184.jpg\" alt=\"\" class=\"wp-image-3689\" srcset=\"https:\/\/reisen.dipas.ch\/wp-content\/uploads\/2021\/01\/Peru_20191005_1106_9184.jpg 1120w, https:\/\/reisen.dipas.ch\/wp-content\/uploads\/2021\/01\/Peru_20191005_1106_9184-350x525.jpg 350w, https:\/\/reisen.dipas.ch\/wp-content\/uploads\/2021\/01\/Peru_20191005_1106_9184-747x1120.jpg 747w, https:\/\/reisen.dipas.ch\/wp-content\/uploads\/2021\/01\/Peru_20191005_1106_9184-768x1152.jpg 768w, https:\/\/reisen.dipas.ch\/wp-content\/uploads\/2021\/01\/Peru_20191005_1106_9184-1024x1536.jpg 1024w\" sizes=\"auto, (max-width: 1120px) 100vw, 1120px\" \/><\/figure>\n\n\n\n<figure class=\"wp-block-image size-full\"><img loading=\"lazy\" decoding=\"async\" width=\"1680\" height=\"1120\" src=\"https:\/\/reisen.dipas.ch\/wp-content\/uploads\/2021\/01\/Peru_20191005_0948_9194.jpg\" alt=\"\" class=\"wp-image-3687\" srcset=\"https:\/\/reisen.dipas.ch\/wp-content\/uploads\/2021\/01\/Peru_20191005_0948_9194.jpg 1680w, https:\/\/reisen.dipas.ch\/wp-content\/uploads\/2021\/01\/Peru_20191005_0948_9194-700x467.jpg 700w, https:\/\/reisen.dipas.ch\/wp-content\/uploads\/2021\/01\/Peru_20191005_0948_9194-168x112.jpg 168w, https:\/\/reisen.dipas.ch\/wp-content\/uploads\/2021\/01\/Peru_20191005_0948_9194-768x512.jpg 768w, https:\/\/reisen.dipas.ch\/wp-content\/uploads\/2021\/01\/Peru_20191005_0948_9194-1536x1024.jpg 1536w\" sizes=\"auto, (max-width: 1680px) 100vw, 1680px\" \/><figcaption>Seltsam, eine sehr gepflegte Strasse  und etwas heruntergekommenen Geb\u00e4ude.<\/figcaption><\/figure>\n\n\n\n<figure class=\"wp-block-image size-full\"><img loading=\"lazy\" decoding=\"async\" width=\"1680\" height=\"2520\" src=\"https:\/\/reisen.dipas.ch\/wp-content\/uploads\/2021\/01\/Peru_20191005_1138_9191.jpg\" alt=\"\" class=\"wp-image-3690\" srcset=\"https:\/\/reisen.dipas.ch\/wp-content\/uploads\/2021\/01\/Peru_20191005_1138_9191.jpg 1680w, https:\/\/reisen.dipas.ch\/wp-content\/uploads\/2021\/01\/Peru_20191005_1138_9191-350x525.jpg 350w, https:\/\/reisen.dipas.ch\/wp-content\/uploads\/2021\/01\/Peru_20191005_1138_9191-747x1120.jpg 747w, https:\/\/reisen.dipas.ch\/wp-content\/uploads\/2021\/01\/Peru_20191005_1138_9191-768x1152.jpg 768w, https:\/\/reisen.dipas.ch\/wp-content\/uploads\/2021\/01\/Peru_20191005_1138_9191-1024x1536.jpg 1024w, https:\/\/reisen.dipas.ch\/wp-content\/uploads\/2021\/01\/Peru_20191005_1138_9191-1365x2048.jpg 1365w\" sizes=\"auto, (max-width: 1680px) 100vw, 1680px\" \/><figcaption>Die Kirche des Dorfes hat Bausch\u00e4den von den h\u00e4ufigen Erdbeben, aber sonst sehr \u00fcppig mit Gold belegter Altar.<\/figcaption><\/figure>\n\n\n\n<figure class=\"wp-block-image size-full\"><img loading=\"lazy\" decoding=\"async\" width=\"1680\" height=\"1120\" src=\"https:\/\/reisen.dipas.ch\/wp-content\/uploads\/2021\/01\/Peru_20191005_1149_9193.jpg\" alt=\"\" class=\"wp-image-3691\" srcset=\"https:\/\/reisen.dipas.ch\/wp-content\/uploads\/2021\/01\/Peru_20191005_1149_9193.jpg 1680w, https:\/\/reisen.dipas.ch\/wp-content\/uploads\/2021\/01\/Peru_20191005_1149_9193-700x467.jpg 700w, https:\/\/reisen.dipas.ch\/wp-content\/uploads\/2021\/01\/Peru_20191005_1149_9193-168x112.jpg 168w, https:\/\/reisen.dipas.ch\/wp-content\/uploads\/2021\/01\/Peru_20191005_1149_9193-768x512.jpg 768w, https:\/\/reisen.dipas.ch\/wp-content\/uploads\/2021\/01\/Peru_20191005_1149_9193-1536x1024.jpg 1536w\" sizes=\"auto, (max-width: 1680px) 100vw, 1680px\" \/><figcaption>Von Aussen fein rausgeputzt.<\/figcaption><\/figure>\n\n\n\n<figure class=\"wp-block-image size-full\"><img loading=\"lazy\" decoding=\"async\" width=\"1680\" height=\"1120\" src=\"https:\/\/reisen.dipas.ch\/wp-content\/uploads\/2021\/01\/Peru_20191005_1247_9200.jpg\" alt=\"\" class=\"wp-image-3692\" srcset=\"https:\/\/reisen.dipas.ch\/wp-content\/uploads\/2021\/01\/Peru_20191005_1247_9200.jpg 1680w, https:\/\/reisen.dipas.ch\/wp-content\/uploads\/2021\/01\/Peru_20191005_1247_9200-700x467.jpg 700w, https:\/\/reisen.dipas.ch\/wp-content\/uploads\/2021\/01\/Peru_20191005_1247_9200-168x112.jpg 168w, https:\/\/reisen.dipas.ch\/wp-content\/uploads\/2021\/01\/Peru_20191005_1247_9200-768x512.jpg 768w, https:\/\/reisen.dipas.ch\/wp-content\/uploads\/2021\/01\/Peru_20191005_1247_9200-1536x1024.jpg 1536w\" sizes=\"auto, (max-width: 1680px) 100vw, 1680px\" \/><figcaption>Ein &#8218;privates&#8216; Thermalbad. <\/figcaption><\/figure>\n\n\n\n<figure class=\"wp-block-image size-full\"><img loading=\"lazy\" decoding=\"async\" width=\"1680\" height=\"1120\" src=\"https:\/\/reisen.dipas.ch\/wp-content\/uploads\/2021\/01\/Peru_20191005_1250_9205.jpg\" alt=\"\" class=\"wp-image-3693\" srcset=\"https:\/\/reisen.dipas.ch\/wp-content\/uploads\/2021\/01\/Peru_20191005_1250_9205.jpg 1680w, https:\/\/reisen.dipas.ch\/wp-content\/uploads\/2021\/01\/Peru_20191005_1250_9205-700x467.jpg 700w, https:\/\/reisen.dipas.ch\/wp-content\/uploads\/2021\/01\/Peru_20191005_1250_9205-168x112.jpg 168w, https:\/\/reisen.dipas.ch\/wp-content\/uploads\/2021\/01\/Peru_20191005_1250_9205-768x512.jpg 768w, https:\/\/reisen.dipas.ch\/wp-content\/uploads\/2021\/01\/Peru_20191005_1250_9205-1536x1024.jpg 1536w\" sizes=\"auto, (max-width: 1680px) 100vw, 1680px\" \/><figcaption>Und wieder st\u00f6sst derselbe Vulkan seine Asche und Rauch aus.<\/figcaption><\/figure>\n\n\n\n<figure class=\"wp-block-image size-full\"><img loading=\"lazy\" decoding=\"async\" width=\"1680\" height=\"1120\" src=\"https:\/\/reisen.dipas.ch\/wp-content\/uploads\/2021\/01\/Peru_20191005_1255_9208-1.jpg\" alt=\"\" class=\"wp-image-3695\" srcset=\"https:\/\/reisen.dipas.ch\/wp-content\/uploads\/2021\/01\/Peru_20191005_1255_9208-1.jpg 1680w, https:\/\/reisen.dipas.ch\/wp-content\/uploads\/2021\/01\/Peru_20191005_1255_9208-1-700x467.jpg 700w, https:\/\/reisen.dipas.ch\/wp-content\/uploads\/2021\/01\/Peru_20191005_1255_9208-1-168x112.jpg 168w, https:\/\/reisen.dipas.ch\/wp-content\/uploads\/2021\/01\/Peru_20191005_1255_9208-1-768x512.jpg 768w, https:\/\/reisen.dipas.ch\/wp-content\/uploads\/2021\/01\/Peru_20191005_1255_9208-1-1536x1024.jpg 1536w\" sizes=\"auto, (max-width: 1680px) 100vw, 1680px\" \/><figcaption>Auf einem Spaziergang, wie Edwin meinte. Wir gehen von hier dem Berghang entlang bis zum Hotel.<\/figcaption><\/figure>\n\n\n\n<figure class=\"wp-block-image size-full\"><img loading=\"lazy\" decoding=\"async\" width=\"1120\" height=\"1680\" src=\"https:\/\/reisen.dipas.ch\/wp-content\/uploads\/2021\/01\/Peru_20191005_1257_9212-1.jpg\" alt=\"\" class=\"wp-image-3696\" srcset=\"https:\/\/reisen.dipas.ch\/wp-content\/uploads\/2021\/01\/Peru_20191005_1257_9212-1.jpg 1120w, https:\/\/reisen.dipas.ch\/wp-content\/uploads\/2021\/01\/Peru_20191005_1257_9212-1-350x525.jpg 350w, https:\/\/reisen.dipas.ch\/wp-content\/uploads\/2021\/01\/Peru_20191005_1257_9212-1-747x1120.jpg 747w, https:\/\/reisen.dipas.ch\/wp-content\/uploads\/2021\/01\/Peru_20191005_1257_9212-1-768x1152.jpg 768w, https:\/\/reisen.dipas.ch\/wp-content\/uploads\/2021\/01\/Peru_20191005_1257_9212-1-1024x1536.jpg 1024w\" sizes=\"auto, (max-width: 1120px) 100vw, 1120px\" \/><\/figure>\n\n\n\n<figure class=\"wp-block-image size-full\"><img loading=\"lazy\" decoding=\"async\" width=\"1680\" height=\"1120\" src=\"https:\/\/reisen.dipas.ch\/wp-content\/uploads\/2021\/01\/Peru_20191005_1257_9214-1.jpg\" alt=\"\" class=\"wp-image-3697\" srcset=\"https:\/\/reisen.dipas.ch\/wp-content\/uploads\/2021\/01\/Peru_20191005_1257_9214-1.jpg 1680w, https:\/\/reisen.dipas.ch\/wp-content\/uploads\/2021\/01\/Peru_20191005_1257_9214-1-700x467.jpg 700w, https:\/\/reisen.dipas.ch\/wp-content\/uploads\/2021\/01\/Peru_20191005_1257_9214-1-168x112.jpg 168w, https:\/\/reisen.dipas.ch\/wp-content\/uploads\/2021\/01\/Peru_20191005_1257_9214-1-768x512.jpg 768w, https:\/\/reisen.dipas.ch\/wp-content\/uploads\/2021\/01\/Peru_20191005_1257_9214-1-1536x1024.jpg 1536w\" sizes=\"auto, (max-width: 1680px) 100vw, 1680px\" \/><figcaption>Strauch mit auff\u00e4lligen Lippenbl\u00fcten.<\/figcaption><\/figure>\n\n\n\n<figure class=\"wp-block-image size-full\"><img loading=\"lazy\" decoding=\"async\" width=\"1120\" height=\"1680\" src=\"https:\/\/reisen.dipas.ch\/wp-content\/uploads\/2021\/01\/Peru_20191005_1258_9217-1.jpg\" alt=\"\" class=\"wp-image-3698\" srcset=\"https:\/\/reisen.dipas.ch\/wp-content\/uploads\/2021\/01\/Peru_20191005_1258_9217-1.jpg 1120w, https:\/\/reisen.dipas.ch\/wp-content\/uploads\/2021\/01\/Peru_20191005_1258_9217-1-350x525.jpg 350w, https:\/\/reisen.dipas.ch\/wp-content\/uploads\/2021\/01\/Peru_20191005_1258_9217-1-747x1120.jpg 747w, https:\/\/reisen.dipas.ch\/wp-content\/uploads\/2021\/01\/Peru_20191005_1258_9217-1-768x1152.jpg 768w, https:\/\/reisen.dipas.ch\/wp-content\/uploads\/2021\/01\/Peru_20191005_1258_9217-1-1024x1536.jpg 1024w\" sizes=\"auto, (max-width: 1120px) 100vw, 1120px\" \/><figcaption>Kaktus mit einer sehr langen Flechte.<\/figcaption><\/figure>\n\n\n\n<figure class=\"wp-block-image size-full\"><img loading=\"lazy\" decoding=\"async\" width=\"1680\" height=\"1120\" src=\"https:\/\/reisen.dipas.ch\/wp-content\/uploads\/2021\/01\/Peru_20191005_1358_9219-1.jpg\" alt=\"\" class=\"wp-image-3699\" srcset=\"https:\/\/reisen.dipas.ch\/wp-content\/uploads\/2021\/01\/Peru_20191005_1358_9219-1.jpg 1680w, https:\/\/reisen.dipas.ch\/wp-content\/uploads\/2021\/01\/Peru_20191005_1358_9219-1-700x467.jpg 700w, https:\/\/reisen.dipas.ch\/wp-content\/uploads\/2021\/01\/Peru_20191005_1358_9219-1-168x112.jpg 168w, https:\/\/reisen.dipas.ch\/wp-content\/uploads\/2021\/01\/Peru_20191005_1358_9219-1-768x512.jpg 768w, https:\/\/reisen.dipas.ch\/wp-content\/uploads\/2021\/01\/Peru_20191005_1358_9219-1-1536x1024.jpg 1536w\" sizes=\"auto, (max-width: 1680px) 100vw, 1680px\" \/><figcaption>Ein stachliger Busch  mit verschiedenen Flechten, dahinter wieder ein bl\u00fchender Kaktus.<\/figcaption><\/figure>\n\n\n\n<figure class=\"wp-block-image size-full\"><img loading=\"lazy\" decoding=\"async\" width=\"1680\" height=\"1120\" src=\"https:\/\/reisen.dipas.ch\/wp-content\/uploads\/2021\/01\/Peru_20191005_1410_9222-1.jpg\" alt=\"\" class=\"wp-image-3700\" srcset=\"https:\/\/reisen.dipas.ch\/wp-content\/uploads\/2021\/01\/Peru_20191005_1410_9222-1.jpg 1680w, https:\/\/reisen.dipas.ch\/wp-content\/uploads\/2021\/01\/Peru_20191005_1410_9222-1-700x467.jpg 700w, https:\/\/reisen.dipas.ch\/wp-content\/uploads\/2021\/01\/Peru_20191005_1410_9222-1-168x112.jpg 168w, https:\/\/reisen.dipas.ch\/wp-content\/uploads\/2021\/01\/Peru_20191005_1410_9222-1-768x512.jpg 768w, https:\/\/reisen.dipas.ch\/wp-content\/uploads\/2021\/01\/Peru_20191005_1410_9222-1-1536x1024.jpg 1536w\" sizes=\"auto, (max-width: 1680px) 100vw, 1680px\" \/><figcaption>Dickk\u00f6pfiger Esel. Im wahrsten Sinne. \ud83d\ude00<\/figcaption><\/figure>\n\n\n\n<p><a href=\"https:\/\/reisen.dipas.ch\/?page_id=1841\">Weiter zum 9. Tag.<\/a><\/p>\n","protected":false},"excerpt":{"rendered":"<p>Zur\u00fcck zum 7. Tag. Cruz del Condor &#8211; Wanderung und Beobachtungen. Danach eine weitere Wanderung von ca. 10km durch das Colca Tal bis zum Hotel.<\/p>\n<p><a href=\"https:\/\/reisen.dipas.ch\/?page_id=1839\" class=\"more-link\">Continue reading<span class=\"screen-reader-text\">Peru 2019, 8. Tag, Samstag 05. Oktober<\/span><\/a><\/p>\n","protected":false},"author":1,"featured_media":0,"parent":1818,"menu_order":8,"comment_status":"closed","ping_status":"closed","template":"","meta":{"ngg_post_thumbnail":0,"footnotes":""},"class_list":["post-1839","page","type-page","status-publish","hentry"],"_links":{"self":[{"href":"https:\/\/reisen.dipas.ch\/index.php?rest_route=\/wp\/v2\/pages\/1839","targetHints":{"allow":["GET"]}}],"collection":[{"href":"https:\/\/reisen.dipas.ch\/index.php?rest_route=\/wp\/v2\/pages"}],"about":[{"href":"https:\/\/reisen.dipas.ch\/index.php?rest_route=\/wp\/v2\/types\/page"}],"author":[{"embeddable":true,"href":"https:\/\/reisen.dipas.ch\/index.php?rest_route=\/wp\/v2\/users\/1"}],"replies":[{"embeddable":true,"href":"https:\/\/reisen.dipas.ch\/index.php?rest_route=%2Fwp%2Fv2%2Fcomments&post=1839"}],"version-history":[{"count":7,"href":"https:\/\/reisen.dipas.ch\/index.php?rest_route=\/wp\/v2\/pages\/1839\/revisions"}],"predecessor-version":[{"id":3702,"href":"https:\/\/reisen.dipas.ch\/index.php?rest_route=\/wp\/v2\/pages\/1839\/revisions\/3702"}],"up":[{"embeddable":true,"href":"https:\/\/reisen.dipas.ch\/index.php?rest_route=\/wp\/v2\/pages\/1818"}],"wp:attachment":[{"href":"https:\/\/reisen.dipas.ch\/index.php?rest_route=%2Fwp%2Fv2%2Fmedia&parent=1839"}],"curies":[{"name":"wp","href":"https:\/\/api.w.org\/{rel}","templated":true}]}}