{"id":1837,"date":"2019-10-24T06:52:09","date_gmt":"2019-10-24T05:52:09","guid":{"rendered":"http:\/\/reisen.dipas.ch\/?page_id=1837"},"modified":"2021-01-27T22:17:23","modified_gmt":"2021-01-27T21:17:23","slug":"peru-2019-7-tag-freitag-04-oktober","status":"publish","type":"page","link":"https:\/\/reisen.dipas.ch\/?page_id=1837","title":{"rendered":"Peru 2019, 7. Tag, Freitag 04. Oktober"},"content":{"rendered":"\n<p><a href=\"https:\/\/reisen.dipas.ch\/?page_id=1835\">Zur\u00fcck zum 6. Tag.<\/a><\/p>\n\n\n\n<p>Fahrt von Arquipa \u00fcber Mirador de los Andes (4880 bzw. 4910m\u00fcM).<br>Danach mit Mountain Bikes runter nach Chivay fahren. Marktbesuch in Chivay.<\/p>\n\n\n\n<figure class=\"wp-block-image size-full\"><img loading=\"lazy\" decoding=\"async\" width=\"1680\" height=\"1120\" src=\"https:\/\/reisen.dipas.ch\/wp-content\/uploads\/2021\/01\/Peru_20191004_0855_8715.jpg\" alt=\"\" class=\"wp-image-3703\" srcset=\"https:\/\/reisen.dipas.ch\/wp-content\/uploads\/2021\/01\/Peru_20191004_0855_8715.jpg 1680w, https:\/\/reisen.dipas.ch\/wp-content\/uploads\/2021\/01\/Peru_20191004_0855_8715-700x467.jpg 700w, https:\/\/reisen.dipas.ch\/wp-content\/uploads\/2021\/01\/Peru_20191004_0855_8715-168x112.jpg 168w, https:\/\/reisen.dipas.ch\/wp-content\/uploads\/2021\/01\/Peru_20191004_0855_8715-768x512.jpg 768w, https:\/\/reisen.dipas.ch\/wp-content\/uploads\/2021\/01\/Peru_20191004_0855_8715-1536x1024.jpg 1536w\" sizes=\"auto, (max-width: 1680px) 100vw, 1680px\" \/><\/figure>\n\n\n\n<figure class=\"wp-block-image size-large\"><img loading=\"lazy\" decoding=\"async\" width=\"1680\" height=\"1120\" src=\"https:\/\/reisen.dipas.ch\/wp-content\/uploads\/2021\/01\/Peru_20191004_0935_8721-1680x1120.jpg\" alt=\"\" class=\"wp-image-3704\" srcset=\"https:\/\/reisen.dipas.ch\/wp-content\/uploads\/2021\/01\/Peru_20191004_0935_8721.jpg 1680w, https:\/\/reisen.dipas.ch\/wp-content\/uploads\/2021\/01\/Peru_20191004_0935_8721-700x467.jpg 700w, https:\/\/reisen.dipas.ch\/wp-content\/uploads\/2021\/01\/Peru_20191004_0935_8721-168x112.jpg 168w, https:\/\/reisen.dipas.ch\/wp-content\/uploads\/2021\/01\/Peru_20191004_0935_8721-768x512.jpg 768w, https:\/\/reisen.dipas.ch\/wp-content\/uploads\/2021\/01\/Peru_20191004_0935_8721-1536x1024.jpg 1536w\" sizes=\"auto, (max-width: 1680px) 100vw, 1680px\" \/><\/figure>\n\n\n\n<figure class=\"wp-block-image size-large\"><img loading=\"lazy\" decoding=\"async\" width=\"1680\" height=\"1120\" src=\"https:\/\/reisen.dipas.ch\/wp-content\/uploads\/2021\/01\/Peru_20191004_0938_8729-1680x1120.jpg\" alt=\"\" class=\"wp-image-3705\" srcset=\"https:\/\/reisen.dipas.ch\/wp-content\/uploads\/2021\/01\/Peru_20191004_0938_8729.jpg 1680w, https:\/\/reisen.dipas.ch\/wp-content\/uploads\/2021\/01\/Peru_20191004_0938_8729-700x467.jpg 700w, https:\/\/reisen.dipas.ch\/wp-content\/uploads\/2021\/01\/Peru_20191004_0938_8729-168x112.jpg 168w, https:\/\/reisen.dipas.ch\/wp-content\/uploads\/2021\/01\/Peru_20191004_0938_8729-768x512.jpg 768w, https:\/\/reisen.dipas.ch\/wp-content\/uploads\/2021\/01\/Peru_20191004_0938_8729-1536x1024.jpg 1536w\" sizes=\"auto, (max-width: 1680px) 100vw, 1680px\" \/><\/figure>\n\n\n\n<figure class=\"wp-block-image size-large\"><img loading=\"lazy\" decoding=\"async\" width=\"1680\" height=\"1120\" src=\"https:\/\/reisen.dipas.ch\/wp-content\/uploads\/2021\/01\/Peru_20191004_1035_8752-1680x1120.jpg\" alt=\"\" class=\"wp-image-3706\" srcset=\"https:\/\/reisen.dipas.ch\/wp-content\/uploads\/2021\/01\/Peru_20191004_1035_8752.jpg 1680w, https:\/\/reisen.dipas.ch\/wp-content\/uploads\/2021\/01\/Peru_20191004_1035_8752-700x467.jpg 700w, https:\/\/reisen.dipas.ch\/wp-content\/uploads\/2021\/01\/Peru_20191004_1035_8752-168x112.jpg 168w, https:\/\/reisen.dipas.ch\/wp-content\/uploads\/2021\/01\/Peru_20191004_1035_8752-768x512.jpg 768w, https:\/\/reisen.dipas.ch\/wp-content\/uploads\/2021\/01\/Peru_20191004_1035_8752-1536x1024.jpg 1536w\" sizes=\"auto, (max-width: 1680px) 100vw, 1680px\" \/><\/figure>\n\n\n\n<figure class=\"wp-block-image size-large\"><img loading=\"lazy\" decoding=\"async\" width=\"1680\" height=\"1120\" src=\"https:\/\/reisen.dipas.ch\/wp-content\/uploads\/2021\/01\/Peru_20191004_1041_8774-1680x1120.jpg\" alt=\"\" class=\"wp-image-3707\" srcset=\"https:\/\/reisen.dipas.ch\/wp-content\/uploads\/2021\/01\/Peru_20191004_1041_8774.jpg 1680w, https:\/\/reisen.dipas.ch\/wp-content\/uploads\/2021\/01\/Peru_20191004_1041_8774-700x467.jpg 700w, https:\/\/reisen.dipas.ch\/wp-content\/uploads\/2021\/01\/Peru_20191004_1041_8774-168x112.jpg 168w, https:\/\/reisen.dipas.ch\/wp-content\/uploads\/2021\/01\/Peru_20191004_1041_8774-768x512.jpg 768w, https:\/\/reisen.dipas.ch\/wp-content\/uploads\/2021\/01\/Peru_20191004_1041_8774-1536x1024.jpg 1536w\" sizes=\"auto, (max-width: 1680px) 100vw, 1680px\" \/><\/figure>\n\n\n\n<figure class=\"wp-block-image size-large\"><img loading=\"lazy\" decoding=\"async\" width=\"1680\" height=\"1120\" src=\"https:\/\/reisen.dipas.ch\/wp-content\/uploads\/2021\/01\/Peru_20191004_1043_8785-1680x1120.jpg\" alt=\"\" class=\"wp-image-3708\" srcset=\"https:\/\/reisen.dipas.ch\/wp-content\/uploads\/2021\/01\/Peru_20191004_1043_8785.jpg 1680w, https:\/\/reisen.dipas.ch\/wp-content\/uploads\/2021\/01\/Peru_20191004_1043_8785-700x467.jpg 700w, https:\/\/reisen.dipas.ch\/wp-content\/uploads\/2021\/01\/Peru_20191004_1043_8785-168x112.jpg 168w, https:\/\/reisen.dipas.ch\/wp-content\/uploads\/2021\/01\/Peru_20191004_1043_8785-768x512.jpg 768w, https:\/\/reisen.dipas.ch\/wp-content\/uploads\/2021\/01\/Peru_20191004_1043_8785-1536x1024.jpg 1536w\" sizes=\"auto, (max-width: 1680px) 100vw, 1680px\" \/><\/figure>\n\n\n\n<figure class=\"wp-block-image size-full\"><img loading=\"lazy\" decoding=\"async\" width=\"1120\" height=\"1680\" src=\"https:\/\/reisen.dipas.ch\/wp-content\/uploads\/2021\/01\/Peru_20191004_1045_8796.jpg\" alt=\"\" class=\"wp-image-3709\" srcset=\"https:\/\/reisen.dipas.ch\/wp-content\/uploads\/2021\/01\/Peru_20191004_1045_8796.jpg 1120w, https:\/\/reisen.dipas.ch\/wp-content\/uploads\/2021\/01\/Peru_20191004_1045_8796-350x525.jpg 350w, https:\/\/reisen.dipas.ch\/wp-content\/uploads\/2021\/01\/Peru_20191004_1045_8796-747x1120.jpg 747w, https:\/\/reisen.dipas.ch\/wp-content\/uploads\/2021\/01\/Peru_20191004_1045_8796-768x1152.jpg 768w, https:\/\/reisen.dipas.ch\/wp-content\/uploads\/2021\/01\/Peru_20191004_1045_8796-1024x1536.jpg 1024w\" sizes=\"auto, (max-width: 1120px) 100vw, 1120px\" \/><\/figure>\n\n\n\n<figure class=\"wp-block-image size-large\"><img loading=\"lazy\" decoding=\"async\" width=\"1680\" height=\"1120\" src=\"https:\/\/reisen.dipas.ch\/wp-content\/uploads\/2021\/01\/Peru_20191004_1050_8825-1680x1120.jpg\" alt=\"\" class=\"wp-image-3710\" srcset=\"https:\/\/reisen.dipas.ch\/wp-content\/uploads\/2021\/01\/Peru_20191004_1050_8825.jpg 1680w, https:\/\/reisen.dipas.ch\/wp-content\/uploads\/2021\/01\/Peru_20191004_1050_8825-700x467.jpg 700w, https:\/\/reisen.dipas.ch\/wp-content\/uploads\/2021\/01\/Peru_20191004_1050_8825-168x112.jpg 168w, https:\/\/reisen.dipas.ch\/wp-content\/uploads\/2021\/01\/Peru_20191004_1050_8825-768x512.jpg 768w, https:\/\/reisen.dipas.ch\/wp-content\/uploads\/2021\/01\/Peru_20191004_1050_8825-1536x1024.jpg 1536w\" sizes=\"auto, (max-width: 1680px) 100vw, 1680px\" \/><\/figure>\n\n\n\n<figure class=\"wp-block-image size-large\"><img loading=\"lazy\" decoding=\"async\" width=\"1680\" height=\"1120\" src=\"https:\/\/reisen.dipas.ch\/wp-content\/uploads\/2021\/01\/Peru_20191004_1051_8834-1680x1120.jpg\" alt=\"\" class=\"wp-image-3711\" srcset=\"https:\/\/reisen.dipas.ch\/wp-content\/uploads\/2021\/01\/Peru_20191004_1051_8834.jpg 1680w, https:\/\/reisen.dipas.ch\/wp-content\/uploads\/2021\/01\/Peru_20191004_1051_8834-700x467.jpg 700w, https:\/\/reisen.dipas.ch\/wp-content\/uploads\/2021\/01\/Peru_20191004_1051_8834-168x112.jpg 168w, https:\/\/reisen.dipas.ch\/wp-content\/uploads\/2021\/01\/Peru_20191004_1051_8834-768x512.jpg 768w, https:\/\/reisen.dipas.ch\/wp-content\/uploads\/2021\/01\/Peru_20191004_1051_8834-1536x1024.jpg 1536w\" sizes=\"auto, (max-width: 1680px) 100vw, 1680px\" \/><\/figure>\n\n\n\n<figure class=\"wp-block-image size-large\"><img loading=\"lazy\" decoding=\"async\" width=\"1680\" height=\"1120\" src=\"https:\/\/reisen.dipas.ch\/wp-content\/uploads\/2021\/01\/Peru_20191004_1052_8835-1680x1120.jpg\" alt=\"\" class=\"wp-image-3712\" srcset=\"https:\/\/reisen.dipas.ch\/wp-content\/uploads\/2021\/01\/Peru_20191004_1052_8835.jpg 1680w, https:\/\/reisen.dipas.ch\/wp-content\/uploads\/2021\/01\/Peru_20191004_1052_8835-700x467.jpg 700w, https:\/\/reisen.dipas.ch\/wp-content\/uploads\/2021\/01\/Peru_20191004_1052_8835-168x112.jpg 168w, https:\/\/reisen.dipas.ch\/wp-content\/uploads\/2021\/01\/Peru_20191004_1052_8835-768x512.jpg 768w, https:\/\/reisen.dipas.ch\/wp-content\/uploads\/2021\/01\/Peru_20191004_1052_8835-1536x1024.jpg 1536w\" sizes=\"auto, (max-width: 1680px) 100vw, 1680px\" \/><\/figure>\n\n\n\n<figure class=\"wp-block-image size-large\"><img loading=\"lazy\" decoding=\"async\" width=\"1680\" height=\"1120\" src=\"https:\/\/reisen.dipas.ch\/wp-content\/uploads\/2021\/01\/Peru_20191004_1104_8842-1680x1120.jpg\" alt=\"\" class=\"wp-image-3713\" srcset=\"https:\/\/reisen.dipas.ch\/wp-content\/uploads\/2021\/01\/Peru_20191004_1104_8842.jpg 1680w, https:\/\/reisen.dipas.ch\/wp-content\/uploads\/2021\/01\/Peru_20191004_1104_8842-700x467.jpg 700w, https:\/\/reisen.dipas.ch\/wp-content\/uploads\/2021\/01\/Peru_20191004_1104_8842-168x112.jpg 168w, https:\/\/reisen.dipas.ch\/wp-content\/uploads\/2021\/01\/Peru_20191004_1104_8842-768x512.jpg 768w, https:\/\/reisen.dipas.ch\/wp-content\/uploads\/2021\/01\/Peru_20191004_1104_8842-1536x1024.jpg 1536w\" sizes=\"auto, (max-width: 1680px) 100vw, 1680px\" \/><\/figure>\n\n\n\n<figure class=\"wp-block-image size-large\"><img loading=\"lazy\" decoding=\"async\" width=\"1680\" height=\"1120\" src=\"https:\/\/reisen.dipas.ch\/wp-content\/uploads\/2021\/01\/Peru_20191004_1109_8847-1680x1120.jpg\" alt=\"\" class=\"wp-image-3714\" srcset=\"https:\/\/reisen.dipas.ch\/wp-content\/uploads\/2021\/01\/Peru_20191004_1109_8847.jpg 1680w, https:\/\/reisen.dipas.ch\/wp-content\/uploads\/2021\/01\/Peru_20191004_1109_8847-700x467.jpg 700w, https:\/\/reisen.dipas.ch\/wp-content\/uploads\/2021\/01\/Peru_20191004_1109_8847-168x112.jpg 168w, https:\/\/reisen.dipas.ch\/wp-content\/uploads\/2021\/01\/Peru_20191004_1109_8847-768x512.jpg 768w, https:\/\/reisen.dipas.ch\/wp-content\/uploads\/2021\/01\/Peru_20191004_1109_8847-1536x1024.jpg 1536w\" sizes=\"auto, (max-width: 1680px) 100vw, 1680px\" \/><\/figure>\n\n\n\n<figure class=\"wp-block-image size-large\"><img loading=\"lazy\" decoding=\"async\" width=\"1680\" height=\"1120\" src=\"https:\/\/reisen.dipas.ch\/wp-content\/uploads\/2021\/01\/Peru_20191004_1112_8863-1680x1120.jpg\" alt=\"\" class=\"wp-image-3715\" srcset=\"https:\/\/reisen.dipas.ch\/wp-content\/uploads\/2021\/01\/Peru_20191004_1112_8863.jpg 1680w, https:\/\/reisen.dipas.ch\/wp-content\/uploads\/2021\/01\/Peru_20191004_1112_8863-700x467.jpg 700w, https:\/\/reisen.dipas.ch\/wp-content\/uploads\/2021\/01\/Peru_20191004_1112_8863-168x112.jpg 168w, https:\/\/reisen.dipas.ch\/wp-content\/uploads\/2021\/01\/Peru_20191004_1112_8863-768x512.jpg 768w, https:\/\/reisen.dipas.ch\/wp-content\/uploads\/2021\/01\/Peru_20191004_1112_8863-1536x1024.jpg 1536w\" sizes=\"auto, (max-width: 1680px) 100vw, 1680px\" \/><\/figure>\n\n\n\n<figure class=\"wp-block-image size-large\"><img loading=\"lazy\" decoding=\"async\" width=\"1680\" height=\"1120\" src=\"https:\/\/reisen.dipas.ch\/wp-content\/uploads\/2021\/01\/Peru_20191004_1114_8877-1680x1120.jpg\" alt=\"\" class=\"wp-image-3716\" srcset=\"https:\/\/reisen.dipas.ch\/wp-content\/uploads\/2021\/01\/Peru_20191004_1114_8877.jpg 1680w, https:\/\/reisen.dipas.ch\/wp-content\/uploads\/2021\/01\/Peru_20191004_1114_8877-700x467.jpg 700w, https:\/\/reisen.dipas.ch\/wp-content\/uploads\/2021\/01\/Peru_20191004_1114_8877-168x112.jpg 168w, https:\/\/reisen.dipas.ch\/wp-content\/uploads\/2021\/01\/Peru_20191004_1114_8877-768x512.jpg 768w, https:\/\/reisen.dipas.ch\/wp-content\/uploads\/2021\/01\/Peru_20191004_1114_8877-1536x1024.jpg 1536w\" sizes=\"auto, (max-width: 1680px) 100vw, 1680px\" \/><\/figure>\n\n\n\n<figure class=\"wp-block-image size-large\"><img loading=\"lazy\" decoding=\"async\" width=\"1680\" height=\"1120\" src=\"https:\/\/reisen.dipas.ch\/wp-content\/uploads\/2021\/01\/Peru_20191004_1118_8881-1680x1120.jpg\" alt=\"\" class=\"wp-image-3717\" srcset=\"https:\/\/reisen.dipas.ch\/wp-content\/uploads\/2021\/01\/Peru_20191004_1118_8881.jpg 1680w, https:\/\/reisen.dipas.ch\/wp-content\/uploads\/2021\/01\/Peru_20191004_1118_8881-700x467.jpg 700w, https:\/\/reisen.dipas.ch\/wp-content\/uploads\/2021\/01\/Peru_20191004_1118_8881-168x112.jpg 168w, https:\/\/reisen.dipas.ch\/wp-content\/uploads\/2021\/01\/Peru_20191004_1118_8881-768x512.jpg 768w, https:\/\/reisen.dipas.ch\/wp-content\/uploads\/2021\/01\/Peru_20191004_1118_8881-1536x1024.jpg 1536w\" sizes=\"auto, (max-width: 1680px) 100vw, 1680px\" \/><\/figure>\n\n\n\n<figure class=\"wp-block-image size-large\"><img loading=\"lazy\" decoding=\"async\" width=\"1680\" height=\"1120\" src=\"https:\/\/reisen.dipas.ch\/wp-content\/uploads\/2021\/01\/Peru_20191004_1121_8894-1680x1120.jpg\" alt=\"\" class=\"wp-image-3718\" srcset=\"https:\/\/reisen.dipas.ch\/wp-content\/uploads\/2021\/01\/Peru_20191004_1121_8894.jpg 1680w, https:\/\/reisen.dipas.ch\/wp-content\/uploads\/2021\/01\/Peru_20191004_1121_8894-700x467.jpg 700w, https:\/\/reisen.dipas.ch\/wp-content\/uploads\/2021\/01\/Peru_20191004_1121_8894-168x112.jpg 168w, https:\/\/reisen.dipas.ch\/wp-content\/uploads\/2021\/01\/Peru_20191004_1121_8894-768x512.jpg 768w, https:\/\/reisen.dipas.ch\/wp-content\/uploads\/2021\/01\/Peru_20191004_1121_8894-1536x1024.jpg 1536w\" sizes=\"auto, (max-width: 1680px) 100vw, 1680px\" \/><\/figure>\n\n\n\n<figure class=\"wp-block-image size-large\"><img loading=\"lazy\" decoding=\"async\" width=\"1680\" height=\"1120\" src=\"https:\/\/reisen.dipas.ch\/wp-content\/uploads\/2021\/01\/Peru_20191004_1249_8921-1680x1120.jpg\" alt=\"\" class=\"wp-image-3719\" srcset=\"https:\/\/reisen.dipas.ch\/wp-content\/uploads\/2021\/01\/Peru_20191004_1249_8921.jpg 1680w, https:\/\/reisen.dipas.ch\/wp-content\/uploads\/2021\/01\/Peru_20191004_1249_8921-700x467.jpg 700w, https:\/\/reisen.dipas.ch\/wp-content\/uploads\/2021\/01\/Peru_20191004_1249_8921-168x112.jpg 168w, https:\/\/reisen.dipas.ch\/wp-content\/uploads\/2021\/01\/Peru_20191004_1249_8921-768x512.jpg 768w, https:\/\/reisen.dipas.ch\/wp-content\/uploads\/2021\/01\/Peru_20191004_1249_8921-1536x1024.jpg 1536w\" sizes=\"auto, (max-width: 1680px) 100vw, 1680px\" \/><\/figure>\n\n\n\n<figure class=\"wp-block-image size-large\"><img loading=\"lazy\" decoding=\"async\" width=\"1680\" height=\"1120\" src=\"https:\/\/reisen.dipas.ch\/wp-content\/uploads\/2021\/01\/Peru_20191004_1256_8946-1680x1120.jpg\" alt=\"\" class=\"wp-image-3720\" srcset=\"https:\/\/reisen.dipas.ch\/wp-content\/uploads\/2021\/01\/Peru_20191004_1256_8946.jpg 1680w, https:\/\/reisen.dipas.ch\/wp-content\/uploads\/2021\/01\/Peru_20191004_1256_8946-700x467.jpg 700w, https:\/\/reisen.dipas.ch\/wp-content\/uploads\/2021\/01\/Peru_20191004_1256_8946-168x112.jpg 168w, https:\/\/reisen.dipas.ch\/wp-content\/uploads\/2021\/01\/Peru_20191004_1256_8946-768x512.jpg 768w, https:\/\/reisen.dipas.ch\/wp-content\/uploads\/2021\/01\/Peru_20191004_1256_8946-1536x1024.jpg 1536w\" sizes=\"auto, (max-width: 1680px) 100vw, 1680px\" \/><\/figure>\n\n\n\n<figure class=\"wp-block-image size-large\"><img loading=\"lazy\" decoding=\"async\" width=\"1680\" height=\"1120\" src=\"https:\/\/reisen.dipas.ch\/wp-content\/uploads\/2021\/01\/Peru_20191004_1328_8954-1680x1120.jpg\" alt=\"\" class=\"wp-image-3721\" srcset=\"https:\/\/reisen.dipas.ch\/wp-content\/uploads\/2021\/01\/Peru_20191004_1328_8954.jpg 1680w, https:\/\/reisen.dipas.ch\/wp-content\/uploads\/2021\/01\/Peru_20191004_1328_8954-700x467.jpg 700w, https:\/\/reisen.dipas.ch\/wp-content\/uploads\/2021\/01\/Peru_20191004_1328_8954-168x112.jpg 168w, https:\/\/reisen.dipas.ch\/wp-content\/uploads\/2021\/01\/Peru_20191004_1328_8954-768x512.jpg 768w, https:\/\/reisen.dipas.ch\/wp-content\/uploads\/2021\/01\/Peru_20191004_1328_8954-1536x1024.jpg 1536w\" sizes=\"auto, (max-width: 1680px) 100vw, 1680px\" \/><\/figure>\n\n\n\n<figure class=\"wp-block-image size-large\"><img loading=\"lazy\" decoding=\"async\" width=\"1680\" height=\"1120\" src=\"https:\/\/reisen.dipas.ch\/wp-content\/uploads\/2021\/01\/Peru_20191004_1515_8976-1680x1120.jpg\" alt=\"\" class=\"wp-image-3722\" srcset=\"https:\/\/reisen.dipas.ch\/wp-content\/uploads\/2021\/01\/Peru_20191004_1515_8976.jpg 1680w, https:\/\/reisen.dipas.ch\/wp-content\/uploads\/2021\/01\/Peru_20191004_1515_8976-700x467.jpg 700w, https:\/\/reisen.dipas.ch\/wp-content\/uploads\/2021\/01\/Peru_20191004_1515_8976-168x112.jpg 168w, https:\/\/reisen.dipas.ch\/wp-content\/uploads\/2021\/01\/Peru_20191004_1515_8976-768x512.jpg 768w, https:\/\/reisen.dipas.ch\/wp-content\/uploads\/2021\/01\/Peru_20191004_1515_8976-1536x1024.jpg 1536w\" sizes=\"auto, (max-width: 1680px) 100vw, 1680px\" \/><\/figure>\n\n\n\n<figure class=\"wp-block-image size-large\"><img loading=\"lazy\" decoding=\"async\" width=\"1680\" height=\"1120\" src=\"https:\/\/reisen.dipas.ch\/wp-content\/uploads\/2021\/01\/Peru_20191004_1527_8982-1680x1120.jpg\" alt=\"\" class=\"wp-image-3723\" srcset=\"https:\/\/reisen.dipas.ch\/wp-content\/uploads\/2021\/01\/Peru_20191004_1527_8982.jpg 1680w, https:\/\/reisen.dipas.ch\/wp-content\/uploads\/2021\/01\/Peru_20191004_1527_8982-700x467.jpg 700w, https:\/\/reisen.dipas.ch\/wp-content\/uploads\/2021\/01\/Peru_20191004_1527_8982-168x112.jpg 168w, https:\/\/reisen.dipas.ch\/wp-content\/uploads\/2021\/01\/Peru_20191004_1527_8982-768x512.jpg 768w, https:\/\/reisen.dipas.ch\/wp-content\/uploads\/2021\/01\/Peru_20191004_1527_8982-1536x1024.jpg 1536w\" sizes=\"auto, (max-width: 1680px) 100vw, 1680px\" \/><\/figure>\n\n\n\n<figure class=\"wp-block-image size-large\"><img loading=\"lazy\" decoding=\"async\" width=\"1680\" height=\"1120\" src=\"https:\/\/reisen.dipas.ch\/wp-content\/uploads\/2021\/01\/Peru_20191004_1631_8983-1680x1120.jpg\" alt=\"\" class=\"wp-image-3724\" srcset=\"https:\/\/reisen.dipas.ch\/wp-content\/uploads\/2021\/01\/Peru_20191004_1631_8983.jpg 1680w, https:\/\/reisen.dipas.ch\/wp-content\/uploads\/2021\/01\/Peru_20191004_1631_8983-700x467.jpg 700w, https:\/\/reisen.dipas.ch\/wp-content\/uploads\/2021\/01\/Peru_20191004_1631_8983-168x112.jpg 168w, https:\/\/reisen.dipas.ch\/wp-content\/uploads\/2021\/01\/Peru_20191004_1631_8983-768x512.jpg 768w, https:\/\/reisen.dipas.ch\/wp-content\/uploads\/2021\/01\/Peru_20191004_1631_8983-1536x1024.jpg 1536w\" sizes=\"auto, (max-width: 1680px) 100vw, 1680px\" \/><\/figure>\n\n\n\n<figure class=\"wp-block-image size-large\"><img loading=\"lazy\" decoding=\"async\" width=\"1680\" height=\"1120\" src=\"https:\/\/reisen.dipas.ch\/wp-content\/uploads\/2021\/01\/Peru_20191004_1643_8988-1680x1120.jpg\" alt=\"\" class=\"wp-image-3725\" srcset=\"https:\/\/reisen.dipas.ch\/wp-content\/uploads\/2021\/01\/Peru_20191004_1643_8988.jpg 1680w, https:\/\/reisen.dipas.ch\/wp-content\/uploads\/2021\/01\/Peru_20191004_1643_8988-700x467.jpg 700w, https:\/\/reisen.dipas.ch\/wp-content\/uploads\/2021\/01\/Peru_20191004_1643_8988-168x112.jpg 168w, https:\/\/reisen.dipas.ch\/wp-content\/uploads\/2021\/01\/Peru_20191004_1643_8988-768x512.jpg 768w, https:\/\/reisen.dipas.ch\/wp-content\/uploads\/2021\/01\/Peru_20191004_1643_8988-1536x1024.jpg 1536w\" sizes=\"auto, (max-width: 1680px) 100vw, 1680px\" \/><figcaption>Handys sind auch hier verbreitet und SIM Karten bekommt man fast an jedem Markt.<\/figcaption><\/figure>\n\n\n\n<figure class=\"wp-block-image size-large\"><img loading=\"lazy\" decoding=\"async\" width=\"1680\" height=\"1120\" src=\"https:\/\/reisen.dipas.ch\/wp-content\/uploads\/2021\/01\/Peru_20191004_1645_8990-1680x1120.jpg\" alt=\"\" class=\"wp-image-3726\" srcset=\"https:\/\/reisen.dipas.ch\/wp-content\/uploads\/2021\/01\/Peru_20191004_1645_8990.jpg 1680w, https:\/\/reisen.dipas.ch\/wp-content\/uploads\/2021\/01\/Peru_20191004_1645_8990-700x467.jpg 700w, https:\/\/reisen.dipas.ch\/wp-content\/uploads\/2021\/01\/Peru_20191004_1645_8990-168x112.jpg 168w, https:\/\/reisen.dipas.ch\/wp-content\/uploads\/2021\/01\/Peru_20191004_1645_8990-768x512.jpg 768w, https:\/\/reisen.dipas.ch\/wp-content\/uploads\/2021\/01\/Peru_20191004_1645_8990-1536x1024.jpg 1536w\" sizes=\"auto, (max-width: 1680px) 100vw, 1680px\" \/><\/figure>\n\n\n\n<figure class=\"wp-block-image size-large\"><img loading=\"lazy\" decoding=\"async\" width=\"1680\" height=\"1120\" src=\"https:\/\/reisen.dipas.ch\/wp-content\/uploads\/2021\/01\/Peru_20191004_1648_8992-1680x1120.jpg\" alt=\"\" class=\"wp-image-3728\" srcset=\"https:\/\/reisen.dipas.ch\/wp-content\/uploads\/2021\/01\/Peru_20191004_1648_8992.jpg 1680w, https:\/\/reisen.dipas.ch\/wp-content\/uploads\/2021\/01\/Peru_20191004_1648_8992-700x467.jpg 700w, https:\/\/reisen.dipas.ch\/wp-content\/uploads\/2021\/01\/Peru_20191004_1648_8992-168x112.jpg 168w, https:\/\/reisen.dipas.ch\/wp-content\/uploads\/2021\/01\/Peru_20191004_1648_8992-768x512.jpg 768w, https:\/\/reisen.dipas.ch\/wp-content\/uploads\/2021\/01\/Peru_20191004_1648_8992-1536x1024.jpg 1536w\" sizes=\"auto, (max-width: 1680px) 100vw, 1680px\" \/><figcaption>Kartoffeln!<\/figcaption><\/figure>\n\n\n\n<figure class=\"wp-block-image size-large\"><img loading=\"lazy\" decoding=\"async\" width=\"1680\" height=\"1120\" src=\"https:\/\/reisen.dipas.ch\/wp-content\/uploads\/2021\/01\/Peru_20191004_1718_8997-1680x1120.jpg\" alt=\"\" class=\"wp-image-3729\" srcset=\"https:\/\/reisen.dipas.ch\/wp-content\/uploads\/2021\/01\/Peru_20191004_1718_8997.jpg 1680w, https:\/\/reisen.dipas.ch\/wp-content\/uploads\/2021\/01\/Peru_20191004_1718_8997-700x467.jpg 700w, https:\/\/reisen.dipas.ch\/wp-content\/uploads\/2021\/01\/Peru_20191004_1718_8997-168x112.jpg 168w, https:\/\/reisen.dipas.ch\/wp-content\/uploads\/2021\/01\/Peru_20191004_1718_8997-768x512.jpg 768w, https:\/\/reisen.dipas.ch\/wp-content\/uploads\/2021\/01\/Peru_20191004_1718_8997-1536x1024.jpg 1536w\" sizes=\"auto, (max-width: 1680px) 100vw, 1680px\" \/><\/figure>\n\n\n\n<p><a href=\"https:\/\/reisen.dipas.ch\/?page_id=1839\">Weiter zum 8. Tag.<\/a><\/p>\n","protected":false},"excerpt":{"rendered":"<p>Zur\u00fcck zum 6. Tag. Fahrt von Arquipa \u00fcber Mirador de los Andes (4880 bzw. 4910m\u00fcM).Danach mit Mountain Bikes runter nach Chivay fahren. Marktbesuch in Chivay.<\/p>\n<p><a href=\"https:\/\/reisen.dipas.ch\/?page_id=1837\" class=\"more-link\">Continue reading<span class=\"screen-reader-text\">Peru 2019, 7. Tag, Freitag 04. Oktober<\/span><\/a><\/p>\n","protected":false},"author":1,"featured_media":0,"parent":1818,"menu_order":7,"comment_status":"closed","ping_status":"closed","template":"","meta":{"ngg_post_thumbnail":0,"footnotes":""},"class_list":["post-1837","page","type-page","status-publish","hentry"],"_links":{"self":[{"href":"https:\/\/reisen.dipas.ch\/index.php?rest_route=\/wp\/v2\/pages\/1837","targetHints":{"allow":["GET"]}}],"collection":[{"href":"https:\/\/reisen.dipas.ch\/index.php?rest_route=\/wp\/v2\/pages"}],"about":[{"href":"https:\/\/reisen.dipas.ch\/index.php?rest_route=\/wp\/v2\/types\/page"}],"author":[{"embeddable":true,"href":"https:\/\/reisen.dipas.ch\/index.php?rest_route=\/wp\/v2\/users\/1"}],"replies":[{"embeddable":true,"href":"https:\/\/reisen.dipas.ch\/index.php?rest_route=%2Fwp%2Fv2%2Fcomments&post=1837"}],"version-history":[{"count":10,"href":"https:\/\/reisen.dipas.ch\/index.php?rest_route=\/wp\/v2\/pages\/1837\/revisions"}],"predecessor-version":[{"id":3730,"href":"https:\/\/reisen.dipas.ch\/index.php?rest_route=\/wp\/v2\/pages\/1837\/revisions\/3730"}],"up":[{"embeddable":true,"href":"https:\/\/reisen.dipas.ch\/index.php?rest_route=\/wp\/v2\/pages\/1818"}],"wp:attachment":[{"href":"https:\/\/reisen.dipas.ch\/index.php?rest_route=%2Fwp%2Fv2%2Fmedia&parent=1837"}],"curies":[{"name":"wp","href":"https:\/\/api.w.org\/{rel}","templated":true}]}}