{"id":1833,"date":"2019-10-24T06:50:35","date_gmt":"2019-10-24T05:50:35","guid":{"rendered":"http:\/\/reisen.dipas.ch\/?page_id=1833"},"modified":"2021-01-27T22:26:51","modified_gmt":"2021-01-27T21:26:51","slug":"peru-2019-5-tag-mittwoch-02-oktober","status":"publish","type":"page","link":"https:\/\/reisen.dipas.ch\/?page_id=1833","title":{"rendered":"Peru 2019, 5. Tag, Mittwoch 02. Oktober"},"content":{"rendered":"\n<p><a href=\"https:\/\/reisen.dipas.ch\/?page_id=1831\">Zur\u00fcck zum 4. Tag.<\/a><\/p>\n\n\n\n<p>Lange Fahrt nach Arequipa.<\/p>\n\n\n\n<figure class=\"wp-block-image size-large\"><img loading=\"lazy\" decoding=\"async\" width=\"1680\" height=\"1120\" src=\"https:\/\/reisen.dipas.ch\/wp-content\/uploads\/2021\/01\/Peru_20191002_0743_8489-1680x1120.jpg\" alt=\"\" class=\"wp-image-3766\" srcset=\"https:\/\/reisen.dipas.ch\/wp-content\/uploads\/2021\/01\/Peru_20191002_0743_8489.jpg 1680w, https:\/\/reisen.dipas.ch\/wp-content\/uploads\/2021\/01\/Peru_20191002_0743_8489-700x467.jpg 700w, https:\/\/reisen.dipas.ch\/wp-content\/uploads\/2021\/01\/Peru_20191002_0743_8489-168x112.jpg 168w, https:\/\/reisen.dipas.ch\/wp-content\/uploads\/2021\/01\/Peru_20191002_0743_8489-768x512.jpg 768w, https:\/\/reisen.dipas.ch\/wp-content\/uploads\/2021\/01\/Peru_20191002_0743_8489-1536x1024.jpg 1536w\" sizes=\"auto, (max-width: 1680px) 100vw, 1680px\" \/><\/figure>\n\n\n\n<p>P\u00e9p\u00e9, unser exzellenter, fr\u00f6hlicher und aufmerksamer Fahrer von Lima bis Puno. Muchas Grazias!<\/p>\n\n\n\n<figure class=\"wp-block-image size-large\"><img loading=\"lazy\" decoding=\"async\" width=\"1680\" height=\"1120\" src=\"https:\/\/reisen.dipas.ch\/wp-content\/uploads\/2021\/01\/Peru_20191002_0753_8495-1680x1120.jpg\" alt=\"\" class=\"wp-image-3767\" srcset=\"https:\/\/reisen.dipas.ch\/wp-content\/uploads\/2021\/01\/Peru_20191002_0753_8495.jpg 1680w, https:\/\/reisen.dipas.ch\/wp-content\/uploads\/2021\/01\/Peru_20191002_0753_8495-700x467.jpg 700w, https:\/\/reisen.dipas.ch\/wp-content\/uploads\/2021\/01\/Peru_20191002_0753_8495-168x112.jpg 168w, https:\/\/reisen.dipas.ch\/wp-content\/uploads\/2021\/01\/Peru_20191002_0753_8495-768x512.jpg 768w, https:\/\/reisen.dipas.ch\/wp-content\/uploads\/2021\/01\/Peru_20191002_0753_8495-1536x1024.jpg 1536w\" sizes=\"auto, (max-width: 1680px) 100vw, 1680px\" \/><\/figure>\n\n\n\n<p>Immer wieder Greifv\u00f6gel oder Geier.<\/p>\n\n\n\n<figure class=\"wp-block-image size-large\"><img loading=\"lazy\" decoding=\"async\" width=\"1680\" height=\"1120\" src=\"https:\/\/reisen.dipas.ch\/wp-content\/uploads\/2021\/01\/Peru_20191002_0756_8500-1680x1120.jpg\" alt=\"\" class=\"wp-image-3768\" srcset=\"https:\/\/reisen.dipas.ch\/wp-content\/uploads\/2021\/01\/Peru_20191002_0756_8500.jpg 1680w, https:\/\/reisen.dipas.ch\/wp-content\/uploads\/2021\/01\/Peru_20191002_0756_8500-700x467.jpg 700w, https:\/\/reisen.dipas.ch\/wp-content\/uploads\/2021\/01\/Peru_20191002_0756_8500-168x112.jpg 168w, https:\/\/reisen.dipas.ch\/wp-content\/uploads\/2021\/01\/Peru_20191002_0756_8500-768x512.jpg 768w, https:\/\/reisen.dipas.ch\/wp-content\/uploads\/2021\/01\/Peru_20191002_0756_8500-1536x1024.jpg 1536w\" sizes=\"auto, (max-width: 1680px) 100vw, 1680px\" \/><\/figure>\n\n\n\n<figure class=\"wp-block-image size-large\"><img loading=\"lazy\" decoding=\"async\" width=\"1680\" height=\"1120\" src=\"https:\/\/reisen.dipas.ch\/wp-content\/uploads\/2021\/01\/Peru_20191002_0757_8501-1680x1120.jpg\" alt=\"\" class=\"wp-image-3769\" srcset=\"https:\/\/reisen.dipas.ch\/wp-content\/uploads\/2021\/01\/Peru_20191002_0757_8501.jpg 1680w, https:\/\/reisen.dipas.ch\/wp-content\/uploads\/2021\/01\/Peru_20191002_0757_8501-700x467.jpg 700w, https:\/\/reisen.dipas.ch\/wp-content\/uploads\/2021\/01\/Peru_20191002_0757_8501-168x112.jpg 168w, https:\/\/reisen.dipas.ch\/wp-content\/uploads\/2021\/01\/Peru_20191002_0757_8501-768x512.jpg 768w, https:\/\/reisen.dipas.ch\/wp-content\/uploads\/2021\/01\/Peru_20191002_0757_8501-1536x1024.jpg 1536w\" sizes=\"auto, (max-width: 1680px) 100vw, 1680px\" \/><\/figure>\n\n\n\n<p>\u00dcberall ist sichtbar, dass es ein vulkanisches Gebiet ist.<\/p>\n\n\n\n<figure class=\"wp-block-image size-large\"><img loading=\"lazy\" decoding=\"async\" width=\"1680\" height=\"1120\" src=\"https:\/\/reisen.dipas.ch\/wp-content\/uploads\/2021\/01\/Peru_20191002_0810_8508-1680x1120.jpg\" alt=\"\" class=\"wp-image-3770\" srcset=\"https:\/\/reisen.dipas.ch\/wp-content\/uploads\/2021\/01\/Peru_20191002_0810_8508.jpg 1680w, https:\/\/reisen.dipas.ch\/wp-content\/uploads\/2021\/01\/Peru_20191002_0810_8508-700x467.jpg 700w, https:\/\/reisen.dipas.ch\/wp-content\/uploads\/2021\/01\/Peru_20191002_0810_8508-168x112.jpg 168w, https:\/\/reisen.dipas.ch\/wp-content\/uploads\/2021\/01\/Peru_20191002_0810_8508-768x512.jpg 768w, https:\/\/reisen.dipas.ch\/wp-content\/uploads\/2021\/01\/Peru_20191002_0810_8508-1536x1024.jpg 1536w\" sizes=\"auto, (max-width: 1680px) 100vw, 1680px\" \/><\/figure>\n\n\n\n<figure class=\"wp-block-image size-full\"><img loading=\"lazy\" decoding=\"async\" width=\"1120\" height=\"1680\" src=\"https:\/\/reisen.dipas.ch\/wp-content\/uploads\/2021\/01\/Peru_20191002_0839_8510.jpg\" alt=\"\" class=\"wp-image-3771\" srcset=\"https:\/\/reisen.dipas.ch\/wp-content\/uploads\/2021\/01\/Peru_20191002_0839_8510.jpg 1120w, https:\/\/reisen.dipas.ch\/wp-content\/uploads\/2021\/01\/Peru_20191002_0839_8510-350x525.jpg 350w, https:\/\/reisen.dipas.ch\/wp-content\/uploads\/2021\/01\/Peru_20191002_0839_8510-747x1120.jpg 747w, https:\/\/reisen.dipas.ch\/wp-content\/uploads\/2021\/01\/Peru_20191002_0839_8510-768x1152.jpg 768w, https:\/\/reisen.dipas.ch\/wp-content\/uploads\/2021\/01\/Peru_20191002_0839_8510-1024x1536.jpg 1024w\" sizes=\"auto, (max-width: 1120px) 100vw, 1120px\" \/><\/figure>\n\n\n\n<figure class=\"wp-block-image size-large\"><img loading=\"lazy\" decoding=\"async\" width=\"1680\" height=\"1120\" src=\"https:\/\/reisen.dipas.ch\/wp-content\/uploads\/2021\/01\/Peru_20191002_0840_8511-1680x1120.jpg\" alt=\"\" class=\"wp-image-3772\" srcset=\"https:\/\/reisen.dipas.ch\/wp-content\/uploads\/2021\/01\/Peru_20191002_0840_8511.jpg 1680w, https:\/\/reisen.dipas.ch\/wp-content\/uploads\/2021\/01\/Peru_20191002_0840_8511-700x467.jpg 700w, https:\/\/reisen.dipas.ch\/wp-content\/uploads\/2021\/01\/Peru_20191002_0840_8511-168x112.jpg 168w, https:\/\/reisen.dipas.ch\/wp-content\/uploads\/2021\/01\/Peru_20191002_0840_8511-768x512.jpg 768w, https:\/\/reisen.dipas.ch\/wp-content\/uploads\/2021\/01\/Peru_20191002_0840_8511-1536x1024.jpg 1536w\" sizes=\"auto, (max-width: 1680px) 100vw, 1680px\" \/><\/figure>\n\n\n\n<figure class=\"wp-block-image size-large\"><img loading=\"lazy\" decoding=\"async\" width=\"1680\" height=\"1120\" src=\"https:\/\/reisen.dipas.ch\/wp-content\/uploads\/2021\/01\/Peru_20191002_0842_8514-1680x1120.jpg\" alt=\"\" class=\"wp-image-3773\" srcset=\"https:\/\/reisen.dipas.ch\/wp-content\/uploads\/2021\/01\/Peru_20191002_0842_8514.jpg 1680w, https:\/\/reisen.dipas.ch\/wp-content\/uploads\/2021\/01\/Peru_20191002_0842_8514-700x467.jpg 700w, https:\/\/reisen.dipas.ch\/wp-content\/uploads\/2021\/01\/Peru_20191002_0842_8514-168x112.jpg 168w, https:\/\/reisen.dipas.ch\/wp-content\/uploads\/2021\/01\/Peru_20191002_0842_8514-768x512.jpg 768w, https:\/\/reisen.dipas.ch\/wp-content\/uploads\/2021\/01\/Peru_20191002_0842_8514-1536x1024.jpg 1536w\" sizes=\"auto, (max-width: 1680px) 100vw, 1680px\" \/><\/figure>\n\n\n\n<figure class=\"wp-block-image size-large\"><img loading=\"lazy\" decoding=\"async\" width=\"1680\" height=\"1120\" src=\"https:\/\/reisen.dipas.ch\/wp-content\/uploads\/2021\/01\/Peru_20191002_0842_8516-1680x1120.jpg\" alt=\"\" class=\"wp-image-3774\" srcset=\"https:\/\/reisen.dipas.ch\/wp-content\/uploads\/2021\/01\/Peru_20191002_0842_8516.jpg 1680w, https:\/\/reisen.dipas.ch\/wp-content\/uploads\/2021\/01\/Peru_20191002_0842_8516-700x467.jpg 700w, https:\/\/reisen.dipas.ch\/wp-content\/uploads\/2021\/01\/Peru_20191002_0842_8516-168x112.jpg 168w, https:\/\/reisen.dipas.ch\/wp-content\/uploads\/2021\/01\/Peru_20191002_0842_8516-768x512.jpg 768w, https:\/\/reisen.dipas.ch\/wp-content\/uploads\/2021\/01\/Peru_20191002_0842_8516-1536x1024.jpg 1536w\" sizes=\"auto, (max-width: 1680px) 100vw, 1680px\" \/><\/figure>\n\n\n\n<figure class=\"wp-block-image size-large\"><img loading=\"lazy\" decoding=\"async\" width=\"1680\" height=\"1120\" src=\"https:\/\/reisen.dipas.ch\/wp-content\/uploads\/2021\/01\/Peru_20191002_0844_8517-1680x1120.jpg\" alt=\"\" class=\"wp-image-3775\" srcset=\"https:\/\/reisen.dipas.ch\/wp-content\/uploads\/2021\/01\/Peru_20191002_0844_8517.jpg 1680w, https:\/\/reisen.dipas.ch\/wp-content\/uploads\/2021\/01\/Peru_20191002_0844_8517-700x467.jpg 700w, https:\/\/reisen.dipas.ch\/wp-content\/uploads\/2021\/01\/Peru_20191002_0844_8517-168x112.jpg 168w, https:\/\/reisen.dipas.ch\/wp-content\/uploads\/2021\/01\/Peru_20191002_0844_8517-768x512.jpg 768w, https:\/\/reisen.dipas.ch\/wp-content\/uploads\/2021\/01\/Peru_20191002_0844_8517-1536x1024.jpg 1536w\" sizes=\"auto, (max-width: 1680px) 100vw, 1680px\" \/><\/figure>\n\n\n\n<figure class=\"wp-block-image size-large\"><img loading=\"lazy\" decoding=\"async\" width=\"1680\" height=\"1120\" src=\"https:\/\/reisen.dipas.ch\/wp-content\/uploads\/2021\/01\/Peru_20191002_0845_8519-1680x1120.jpg\" alt=\"\" class=\"wp-image-3776\" srcset=\"https:\/\/reisen.dipas.ch\/wp-content\/uploads\/2021\/01\/Peru_20191002_0845_8519.jpg 1680w, https:\/\/reisen.dipas.ch\/wp-content\/uploads\/2021\/01\/Peru_20191002_0845_8519-700x467.jpg 700w, https:\/\/reisen.dipas.ch\/wp-content\/uploads\/2021\/01\/Peru_20191002_0845_8519-168x112.jpg 168w, https:\/\/reisen.dipas.ch\/wp-content\/uploads\/2021\/01\/Peru_20191002_0845_8519-768x512.jpg 768w, https:\/\/reisen.dipas.ch\/wp-content\/uploads\/2021\/01\/Peru_20191002_0845_8519-1536x1024.jpg 1536w\" sizes=\"auto, (max-width: 1680px) 100vw, 1680px\" \/><\/figure>\n\n\n\n<figure class=\"wp-block-image size-large\"><img loading=\"lazy\" decoding=\"async\" width=\"1680\" height=\"1120\" src=\"https:\/\/reisen.dipas.ch\/wp-content\/uploads\/2021\/01\/Peru_20191002_0845_8521-1680x1120.jpg\" alt=\"\" class=\"wp-image-3777\" srcset=\"https:\/\/reisen.dipas.ch\/wp-content\/uploads\/2021\/01\/Peru_20191002_0845_8521.jpg 1680w, https:\/\/reisen.dipas.ch\/wp-content\/uploads\/2021\/01\/Peru_20191002_0845_8521-700x467.jpg 700w, https:\/\/reisen.dipas.ch\/wp-content\/uploads\/2021\/01\/Peru_20191002_0845_8521-168x112.jpg 168w, https:\/\/reisen.dipas.ch\/wp-content\/uploads\/2021\/01\/Peru_20191002_0845_8521-768x512.jpg 768w, https:\/\/reisen.dipas.ch\/wp-content\/uploads\/2021\/01\/Peru_20191002_0845_8521-1536x1024.jpg 1536w\" sizes=\"auto, (max-width: 1680px) 100vw, 1680px\" \/><\/figure>\n\n\n\n<figure class=\"wp-block-image size-full\"><img loading=\"lazy\" decoding=\"async\" width=\"1120\" height=\"1680\" src=\"https:\/\/reisen.dipas.ch\/wp-content\/uploads\/2021\/01\/Peru_20191002_0849_8529.jpg\" alt=\"\" class=\"wp-image-3778\" srcset=\"https:\/\/reisen.dipas.ch\/wp-content\/uploads\/2021\/01\/Peru_20191002_0849_8529.jpg 1120w, https:\/\/reisen.dipas.ch\/wp-content\/uploads\/2021\/01\/Peru_20191002_0849_8529-350x525.jpg 350w, https:\/\/reisen.dipas.ch\/wp-content\/uploads\/2021\/01\/Peru_20191002_0849_8529-747x1120.jpg 747w, https:\/\/reisen.dipas.ch\/wp-content\/uploads\/2021\/01\/Peru_20191002_0849_8529-768x1152.jpg 768w, https:\/\/reisen.dipas.ch\/wp-content\/uploads\/2021\/01\/Peru_20191002_0849_8529-1024x1536.jpg 1024w\" sizes=\"auto, (max-width: 1120px) 100vw, 1120px\" \/><\/figure>\n\n\n\n<figure class=\"wp-block-image size-large\"><img loading=\"lazy\" decoding=\"async\" width=\"1680\" height=\"1120\" src=\"https:\/\/reisen.dipas.ch\/wp-content\/uploads\/2021\/01\/Peru_20191002_0853_8531-1680x1120.jpg\" alt=\"\" class=\"wp-image-3779\" srcset=\"https:\/\/reisen.dipas.ch\/wp-content\/uploads\/2021\/01\/Peru_20191002_0853_8531.jpg 1680w, https:\/\/reisen.dipas.ch\/wp-content\/uploads\/2021\/01\/Peru_20191002_0853_8531-700x467.jpg 700w, https:\/\/reisen.dipas.ch\/wp-content\/uploads\/2021\/01\/Peru_20191002_0853_8531-168x112.jpg 168w, https:\/\/reisen.dipas.ch\/wp-content\/uploads\/2021\/01\/Peru_20191002_0853_8531-768x512.jpg 768w, https:\/\/reisen.dipas.ch\/wp-content\/uploads\/2021\/01\/Peru_20191002_0853_8531-1536x1024.jpg 1536w\" sizes=\"auto, (max-width: 1680px) 100vw, 1680px\" \/><\/figure>\n\n\n\n<figure class=\"wp-block-image size-large\"><img loading=\"lazy\" decoding=\"async\" width=\"1680\" height=\"1120\" src=\"https:\/\/reisen.dipas.ch\/wp-content\/uploads\/2021\/01\/Peru_20191002_0903_8532-1680x1120.jpg\" alt=\"\" class=\"wp-image-3780\" srcset=\"https:\/\/reisen.dipas.ch\/wp-content\/uploads\/2021\/01\/Peru_20191002_0903_8532.jpg 1680w, https:\/\/reisen.dipas.ch\/wp-content\/uploads\/2021\/01\/Peru_20191002_0903_8532-700x467.jpg 700w, https:\/\/reisen.dipas.ch\/wp-content\/uploads\/2021\/01\/Peru_20191002_0903_8532-168x112.jpg 168w, https:\/\/reisen.dipas.ch\/wp-content\/uploads\/2021\/01\/Peru_20191002_0903_8532-768x512.jpg 768w, https:\/\/reisen.dipas.ch\/wp-content\/uploads\/2021\/01\/Peru_20191002_0903_8532-1536x1024.jpg 1536w\" sizes=\"auto, (max-width: 1680px) 100vw, 1680px\" \/><\/figure>\n\n\n\n<figure class=\"wp-block-image size-large\"><img loading=\"lazy\" decoding=\"async\" width=\"1680\" height=\"1120\" src=\"https:\/\/reisen.dipas.ch\/wp-content\/uploads\/2021\/01\/Peru_20191002_0942_8538-1680x1120.jpg\" alt=\"\" class=\"wp-image-3782\" srcset=\"https:\/\/reisen.dipas.ch\/wp-content\/uploads\/2021\/01\/Peru_20191002_0942_8538.jpg 1680w, https:\/\/reisen.dipas.ch\/wp-content\/uploads\/2021\/01\/Peru_20191002_0942_8538-700x467.jpg 700w, https:\/\/reisen.dipas.ch\/wp-content\/uploads\/2021\/01\/Peru_20191002_0942_8538-168x112.jpg 168w, https:\/\/reisen.dipas.ch\/wp-content\/uploads\/2021\/01\/Peru_20191002_0942_8538-768x512.jpg 768w, https:\/\/reisen.dipas.ch\/wp-content\/uploads\/2021\/01\/Peru_20191002_0942_8538-1536x1024.jpg 1536w\" sizes=\"auto, (max-width: 1680px) 100vw, 1680px\" \/><\/figure>\n\n\n\n<figure class=\"wp-block-image size-large\"><img loading=\"lazy\" decoding=\"async\" width=\"1680\" height=\"1120\" src=\"https:\/\/reisen.dipas.ch\/wp-content\/uploads\/2021\/01\/Peru_20191002_1020_8542-1680x1120.jpg\" alt=\"\" class=\"wp-image-3783\" srcset=\"https:\/\/reisen.dipas.ch\/wp-content\/uploads\/2021\/01\/Peru_20191002_1020_8542.jpg 1680w, https:\/\/reisen.dipas.ch\/wp-content\/uploads\/2021\/01\/Peru_20191002_1020_8542-700x467.jpg 700w, https:\/\/reisen.dipas.ch\/wp-content\/uploads\/2021\/01\/Peru_20191002_1020_8542-168x112.jpg 168w, https:\/\/reisen.dipas.ch\/wp-content\/uploads\/2021\/01\/Peru_20191002_1020_8542-768x512.jpg 768w, https:\/\/reisen.dipas.ch\/wp-content\/uploads\/2021\/01\/Peru_20191002_1020_8542-1536x1024.jpg 1536w\" sizes=\"auto, (max-width: 1680px) 100vw, 1680px\" \/><\/figure>\n\n\n\n<figure class=\"wp-block-image size-large\"><img loading=\"lazy\" decoding=\"async\" width=\"1680\" height=\"1120\" src=\"https:\/\/reisen.dipas.ch\/wp-content\/uploads\/2021\/01\/Peru_20191002_1250_8549-1680x1120.jpg\" alt=\"\" class=\"wp-image-3784\" srcset=\"https:\/\/reisen.dipas.ch\/wp-content\/uploads\/2021\/01\/Peru_20191002_1250_8549.jpg 1680w, https:\/\/reisen.dipas.ch\/wp-content\/uploads\/2021\/01\/Peru_20191002_1250_8549-700x467.jpg 700w, https:\/\/reisen.dipas.ch\/wp-content\/uploads\/2021\/01\/Peru_20191002_1250_8549-168x112.jpg 168w, https:\/\/reisen.dipas.ch\/wp-content\/uploads\/2021\/01\/Peru_20191002_1250_8549-768x512.jpg 768w, https:\/\/reisen.dipas.ch\/wp-content\/uploads\/2021\/01\/Peru_20191002_1250_8549-1536x1024.jpg 1536w\" sizes=\"auto, (max-width: 1680px) 100vw, 1680px\" \/><\/figure>\n\n\n\n<figure class=\"wp-block-image size-large\"><img loading=\"lazy\" decoding=\"async\" width=\"1680\" height=\"1120\" src=\"https:\/\/reisen.dipas.ch\/wp-content\/uploads\/2021\/01\/Peru_20191002_1314_8563-1680x1120.jpg\" alt=\"\" class=\"wp-image-3785\" srcset=\"https:\/\/reisen.dipas.ch\/wp-content\/uploads\/2021\/01\/Peru_20191002_1314_8563.jpg 1680w, https:\/\/reisen.dipas.ch\/wp-content\/uploads\/2021\/01\/Peru_20191002_1314_8563-700x467.jpg 700w, https:\/\/reisen.dipas.ch\/wp-content\/uploads\/2021\/01\/Peru_20191002_1314_8563-168x112.jpg 168w, https:\/\/reisen.dipas.ch\/wp-content\/uploads\/2021\/01\/Peru_20191002_1314_8563-768x512.jpg 768w, https:\/\/reisen.dipas.ch\/wp-content\/uploads\/2021\/01\/Peru_20191002_1314_8563-1536x1024.jpg 1536w\" sizes=\"auto, (max-width: 1680px) 100vw, 1680px\" \/><\/figure>\n\n\n\n<p><a href=\"https:\/\/reisen.dipas.ch\/?page_id=1835\">Weiter zum 6. Tag.<\/a><\/p>\n","protected":false},"excerpt":{"rendered":"<p>Zur\u00fcck zum 4. Tag. Lange Fahrt nach Arequipa. P\u00e9p\u00e9, unser exzellenter, fr\u00f6hlicher und aufmerksamer Fahrer von Lima bis Puno. Muchas Grazias! Immer wieder Greifv\u00f6gel oder<\/p>\n<p><a href=\"https:\/\/reisen.dipas.ch\/?page_id=1833\" class=\"more-link\">Continue reading<span class=\"screen-reader-text\">Peru 2019, 5. Tag, Mittwoch 02. Oktober<\/span><\/a><\/p>\n","protected":false},"author":1,"featured_media":0,"parent":1818,"menu_order":5,"comment_status":"closed","ping_status":"closed","template":"","meta":{"ngg_post_thumbnail":0,"footnotes":""},"class_list":["post-1833","page","type-page","status-publish","hentry"],"_links":{"self":[{"href":"https:\/\/reisen.dipas.ch\/index.php?rest_route=\/wp\/v2\/pages\/1833","targetHints":{"allow":["GET"]}}],"collection":[{"href":"https:\/\/reisen.dipas.ch\/index.php?rest_route=\/wp\/v2\/pages"}],"about":[{"href":"https:\/\/reisen.dipas.ch\/index.php?rest_route=\/wp\/v2\/types\/page"}],"author":[{"embeddable":true,"href":"https:\/\/reisen.dipas.ch\/index.php?rest_route=\/wp\/v2\/users\/1"}],"replies":[{"embeddable":true,"href":"https:\/\/reisen.dipas.ch\/index.php?rest_route=%2Fwp%2Fv2%2Fcomments&post=1833"}],"version-history":[{"count":7,"href":"https:\/\/reisen.dipas.ch\/index.php?rest_route=\/wp\/v2\/pages\/1833\/revisions"}],"predecessor-version":[{"id":3786,"href":"https:\/\/reisen.dipas.ch\/index.php?rest_route=\/wp\/v2\/pages\/1833\/revisions\/3786"}],"up":[{"embeddable":true,"href":"https:\/\/reisen.dipas.ch\/index.php?rest_route=\/wp\/v2\/pages\/1818"}],"wp:attachment":[{"href":"https:\/\/reisen.dipas.ch\/index.php?rest_route=%2Fwp%2Fv2%2Fmedia&parent=1833"}],"curies":[{"name":"wp","href":"https:\/\/api.w.org\/{rel}","templated":true}]}}