{"id":1824,"date":"2019-10-24T06:45:38","date_gmt":"2019-10-24T05:45:38","guid":{"rendered":"http:\/\/reisen.dipas.ch\/?page_id=1824"},"modified":"2021-03-03T20:33:24","modified_gmt":"2021-03-03T19:33:24","slug":"peru-2019-1-tag-samstag-28-september-2019","status":"publish","type":"page","link":"https:\/\/reisen.dipas.ch\/?page_id=1824","title":{"rendered":"Peru 2019, 1. Tag, Samstag 28. September"},"content":{"rendered":"\n<p><a href=\"https:\/\/reisen.dipas.ch\/?page_id=1818\">Zur\u00fcck zu Peru 2019.<\/a><\/p>\n\n\n\n<p>Lima, Vorinkast\u00e4tte in Miraflores, Kloster San Francisco, Altstadt.<br>Kleider einkaufen, da mein Gep\u00e4ck nicht angekommen ist.<\/p>\n\n\n\n<figure class=\"wp-block-image size-large\"><img loading=\"lazy\" decoding=\"async\" width=\"1680\" height=\"1120\" src=\"https:\/\/reisen.dipas.ch\/wp-content\/uploads\/2021\/03\/Peru_20190928_0814_7246-1680x1120.jpg\" alt=\"\" class=\"wp-image-4665\" srcset=\"https:\/\/reisen.dipas.ch\/wp-content\/uploads\/2021\/03\/Peru_20190928_0814_7246.jpg 1680w, https:\/\/reisen.dipas.ch\/wp-content\/uploads\/2021\/03\/Peru_20190928_0814_7246-700x467.jpg 700w, https:\/\/reisen.dipas.ch\/wp-content\/uploads\/2021\/03\/Peru_20190928_0814_7246-168x112.jpg 168w, https:\/\/reisen.dipas.ch\/wp-content\/uploads\/2021\/03\/Peru_20190928_0814_7246-768x512.jpg 768w, https:\/\/reisen.dipas.ch\/wp-content\/uploads\/2021\/03\/Peru_20190928_0814_7246-1536x1024.jpg 1536w\" sizes=\"auto, (max-width: 1680px) 100vw, 1680px\" \/><figcaption>Unsere Reisegruppe bestehend aus 10 Deutsdchen, zwei Schweizer, dem Reiseleiter Edwin und unserem Fahrer Pepe und einem Hilfsangestellten.<\/figcaption><\/figure>\n\n\n\n<figure class=\"wp-block-image size-large\"><img loading=\"lazy\" decoding=\"async\" width=\"1680\" height=\"1120\" src=\"https:\/\/reisen.dipas.ch\/wp-content\/uploads\/2021\/03\/Peru_20190928_0828_7248-1680x1120.jpg\" alt=\"\" class=\"wp-image-4666\" srcset=\"https:\/\/reisen.dipas.ch\/wp-content\/uploads\/2021\/03\/Peru_20190928_0828_7248.jpg 1680w, https:\/\/reisen.dipas.ch\/wp-content\/uploads\/2021\/03\/Peru_20190928_0828_7248-700x467.jpg 700w, https:\/\/reisen.dipas.ch\/wp-content\/uploads\/2021\/03\/Peru_20190928_0828_7248-168x112.jpg 168w, https:\/\/reisen.dipas.ch\/wp-content\/uploads\/2021\/03\/Peru_20190928_0828_7248-768x512.jpg 768w, https:\/\/reisen.dipas.ch\/wp-content\/uploads\/2021\/03\/Peru_20190928_0828_7248-1536x1024.jpg 1536w\" sizes=\"auto, (max-width: 1680px) 100vw, 1680px\" \/><\/figure>\n\n\n\n<figure class=\"wp-block-image size-large\"><img loading=\"lazy\" decoding=\"async\" width=\"1680\" height=\"1120\" src=\"https:\/\/reisen.dipas.ch\/wp-content\/uploads\/2021\/03\/Peru_20190928_0828_7250-1680x1120.jpg\" alt=\"\" class=\"wp-image-4667\" srcset=\"https:\/\/reisen.dipas.ch\/wp-content\/uploads\/2021\/03\/Peru_20190928_0828_7250.jpg 1680w, https:\/\/reisen.dipas.ch\/wp-content\/uploads\/2021\/03\/Peru_20190928_0828_7250-700x467.jpg 700w, https:\/\/reisen.dipas.ch\/wp-content\/uploads\/2021\/03\/Peru_20190928_0828_7250-168x112.jpg 168w, https:\/\/reisen.dipas.ch\/wp-content\/uploads\/2021\/03\/Peru_20190928_0828_7250-768x512.jpg 768w, https:\/\/reisen.dipas.ch\/wp-content\/uploads\/2021\/03\/Peru_20190928_0828_7250-1536x1024.jpg 1536w\" sizes=\"auto, (max-width: 1680px) 100vw, 1680px\" \/><\/figure>\n\n\n\n<figure class=\"wp-block-image size-large\"><img loading=\"lazy\" decoding=\"async\" width=\"1680\" height=\"1120\" src=\"https:\/\/reisen.dipas.ch\/wp-content\/uploads\/2021\/03\/Peru_20190928_0829_7252-1680x1120.jpg\" alt=\"\" class=\"wp-image-4668\" srcset=\"https:\/\/reisen.dipas.ch\/wp-content\/uploads\/2021\/03\/Peru_20190928_0829_7252.jpg 1680w, https:\/\/reisen.dipas.ch\/wp-content\/uploads\/2021\/03\/Peru_20190928_0829_7252-700x467.jpg 700w, https:\/\/reisen.dipas.ch\/wp-content\/uploads\/2021\/03\/Peru_20190928_0829_7252-168x112.jpg 168w, https:\/\/reisen.dipas.ch\/wp-content\/uploads\/2021\/03\/Peru_20190928_0829_7252-768x512.jpg 768w, https:\/\/reisen.dipas.ch\/wp-content\/uploads\/2021\/03\/Peru_20190928_0829_7252-1536x1024.jpg 1536w\" sizes=\"auto, (max-width: 1680px) 100vw, 1680px\" \/><\/figure>\n\n\n\n<figure class=\"wp-block-image size-full\"><img loading=\"lazy\" decoding=\"async\" width=\"1120\" height=\"1680\" src=\"https:\/\/reisen.dipas.ch\/wp-content\/uploads\/2021\/03\/Peru_20190928_0908_7256.jpg\" alt=\"\" class=\"wp-image-4669\" srcset=\"https:\/\/reisen.dipas.ch\/wp-content\/uploads\/2021\/03\/Peru_20190928_0908_7256.jpg 1120w, https:\/\/reisen.dipas.ch\/wp-content\/uploads\/2021\/03\/Peru_20190928_0908_7256-350x525.jpg 350w, https:\/\/reisen.dipas.ch\/wp-content\/uploads\/2021\/03\/Peru_20190928_0908_7256-747x1120.jpg 747w, https:\/\/reisen.dipas.ch\/wp-content\/uploads\/2021\/03\/Peru_20190928_0908_7256-768x1152.jpg 768w, https:\/\/reisen.dipas.ch\/wp-content\/uploads\/2021\/03\/Peru_20190928_0908_7256-1024x1536.jpg 1024w\" sizes=\"auto, (max-width: 1120px) 100vw, 1120px\" \/><\/figure>\n\n\n\n<figure class=\"wp-block-image size-full\"><img loading=\"lazy\" decoding=\"async\" width=\"1120\" height=\"1680\" src=\"https:\/\/reisen.dipas.ch\/wp-content\/uploads\/2021\/03\/Peru_20190928_0911_7258.jpg\" alt=\"\" class=\"wp-image-4670\" srcset=\"https:\/\/reisen.dipas.ch\/wp-content\/uploads\/2021\/03\/Peru_20190928_0911_7258.jpg 1120w, https:\/\/reisen.dipas.ch\/wp-content\/uploads\/2021\/03\/Peru_20190928_0911_7258-350x525.jpg 350w, https:\/\/reisen.dipas.ch\/wp-content\/uploads\/2021\/03\/Peru_20190928_0911_7258-747x1120.jpg 747w, https:\/\/reisen.dipas.ch\/wp-content\/uploads\/2021\/03\/Peru_20190928_0911_7258-768x1152.jpg 768w, https:\/\/reisen.dipas.ch\/wp-content\/uploads\/2021\/03\/Peru_20190928_0911_7258-1024x1536.jpg 1024w\" sizes=\"auto, (max-width: 1120px) 100vw, 1120px\" \/><\/figure>\n\n\n\n<figure class=\"wp-block-image size-full\"><img loading=\"lazy\" decoding=\"async\" width=\"1120\" height=\"1680\" src=\"https:\/\/reisen.dipas.ch\/wp-content\/uploads\/2021\/03\/Peru_20190928_0912_7259.jpg\" alt=\"\" class=\"wp-image-4671\" srcset=\"https:\/\/reisen.dipas.ch\/wp-content\/uploads\/2021\/03\/Peru_20190928_0912_7259.jpg 1120w, https:\/\/reisen.dipas.ch\/wp-content\/uploads\/2021\/03\/Peru_20190928_0912_7259-350x525.jpg 350w, https:\/\/reisen.dipas.ch\/wp-content\/uploads\/2021\/03\/Peru_20190928_0912_7259-747x1120.jpg 747w, https:\/\/reisen.dipas.ch\/wp-content\/uploads\/2021\/03\/Peru_20190928_0912_7259-768x1152.jpg 768w, https:\/\/reisen.dipas.ch\/wp-content\/uploads\/2021\/03\/Peru_20190928_0912_7259-1024x1536.jpg 1024w\" sizes=\"auto, (max-width: 1120px) 100vw, 1120px\" \/><\/figure>\n\n\n\n<figure class=\"wp-block-image size-large\"><img loading=\"lazy\" decoding=\"async\" width=\"1680\" height=\"1120\" src=\"https:\/\/reisen.dipas.ch\/wp-content\/uploads\/2021\/03\/Peru_20190928_0936_7263-1680x1120.jpg\" alt=\"\" class=\"wp-image-4672\" srcset=\"https:\/\/reisen.dipas.ch\/wp-content\/uploads\/2021\/03\/Peru_20190928_0936_7263.jpg 1680w, https:\/\/reisen.dipas.ch\/wp-content\/uploads\/2021\/03\/Peru_20190928_0936_7263-700x467.jpg 700w, https:\/\/reisen.dipas.ch\/wp-content\/uploads\/2021\/03\/Peru_20190928_0936_7263-168x112.jpg 168w, https:\/\/reisen.dipas.ch\/wp-content\/uploads\/2021\/03\/Peru_20190928_0936_7263-768x512.jpg 768w, https:\/\/reisen.dipas.ch\/wp-content\/uploads\/2021\/03\/Peru_20190928_0936_7263-1536x1024.jpg 1536w\" sizes=\"auto, (max-width: 1680px) 100vw, 1680px\" \/><\/figure>\n\n\n\n<figure class=\"wp-block-image size-large\"><img loading=\"lazy\" decoding=\"async\" width=\"1680\" height=\"1120\" src=\"https:\/\/reisen.dipas.ch\/wp-content\/uploads\/2021\/03\/Peru_20190928_0936_7266-1680x1120.jpg\" alt=\"\" class=\"wp-image-4673\" srcset=\"https:\/\/reisen.dipas.ch\/wp-content\/uploads\/2021\/03\/Peru_20190928_0936_7266.jpg 1680w, https:\/\/reisen.dipas.ch\/wp-content\/uploads\/2021\/03\/Peru_20190928_0936_7266-700x467.jpg 700w, https:\/\/reisen.dipas.ch\/wp-content\/uploads\/2021\/03\/Peru_20190928_0936_7266-168x112.jpg 168w, https:\/\/reisen.dipas.ch\/wp-content\/uploads\/2021\/03\/Peru_20190928_0936_7266-768x512.jpg 768w, https:\/\/reisen.dipas.ch\/wp-content\/uploads\/2021\/03\/Peru_20190928_0936_7266-1536x1024.jpg 1536w\" sizes=\"auto, (max-width: 1680px) 100vw, 1680px\" \/><\/figure>\n\n\n\n<figure class=\"wp-block-image size-large\"><img loading=\"lazy\" decoding=\"async\" width=\"1680\" height=\"1120\" src=\"https:\/\/reisen.dipas.ch\/wp-content\/uploads\/2021\/03\/Peru_20190928_0936_7268-1680x1120.jpg\" alt=\"\" class=\"wp-image-4674\" srcset=\"https:\/\/reisen.dipas.ch\/wp-content\/uploads\/2021\/03\/Peru_20190928_0936_7268.jpg 1680w, https:\/\/reisen.dipas.ch\/wp-content\/uploads\/2021\/03\/Peru_20190928_0936_7268-700x467.jpg 700w, https:\/\/reisen.dipas.ch\/wp-content\/uploads\/2021\/03\/Peru_20190928_0936_7268-168x112.jpg 168w, https:\/\/reisen.dipas.ch\/wp-content\/uploads\/2021\/03\/Peru_20190928_0936_7268-768x512.jpg 768w, https:\/\/reisen.dipas.ch\/wp-content\/uploads\/2021\/03\/Peru_20190928_0936_7268-1536x1024.jpg 1536w\" sizes=\"auto, (max-width: 1680px) 100vw, 1680px\" \/><\/figure>\n\n\n\n<figure class=\"wp-block-image size-full\"><img loading=\"lazy\" decoding=\"async\" width=\"1120\" height=\"1680\" src=\"https:\/\/reisen.dipas.ch\/wp-content\/uploads\/2021\/03\/Peru_20190928_0941_7271.jpg\" alt=\"\" class=\"wp-image-4675\" srcset=\"https:\/\/reisen.dipas.ch\/wp-content\/uploads\/2021\/03\/Peru_20190928_0941_7271.jpg 1120w, https:\/\/reisen.dipas.ch\/wp-content\/uploads\/2021\/03\/Peru_20190928_0941_7271-350x525.jpg 350w, https:\/\/reisen.dipas.ch\/wp-content\/uploads\/2021\/03\/Peru_20190928_0941_7271-747x1120.jpg 747w, https:\/\/reisen.dipas.ch\/wp-content\/uploads\/2021\/03\/Peru_20190928_0941_7271-768x1152.jpg 768w, https:\/\/reisen.dipas.ch\/wp-content\/uploads\/2021\/03\/Peru_20190928_0941_7271-1024x1536.jpg 1024w\" sizes=\"auto, (max-width: 1120px) 100vw, 1120px\" \/><\/figure>\n\n\n\n<figure class=\"wp-block-image size-full\"><img loading=\"lazy\" decoding=\"async\" width=\"1120\" height=\"1680\" src=\"https:\/\/reisen.dipas.ch\/wp-content\/uploads\/2021\/03\/Peru_20190928_0948_7276.jpg\" alt=\"\" class=\"wp-image-4676\" srcset=\"https:\/\/reisen.dipas.ch\/wp-content\/uploads\/2021\/03\/Peru_20190928_0948_7276.jpg 1120w, https:\/\/reisen.dipas.ch\/wp-content\/uploads\/2021\/03\/Peru_20190928_0948_7276-350x525.jpg 350w, https:\/\/reisen.dipas.ch\/wp-content\/uploads\/2021\/03\/Peru_20190928_0948_7276-747x1120.jpg 747w, https:\/\/reisen.dipas.ch\/wp-content\/uploads\/2021\/03\/Peru_20190928_0948_7276-768x1152.jpg 768w, https:\/\/reisen.dipas.ch\/wp-content\/uploads\/2021\/03\/Peru_20190928_0948_7276-1024x1536.jpg 1024w\" sizes=\"auto, (max-width: 1120px) 100vw, 1120px\" \/><\/figure>\n\n\n\n<figure class=\"wp-block-image size-full\"><img loading=\"lazy\" decoding=\"async\" width=\"1120\" height=\"1680\" src=\"https:\/\/reisen.dipas.ch\/wp-content\/uploads\/2021\/03\/Peru_20190928_0951_7280.jpg\" alt=\"\" class=\"wp-image-4677\" srcset=\"https:\/\/reisen.dipas.ch\/wp-content\/uploads\/2021\/03\/Peru_20190928_0951_7280.jpg 1120w, https:\/\/reisen.dipas.ch\/wp-content\/uploads\/2021\/03\/Peru_20190928_0951_7280-350x525.jpg 350w, https:\/\/reisen.dipas.ch\/wp-content\/uploads\/2021\/03\/Peru_20190928_0951_7280-747x1120.jpg 747w, https:\/\/reisen.dipas.ch\/wp-content\/uploads\/2021\/03\/Peru_20190928_0951_7280-768x1152.jpg 768w, https:\/\/reisen.dipas.ch\/wp-content\/uploads\/2021\/03\/Peru_20190928_0951_7280-1024x1536.jpg 1024w\" sizes=\"auto, (max-width: 1120px) 100vw, 1120px\" \/><\/figure>\n\n\n\n<figure class=\"wp-block-image size-full\"><img loading=\"lazy\" decoding=\"async\" width=\"1120\" height=\"1680\" src=\"https:\/\/reisen.dipas.ch\/wp-content\/uploads\/2021\/03\/Peru_20190928_1002_7283.jpg\" alt=\"\" class=\"wp-image-4678\" srcset=\"https:\/\/reisen.dipas.ch\/wp-content\/uploads\/2021\/03\/Peru_20190928_1002_7283.jpg 1120w, https:\/\/reisen.dipas.ch\/wp-content\/uploads\/2021\/03\/Peru_20190928_1002_7283-350x525.jpg 350w, https:\/\/reisen.dipas.ch\/wp-content\/uploads\/2021\/03\/Peru_20190928_1002_7283-747x1120.jpg 747w, https:\/\/reisen.dipas.ch\/wp-content\/uploads\/2021\/03\/Peru_20190928_1002_7283-768x1152.jpg 768w, https:\/\/reisen.dipas.ch\/wp-content\/uploads\/2021\/03\/Peru_20190928_1002_7283-1024x1536.jpg 1024w\" sizes=\"auto, (max-width: 1120px) 100vw, 1120px\" \/><\/figure>\n\n\n\n<figure class=\"wp-block-image size-full\"><img loading=\"lazy\" decoding=\"async\" width=\"1120\" height=\"1680\" src=\"https:\/\/reisen.dipas.ch\/wp-content\/uploads\/2021\/03\/Peru_20190928_1002_7284.jpg\" alt=\"\" class=\"wp-image-4679\" srcset=\"https:\/\/reisen.dipas.ch\/wp-content\/uploads\/2021\/03\/Peru_20190928_1002_7284.jpg 1120w, https:\/\/reisen.dipas.ch\/wp-content\/uploads\/2021\/03\/Peru_20190928_1002_7284-350x525.jpg 350w, https:\/\/reisen.dipas.ch\/wp-content\/uploads\/2021\/03\/Peru_20190928_1002_7284-747x1120.jpg 747w, https:\/\/reisen.dipas.ch\/wp-content\/uploads\/2021\/03\/Peru_20190928_1002_7284-768x1152.jpg 768w, https:\/\/reisen.dipas.ch\/wp-content\/uploads\/2021\/03\/Peru_20190928_1002_7284-1024x1536.jpg 1024w\" sizes=\"auto, (max-width: 1120px) 100vw, 1120px\" \/><\/figure>\n\n\n\n<figure class=\"wp-block-image size-full\"><img loading=\"lazy\" decoding=\"async\" width=\"1120\" height=\"1680\" src=\"https:\/\/reisen.dipas.ch\/wp-content\/uploads\/2021\/03\/Peru_20190928_1007_7285.jpg\" alt=\"\" class=\"wp-image-4680\" srcset=\"https:\/\/reisen.dipas.ch\/wp-content\/uploads\/2021\/03\/Peru_20190928_1007_7285.jpg 1120w, https:\/\/reisen.dipas.ch\/wp-content\/uploads\/2021\/03\/Peru_20190928_1007_7285-350x525.jpg 350w, https:\/\/reisen.dipas.ch\/wp-content\/uploads\/2021\/03\/Peru_20190928_1007_7285-747x1120.jpg 747w, https:\/\/reisen.dipas.ch\/wp-content\/uploads\/2021\/03\/Peru_20190928_1007_7285-768x1152.jpg 768w, https:\/\/reisen.dipas.ch\/wp-content\/uploads\/2021\/03\/Peru_20190928_1007_7285-1024x1536.jpg 1024w\" sizes=\"auto, (max-width: 1120px) 100vw, 1120px\" \/><\/figure>\n\n\n\n<figure class=\"wp-block-image size-large\"><img loading=\"lazy\" decoding=\"async\" width=\"1680\" height=\"1120\" src=\"https:\/\/reisen.dipas.ch\/wp-content\/uploads\/2021\/03\/Peru_20190928_1007_7286-1680x1120.jpg\" alt=\"\" class=\"wp-image-4681\" srcset=\"https:\/\/reisen.dipas.ch\/wp-content\/uploads\/2021\/03\/Peru_20190928_1007_7286.jpg 1680w, https:\/\/reisen.dipas.ch\/wp-content\/uploads\/2021\/03\/Peru_20190928_1007_7286-700x467.jpg 700w, https:\/\/reisen.dipas.ch\/wp-content\/uploads\/2021\/03\/Peru_20190928_1007_7286-168x112.jpg 168w, https:\/\/reisen.dipas.ch\/wp-content\/uploads\/2021\/03\/Peru_20190928_1007_7286-768x512.jpg 768w, https:\/\/reisen.dipas.ch\/wp-content\/uploads\/2021\/03\/Peru_20190928_1007_7286-1536x1024.jpg 1536w\" sizes=\"auto, (max-width: 1680px) 100vw, 1680px\" \/><\/figure>\n\n\n\n<figure class=\"wp-block-image size-full\"><img loading=\"lazy\" decoding=\"async\" width=\"1120\" height=\"1680\" src=\"https:\/\/reisen.dipas.ch\/wp-content\/uploads\/2021\/03\/Peru_20190928_1010_7288.jpg\" alt=\"\" class=\"wp-image-4682\" srcset=\"https:\/\/reisen.dipas.ch\/wp-content\/uploads\/2021\/03\/Peru_20190928_1010_7288.jpg 1120w, https:\/\/reisen.dipas.ch\/wp-content\/uploads\/2021\/03\/Peru_20190928_1010_7288-350x525.jpg 350w, https:\/\/reisen.dipas.ch\/wp-content\/uploads\/2021\/03\/Peru_20190928_1010_7288-747x1120.jpg 747w, https:\/\/reisen.dipas.ch\/wp-content\/uploads\/2021\/03\/Peru_20190928_1010_7288-768x1152.jpg 768w, https:\/\/reisen.dipas.ch\/wp-content\/uploads\/2021\/03\/Peru_20190928_1010_7288-1024x1536.jpg 1024w\" sizes=\"auto, (max-width: 1120px) 100vw, 1120px\" \/><\/figure>\n\n\n\n<figure class=\"wp-block-image size-full\"><img loading=\"lazy\" decoding=\"async\" width=\"1120\" height=\"1680\" src=\"https:\/\/reisen.dipas.ch\/wp-content\/uploads\/2021\/03\/Peru_20190928_1031_7290.jpg\" alt=\"\" class=\"wp-image-4683\" srcset=\"https:\/\/reisen.dipas.ch\/wp-content\/uploads\/2021\/03\/Peru_20190928_1031_7290.jpg 1120w, https:\/\/reisen.dipas.ch\/wp-content\/uploads\/2021\/03\/Peru_20190928_1031_7290-350x525.jpg 350w, https:\/\/reisen.dipas.ch\/wp-content\/uploads\/2021\/03\/Peru_20190928_1031_7290-747x1120.jpg 747w, https:\/\/reisen.dipas.ch\/wp-content\/uploads\/2021\/03\/Peru_20190928_1031_7290-768x1152.jpg 768w, https:\/\/reisen.dipas.ch\/wp-content\/uploads\/2021\/03\/Peru_20190928_1031_7290-1024x1536.jpg 1024w\" sizes=\"auto, (max-width: 1120px) 100vw, 1120px\" \/><\/figure>\n\n\n\n<figure class=\"wp-block-image size-full\"><img loading=\"lazy\" decoding=\"async\" width=\"1120\" height=\"1680\" src=\"https:\/\/reisen.dipas.ch\/wp-content\/uploads\/2021\/03\/Peru_20190928_1031_7291.jpg\" alt=\"\" class=\"wp-image-4684\" srcset=\"https:\/\/reisen.dipas.ch\/wp-content\/uploads\/2021\/03\/Peru_20190928_1031_7291.jpg 1120w, https:\/\/reisen.dipas.ch\/wp-content\/uploads\/2021\/03\/Peru_20190928_1031_7291-350x525.jpg 350w, https:\/\/reisen.dipas.ch\/wp-content\/uploads\/2021\/03\/Peru_20190928_1031_7291-747x1120.jpg 747w, https:\/\/reisen.dipas.ch\/wp-content\/uploads\/2021\/03\/Peru_20190928_1031_7291-768x1152.jpg 768w, https:\/\/reisen.dipas.ch\/wp-content\/uploads\/2021\/03\/Peru_20190928_1031_7291-1024x1536.jpg 1024w\" sizes=\"auto, (max-width: 1120px) 100vw, 1120px\" \/><\/figure>\n\n\n\n<figure class=\"wp-block-image size-large\"><img loading=\"lazy\" decoding=\"async\" width=\"1680\" height=\"1120\" src=\"https:\/\/reisen.dipas.ch\/wp-content\/uploads\/2021\/03\/Peru_20190928_1031_7292-1680x1120.jpg\" alt=\"\" class=\"wp-image-4685\" srcset=\"https:\/\/reisen.dipas.ch\/wp-content\/uploads\/2021\/03\/Peru_20190928_1031_7292.jpg 1680w, https:\/\/reisen.dipas.ch\/wp-content\/uploads\/2021\/03\/Peru_20190928_1031_7292-700x467.jpg 700w, https:\/\/reisen.dipas.ch\/wp-content\/uploads\/2021\/03\/Peru_20190928_1031_7292-168x112.jpg 168w, https:\/\/reisen.dipas.ch\/wp-content\/uploads\/2021\/03\/Peru_20190928_1031_7292-768x512.jpg 768w, https:\/\/reisen.dipas.ch\/wp-content\/uploads\/2021\/03\/Peru_20190928_1031_7292-1536x1024.jpg 1536w\" sizes=\"auto, (max-width: 1680px) 100vw, 1680px\" \/><\/figure>\n\n\n\n<figure class=\"wp-block-image size-large\"><img loading=\"lazy\" decoding=\"async\" width=\"1680\" height=\"1120\" src=\"https:\/\/reisen.dipas.ch\/wp-content\/uploads\/2021\/03\/Peru_20190928_1130_7299-1680x1120.jpg\" alt=\"\" class=\"wp-image-4686\" srcset=\"https:\/\/reisen.dipas.ch\/wp-content\/uploads\/2021\/03\/Peru_20190928_1130_7299.jpg 1680w, https:\/\/reisen.dipas.ch\/wp-content\/uploads\/2021\/03\/Peru_20190928_1130_7299-700x467.jpg 700w, https:\/\/reisen.dipas.ch\/wp-content\/uploads\/2021\/03\/Peru_20190928_1130_7299-168x112.jpg 168w, https:\/\/reisen.dipas.ch\/wp-content\/uploads\/2021\/03\/Peru_20190928_1130_7299-768x512.jpg 768w, https:\/\/reisen.dipas.ch\/wp-content\/uploads\/2021\/03\/Peru_20190928_1130_7299-1536x1024.jpg 1536w\" sizes=\"auto, (max-width: 1680px) 100vw, 1680px\" \/><\/figure>\n\n\n\n<figure class=\"wp-block-image size-large\"><img loading=\"lazy\" decoding=\"async\" width=\"1680\" height=\"1120\" src=\"https:\/\/reisen.dipas.ch\/wp-content\/uploads\/2021\/03\/Peru_20190928_1154_7303-1680x1120.jpg\" alt=\"\" class=\"wp-image-4687\" srcset=\"https:\/\/reisen.dipas.ch\/wp-content\/uploads\/2021\/03\/Peru_20190928_1154_7303.jpg 1680w, https:\/\/reisen.dipas.ch\/wp-content\/uploads\/2021\/03\/Peru_20190928_1154_7303-700x467.jpg 700w, https:\/\/reisen.dipas.ch\/wp-content\/uploads\/2021\/03\/Peru_20190928_1154_7303-168x112.jpg 168w, https:\/\/reisen.dipas.ch\/wp-content\/uploads\/2021\/03\/Peru_20190928_1154_7303-768x512.jpg 768w, https:\/\/reisen.dipas.ch\/wp-content\/uploads\/2021\/03\/Peru_20190928_1154_7303-1536x1024.jpg 1536w\" sizes=\"auto, (max-width: 1680px) 100vw, 1680px\" \/><\/figure>\n\n\n\n<figure class=\"wp-block-image size-full\"><img loading=\"lazy\" decoding=\"async\" width=\"1120\" height=\"1680\" src=\"https:\/\/reisen.dipas.ch\/wp-content\/uploads\/2021\/03\/Peru_20190928_1157_7304.jpg\" alt=\"\" class=\"wp-image-4688\" srcset=\"https:\/\/reisen.dipas.ch\/wp-content\/uploads\/2021\/03\/Peru_20190928_1157_7304.jpg 1120w, https:\/\/reisen.dipas.ch\/wp-content\/uploads\/2021\/03\/Peru_20190928_1157_7304-350x525.jpg 350w, https:\/\/reisen.dipas.ch\/wp-content\/uploads\/2021\/03\/Peru_20190928_1157_7304-747x1120.jpg 747w, https:\/\/reisen.dipas.ch\/wp-content\/uploads\/2021\/03\/Peru_20190928_1157_7304-768x1152.jpg 768w, https:\/\/reisen.dipas.ch\/wp-content\/uploads\/2021\/03\/Peru_20190928_1157_7304-1024x1536.jpg 1024w\" sizes=\"auto, (max-width: 1120px) 100vw, 1120px\" \/><\/figure>\n\n\n\n<figure class=\"wp-block-image size-large\"><img loading=\"lazy\" decoding=\"async\" width=\"1680\" height=\"1120\" src=\"https:\/\/reisen.dipas.ch\/wp-content\/uploads\/2021\/03\/Peru_20190928_1204_7305-1680x1120.jpg\" alt=\"\" class=\"wp-image-4689\" srcset=\"https:\/\/reisen.dipas.ch\/wp-content\/uploads\/2021\/03\/Peru_20190928_1204_7305.jpg 1680w, https:\/\/reisen.dipas.ch\/wp-content\/uploads\/2021\/03\/Peru_20190928_1204_7305-700x467.jpg 700w, https:\/\/reisen.dipas.ch\/wp-content\/uploads\/2021\/03\/Peru_20190928_1204_7305-168x112.jpg 168w, https:\/\/reisen.dipas.ch\/wp-content\/uploads\/2021\/03\/Peru_20190928_1204_7305-768x512.jpg 768w, https:\/\/reisen.dipas.ch\/wp-content\/uploads\/2021\/03\/Peru_20190928_1204_7305-1536x1024.jpg 1536w\" sizes=\"auto, (max-width: 1680px) 100vw, 1680px\" \/><\/figure>\n\n\n\n<figure class=\"wp-block-image size-large\"><img loading=\"lazy\" decoding=\"async\" width=\"1493\" height=\"1120\" src=\"https:\/\/reisen.dipas.ch\/wp-content\/uploads\/2021\/03\/Peru_20190928_1714_9021_U-1493x1120.jpg\" alt=\"\" class=\"wp-image-4693\" srcset=\"https:\/\/reisen.dipas.ch\/wp-content\/uploads\/2021\/03\/Peru_20190928_1714_9021_U-1493x1120.jpg 1493w, https:\/\/reisen.dipas.ch\/wp-content\/uploads\/2021\/03\/Peru_20190928_1714_9021_U-700x525.jpg 700w, https:\/\/reisen.dipas.ch\/wp-content\/uploads\/2021\/03\/Peru_20190928_1714_9021_U-768x576.jpg 768w, https:\/\/reisen.dipas.ch\/wp-content\/uploads\/2021\/03\/Peru_20190928_1714_9021_U-1536x1152.jpg 1536w, https:\/\/reisen.dipas.ch\/wp-content\/uploads\/2021\/03\/Peru_20190928_1714_9021_U-440x330.jpg 440w, https:\/\/reisen.dipas.ch\/wp-content\/uploads\/2021\/03\/Peru_20190928_1714_9021_U.jpg 1680w\" sizes=\"auto, (max-width: 1493px) 100vw, 1493px\" \/><\/figure>\n\n\n\n<figure class=\"wp-block-image size-large\"><img loading=\"lazy\" decoding=\"async\" width=\"1493\" height=\"1120\" src=\"https:\/\/reisen.dipas.ch\/wp-content\/uploads\/2021\/03\/Peru_20190928_1858_9039_U-1493x1120.jpg\" alt=\"\" class=\"wp-image-4695\" srcset=\"https:\/\/reisen.dipas.ch\/wp-content\/uploads\/2021\/03\/Peru_20190928_1858_9039_U-1493x1120.jpg 1493w, https:\/\/reisen.dipas.ch\/wp-content\/uploads\/2021\/03\/Peru_20190928_1858_9039_U-700x525.jpg 700w, https:\/\/reisen.dipas.ch\/wp-content\/uploads\/2021\/03\/Peru_20190928_1858_9039_U-768x576.jpg 768w, https:\/\/reisen.dipas.ch\/wp-content\/uploads\/2021\/03\/Peru_20190928_1858_9039_U-1536x1152.jpg 1536w, https:\/\/reisen.dipas.ch\/wp-content\/uploads\/2021\/03\/Peru_20190928_1858_9039_U-440x330.jpg 440w, https:\/\/reisen.dipas.ch\/wp-content\/uploads\/2021\/03\/Peru_20190928_1858_9039_U.jpg 1680w\" sizes=\"auto, (max-width: 1493px) 100vw, 1493px\" \/><\/figure>\n\n\n\n<figure class=\"wp-block-image size-full is-style-default\"><img loading=\"lazy\" decoding=\"async\" width=\"1260\" height=\"1680\" src=\"https:\/\/reisen.dipas.ch\/wp-content\/uploads\/2021\/03\/Peru_20190928_1914_9047_U.jpg\" alt=\"\" class=\"wp-image-4696\" srcset=\"https:\/\/reisen.dipas.ch\/wp-content\/uploads\/2021\/03\/Peru_20190928_1914_9047_U.jpg 1260w, https:\/\/reisen.dipas.ch\/wp-content\/uploads\/2021\/03\/Peru_20190928_1914_9047_U-394x525.jpg 394w, https:\/\/reisen.dipas.ch\/wp-content\/uploads\/2021\/03\/Peru_20190928_1914_9047_U-840x1120.jpg 840w, https:\/\/reisen.dipas.ch\/wp-content\/uploads\/2021\/03\/Peru_20190928_1914_9047_U-768x1024.jpg 768w, https:\/\/reisen.dipas.ch\/wp-content\/uploads\/2021\/03\/Peru_20190928_1914_9047_U-1152x1536.jpg 1152w\" sizes=\"auto, (max-width: 1260px) 100vw, 1260px\" \/><\/figure>\n\n\n\n<figure class=\"wp-block-image size-large is-style-default\"><img loading=\"lazy\" decoding=\"async\" width=\"1680\" height=\"1120\" src=\"https:\/\/reisen.dipas.ch\/wp-content\/uploads\/2021\/03\/Peru_20190928_1205_7307-1680x1120.jpg\" alt=\"\" class=\"wp-image-4690\" srcset=\"https:\/\/reisen.dipas.ch\/wp-content\/uploads\/2021\/03\/Peru_20190928_1205_7307.jpg 1680w, https:\/\/reisen.dipas.ch\/wp-content\/uploads\/2021\/03\/Peru_20190928_1205_7307-700x467.jpg 700w, https:\/\/reisen.dipas.ch\/wp-content\/uploads\/2021\/03\/Peru_20190928_1205_7307-168x112.jpg 168w, https:\/\/reisen.dipas.ch\/wp-content\/uploads\/2021\/03\/Peru_20190928_1205_7307-768x512.jpg 768w, https:\/\/reisen.dipas.ch\/wp-content\/uploads\/2021\/03\/Peru_20190928_1205_7307-1536x1024.jpg 1536w\" sizes=\"auto, (max-width: 1680px) 100vw, 1680px\" \/><\/figure>\n\n\n\n<figure class=\"wp-block-image size-large is-style-default\"><img loading=\"lazy\" decoding=\"async\" width=\"1680\" height=\"1120\" src=\"https:\/\/reisen.dipas.ch\/wp-content\/uploads\/2021\/03\/Peru_20190928_1206_7308-1680x1120.jpg\" alt=\"\" class=\"wp-image-4691\" srcset=\"https:\/\/reisen.dipas.ch\/wp-content\/uploads\/2021\/03\/Peru_20190928_1206_7308.jpg 1680w, https:\/\/reisen.dipas.ch\/wp-content\/uploads\/2021\/03\/Peru_20190928_1206_7308-700x467.jpg 700w, https:\/\/reisen.dipas.ch\/wp-content\/uploads\/2021\/03\/Peru_20190928_1206_7308-168x112.jpg 168w, https:\/\/reisen.dipas.ch\/wp-content\/uploads\/2021\/03\/Peru_20190928_1206_7308-768x512.jpg 768w, https:\/\/reisen.dipas.ch\/wp-content\/uploads\/2021\/03\/Peru_20190928_1206_7308-1536x1024.jpg 1536w\" sizes=\"auto, (max-width: 1680px) 100vw, 1680px\" \/><\/figure>\n\n\n\n<p><a href=\"https:\/\/reisen.dipas.ch\/?page_id=1826\">Weiter zum 2. Tag.<\/a><\/p>\n","protected":false},"excerpt":{"rendered":"<p>Zur\u00fcck zu Peru 2019. Lima, Vorinkast\u00e4tte in Miraflores, Kloster San Francisco, Altstadt.Kleider einkaufen, da mein Gep\u00e4ck nicht angekommen ist. Weiter zum 2. Tag.<\/p>\n","protected":false},"author":1,"featured_media":0,"parent":1818,"menu_order":1,"comment_status":"closed","ping_status":"closed","template":"","meta":{"ngg_post_thumbnail":0,"footnotes":""},"class_list":["post-1824","page","type-page","status-publish","hentry"],"_links":{"self":[{"href":"https:\/\/reisen.dipas.ch\/index.php?rest_route=\/wp\/v2\/pages\/1824","targetHints":{"allow":["GET"]}}],"collection":[{"href":"https:\/\/reisen.dipas.ch\/index.php?rest_route=\/wp\/v2\/pages"}],"about":[{"href":"https:\/\/reisen.dipas.ch\/index.php?rest_route=\/wp\/v2\/types\/page"}],"author":[{"embeddable":true,"href":"https:\/\/reisen.dipas.ch\/index.php?rest_route=\/wp\/v2\/users\/1"}],"replies":[{"embeddable":true,"href":"https:\/\/reisen.dipas.ch\/index.php?rest_route=%2Fwp%2Fv2%2Fcomments&post=1824"}],"version-history":[{"count":12,"href":"https:\/\/reisen.dipas.ch\/index.php?rest_route=\/wp\/v2\/pages\/1824\/revisions"}],"predecessor-version":[{"id":4697,"href":"https:\/\/reisen.dipas.ch\/index.php?rest_route=\/wp\/v2\/pages\/1824\/revisions\/4697"}],"up":[{"embeddable":true,"href":"https:\/\/reisen.dipas.ch\/index.php?rest_route=\/wp\/v2\/pages\/1818"}],"wp:attachment":[{"href":"https:\/\/reisen.dipas.ch\/index.php?rest_route=%2Fwp%2Fv2%2Fmedia&parent=1824"}],"curies":[{"name":"wp","href":"https:\/\/api.w.org\/{rel}","templated":true}]}}