{"id":1818,"date":"2019-10-23T20:42:00","date_gmt":"2019-10-23T19:42:00","guid":{"rendered":"http:\/\/reisen.dipas.ch\/?page_id=1818"},"modified":"2021-01-01T22:13:24","modified_gmt":"2021-01-01T21:13:24","slug":"peru-2019","status":"publish","type":"page","link":"https:\/\/reisen.dipas.ch\/?page_id=1818","title":{"rendered":"Peru 2019"},"content":{"rendered":"<p>Eine gef\u00fchrte Reise durch das wunderbare, vielf\u00e4ltige Andenland.<br>Vom 27. September 2019 bis 19. Oktober 2019.<\/p>\n<p>Reiseorganisation: PapayaTours K\u00f6ln<br>Hauptreiseleiter: Edwin Quispe<\/p>\n<div class=\"map_wrapper\" id=\"map_wrapper_2236\">\n<div class=\"map_box\" style=\"max-width:2200px\">\n<div class=\"map_aspect_ratio\" style=\"padding-top:65%\" data-padding-top=\"65%\" data-padding-top-mobile=\"\">\n<div class=\"map_container\">\n<div class=\"map_render map_loading\" id=\"map_2236\"><\/div>\n<\/div>\n<\/div>\n<\/div>\n<\/div>\n\n\n<ul class=\"wp-block-list\"><li><a href=\"https:\/\/reisen.dipas.ch\/?page_id=1824\">1. Tag &#8211; Lima<\/a><\/li><li><a href=\"https:\/\/reisen.dipas.ch\/?page_id=1826\">2. Tag &#8211; Ballestas Inseln, Pisco, Huacachina<\/a><\/li><li><a href=\"https:\/\/reisen.dipas.ch\/?page_id=1829\">3. Tag &#8211; Maria Reiche Museum, \u00dcberflug Nasca<\/a><\/li><li><a href=\"https:\/\/reisen.dipas.ch\/?page_id=1831\">4. Tag &#8211; Lehmpyramide Cahuachi, Gr\u00e4ber, Puerto Inka<\/a><\/li><li><a href=\"https:\/\/reisen.dipas.ch\/?page_id=1833\">5. Tag &#8211; Puerto Inka nach Arequipa<\/a><\/li><li><a href=\"https:\/\/reisen.dipas.ch\/?page_id=1835\">6. Tag &#8211; Arequipa<\/a><\/li><li><a href=\"https:\/\/reisen.dipas.ch\/?page_id=1837\">7. Tag &#8211; Fahrt zum Colca Canyon, Mountain Bike Fahrt<\/a><\/li><li><a href=\"https:\/\/reisen.dipas.ch\/?page_id=1839\">8. Tag &#8211; Colca Canyon, Condor, kleine Wanderung<\/a><\/li><li><a href=\"https:\/\/reisen.dipas.ch\/?page_id=1841\">9. Tag &#8211; Fahrt Colca nach Puno, Musikfest in Puno<\/a><\/li><li><a href=\"https:\/\/reisen.dipas.ch\/?page_id=1843\">10. Tag &#8211; Los Uros, Llach\u00f3n<\/a><\/li><li><a href=\"https:\/\/reisen.dipas.ch\/?page_id=1845\">11. Tag &#8211; Llach\u00f3n, kleine Wanderung, Segeln<\/a><\/li><li><a href=\"https:\/\/reisen.dipas.ch\/?page_id=1847\">12. Tag &#8211; Fahrt nach Cusco<\/a><\/li><li><a href=\"https:\/\/reisen.dipas.ch\/?page_id=1849\">13. Tag &#8211; In und um Cusco<\/a><\/li><li><a href=\"https:\/\/reisen.dipas.ch\/?page_id=1851\">14. Tag &#8211; Start  Salkatay Trail, Inka Wasserkanal, Humantay See<\/a><\/li><li><a href=\"https:\/\/reisen.dipas.ch\/?page_id=1853\">15. Tag &#8211; Wanderung  Salkantay Trail<\/a><\/li><li><a href=\"https:\/\/reisen.dipas.ch\/?page_id=1855\">16. Tag &#8211; Fahrt nach Hidroelectrica, Wanderung nach Aquas Calientes<\/a><\/li><li><a href=\"https:\/\/reisen.dipas.ch\/?page_id=1857\">17. Tag &#8211; Machu Picchu, Zugfahrt nach Ollantaytambo, Cusco<\/a><\/li><li><a href=\"https:\/\/reisen.dipas.ch\/?page_id=1859\">18. Tag &#8211; Cusco, Extra Ausflug Monta\u00f1a de Colores Palccoyo<\/a><\/li><li><a href=\"https:\/\/reisen.dipas.ch\/?page_id=1861\">19. Tag &#8211; Anreise Tampopata Reservat<\/a><\/li><li><a href=\"https:\/\/reisen.dipas.ch\/?page_id=1863\">20. Tag &#8211; Ausflug Papageien, Rund um die Lodge, Kaymane<\/a><\/li><li><a href=\"https:\/\/reisen.dipas.ch\/?page_id=1865\">21. Tag &#8211; R\u00fcckreise \u00fcber Cusco<\/a><\/li><\/ul>\n","protected":false},"excerpt":{"rendered":"<p>Eine gef\u00fchrte Reise durch das wunderbare, vielf\u00e4ltige Andenland.Vom 27. September 2019 bis 19. Oktober 2019. Reiseorganisation: PapayaTours K\u00f6lnHauptreiseleiter: Edwin Quispe 1. Tag &#8211; Lima 2.<\/p>\n<p><a href=\"https:\/\/reisen.dipas.ch\/?page_id=1818\" class=\"more-link\">Continue reading<span class=\"screen-reader-text\">Peru 2019<\/span><\/a><\/p>\n","protected":false},"author":1,"featured_media":0,"parent":0,"menu_order":0,"comment_status":"closed","ping_status":"closed","template":"","meta":{"ngg_post_thumbnail":0,"footnotes":""},"class_list":["post-1818","page","type-page","status-publish","hentry"],"_links":{"self":[{"href":"https:\/\/reisen.dipas.ch\/index.php?rest_route=\/wp\/v2\/pages\/1818","targetHints":{"allow":["GET"]}}],"collection":[{"href":"https:\/\/reisen.dipas.ch\/index.php?rest_route=\/wp\/v2\/pages"}],"about":[{"href":"https:\/\/reisen.dipas.ch\/index.php?rest_route=\/wp\/v2\/types\/page"}],"author":[{"embeddable":true,"href":"https:\/\/reisen.dipas.ch\/index.php?rest_route=\/wp\/v2\/users\/1"}],"replies":[{"embeddable":true,"href":"https:\/\/reisen.dipas.ch\/index.php?rest_route=%2Fwp%2Fv2%2Fcomments&post=1818"}],"version-history":[{"count":13,"href":"https:\/\/reisen.dipas.ch\/index.php?rest_route=\/wp\/v2\/pages\/1818\/revisions"}],"predecessor-version":[{"id":2240,"href":"https:\/\/reisen.dipas.ch\/index.php?rest_route=\/wp\/v2\/pages\/1818\/revisions\/2240"}],"wp:attachment":[{"href":"https:\/\/reisen.dipas.ch\/index.php?rest_route=%2Fwp%2Fv2%2Fmedia&parent=1818"}],"curies":[{"name":"wp","href":"https:\/\/api.w.org\/{rel}","templated":true}]}}