{"id":1307,"date":"2018-12-07T23:05:08","date_gmt":"2018-12-07T22:05:08","guid":{"rendered":"http:\/\/reisen.dipas.ch\/?page_id=1307"},"modified":"2021-01-07T22:55:27","modified_gmt":"2021-01-07T21:55:27","slug":"uganda-2018-3-tag-fahrt-nach-fort-portal","status":"publish","type":"page","link":"https:\/\/reisen.dipas.ch\/?page_id=1307","title":{"rendered":"Uganda 2018, 4. Tag Fahrt nach Fort Portal"},"content":{"rendered":"\n<p><a href=\"https:\/\/reisen.dipas.ch\/?page_id=1234\">Zur\u00fcck zu Uganda 2018, 3. Tag<\/a><\/p>\n\n\n\n<p>Was f\u00fcr eine m\u00fchsame Fahrt (484 km) nach Fort Portal. Das ist selbst f\u00fcr hart gesottene Reisende und vor allem f\u00fcr den Fahrer eine Tortur. Chapeau dem Fahrer. So eine lange Baustelle (mindestens 100km lang) habe ich noch nicht erlebt. Die Chinese wissen ja wie lange Strassen zu erneuern sind, es ist auch ab und an ein chinesischer Bauf\u00fchrer auszumachen.<br>In vielleicht zwei Jahren d\u00fcrfte die Strecke viel einfacher zu fahren sein.<br>Ein Fahrzeug hatte unterwegs einen Getriebeschaden. Das Fahrzeug musste ersetzt werden.<\/p>\n\n\n\n<p>An diesem Tag gibt es zur Entspannung mal keine Aufnahmen.<\/p>\n\n\n\n<p><a href=\"https:\/\/reisen.dipas.ch\/?page_id=1326\">Weiter zu Uganda 2018, 5. Tag<\/a><\/p>\n","protected":false},"excerpt":{"rendered":"<p>Zur\u00fcck zu Uganda 2018, 3. Tag Was f\u00fcr eine m\u00fchsame Fahrt (484 km) nach Fort Portal. Das ist selbst f\u00fcr hart gesottene Reisende und vor<\/p>\n<p><a href=\"https:\/\/reisen.dipas.ch\/?page_id=1307\" class=\"more-link\">Continue reading<span class=\"screen-reader-text\">Uganda 2018, 4. Tag Fahrt nach Fort Portal<\/span><\/a><\/p>\n","protected":false},"author":1,"featured_media":0,"parent":1236,"menu_order":0,"comment_status":"closed","ping_status":"closed","template":"","meta":{"ngg_post_thumbnail":0,"footnotes":""},"class_list":["post-1307","page","type-page","status-publish","hentry"],"_links":{"self":[{"href":"https:\/\/reisen.dipas.ch\/index.php?rest_route=\/wp\/v2\/pages\/1307","targetHints":{"allow":["GET"]}}],"collection":[{"href":"https:\/\/reisen.dipas.ch\/index.php?rest_route=\/wp\/v2\/pages"}],"about":[{"href":"https:\/\/reisen.dipas.ch\/index.php?rest_route=\/wp\/v2\/types\/page"}],"author":[{"embeddable":true,"href":"https:\/\/reisen.dipas.ch\/index.php?rest_route=\/wp\/v2\/users\/1"}],"replies":[{"embeddable":true,"href":"https:\/\/reisen.dipas.ch\/index.php?rest_route=%2Fwp%2Fv2%2Fcomments&post=1307"}],"version-history":[{"count":9,"href":"https:\/\/reisen.dipas.ch\/index.php?rest_route=\/wp\/v2\/pages\/1307\/revisions"}],"predecessor-version":[{"id":2773,"href":"https:\/\/reisen.dipas.ch\/index.php?rest_route=\/wp\/v2\/pages\/1307\/revisions\/2773"}],"up":[{"embeddable":true,"href":"https:\/\/reisen.dipas.ch\/index.php?rest_route=\/wp\/v2\/pages\/1236"}],"wp:attachment":[{"href":"https:\/\/reisen.dipas.ch\/index.php?rest_route=%2Fwp%2Fv2%2Fmedia&parent=1307"}],"curies":[{"name":"wp","href":"https:\/\/api.w.org\/{rel}","templated":true}]}}