{"id":1126,"date":"2018-10-07T21:04:12","date_gmt":"2018-10-07T20:04:12","guid":{"rendered":"http:\/\/reisen.dipas.ch\/?page_id=1126"},"modified":"2021-01-09T21:08:15","modified_gmt":"2021-01-09T20:08:15","slug":"dolomiten-2018-samstag-06-10-2018","status":"publish","type":"page","link":"https:\/\/reisen.dipas.ch\/?page_id=1126","title":{"rendered":"Dolomiten 2018, Samstag 06.10.2018"},"content":{"rendered":"\n<p><a href=\"https:\/\/reisen.dipas.ch\/?page_id=1124\">Zur\u00fcck zu Dolomiten 2018, Freitag<\/a><\/p>\n\n\n\n<p>Auf der R\u00fcckfahrt nach Hause, hielten wir in Meran und Glurns. Nach dem Ofenpass hielten wir noch im Nationalpark bei Stabelchod P8 und liefen durch den Wald bis zu einer H\u00fctte an der sich bereits mehrere Personen mit Fernrohren, Kameras und Tarnmaterial bereit machten um das Wild (Brunftzeit) zu beobachten.<br>Wir gesellten uns dazu und trafen wenig sp\u00e4ter Monika die sich allj\u00e4hrlich mit der Familie hier einfindet.<\/p>\n\n\n\n<figure class=\"wp-block-image size-full is-resized\"><img loading=\"lazy\" decoding=\"async\" src=\"https:\/\/reisen.dipas.ch\/wp-content\/uploads\/2021\/01\/Dolomiten_20181006_3457.jpg\" alt=\"\" class=\"wp-image-2810\" width=\"840\" height=\"1260\" srcset=\"https:\/\/reisen.dipas.ch\/wp-content\/uploads\/2021\/01\/Dolomiten_20181006_3457.jpg 1120w, https:\/\/reisen.dipas.ch\/wp-content\/uploads\/2021\/01\/Dolomiten_20181006_3457-350x525.jpg 350w, https:\/\/reisen.dipas.ch\/wp-content\/uploads\/2021\/01\/Dolomiten_20181006_3457-747x1120.jpg 747w, https:\/\/reisen.dipas.ch\/wp-content\/uploads\/2021\/01\/Dolomiten_20181006_3457-768x1152.jpg 768w, https:\/\/reisen.dipas.ch\/wp-content\/uploads\/2021\/01\/Dolomiten_20181006_3457-1024x1536.jpg 1024w\" sizes=\"auto, (max-width: 840px) 100vw, 840px\" \/><figcaption>N\u00f6rdliches Stadttor von Glurns.<\/figcaption><\/figure>\n\n\n\n<figure class=\"wp-block-image size-full\"><img loading=\"lazy\" decoding=\"async\" width=\"1680\" height=\"1120\" src=\"https:\/\/reisen.dipas.ch\/wp-content\/uploads\/2021\/01\/Dolomiten_20181006_3459.jpg\" alt=\"\" class=\"wp-image-2809\" srcset=\"https:\/\/reisen.dipas.ch\/wp-content\/uploads\/2021\/01\/Dolomiten_20181006_3459.jpg 1680w, https:\/\/reisen.dipas.ch\/wp-content\/uploads\/2021\/01\/Dolomiten_20181006_3459-700x467.jpg 700w, https:\/\/reisen.dipas.ch\/wp-content\/uploads\/2021\/01\/Dolomiten_20181006_3459-168x112.jpg 168w, https:\/\/reisen.dipas.ch\/wp-content\/uploads\/2021\/01\/Dolomiten_20181006_3459-768x512.jpg 768w, https:\/\/reisen.dipas.ch\/wp-content\/uploads\/2021\/01\/Dolomiten_20181006_3459-1536x1024.jpg 1536w\" sizes=\"auto, (max-width: 1680px) 100vw, 1680px\" \/><figcaption>Stadtmauer von Glurns.<\/figcaption><\/figure>\n\n\n\n<figure class=\"wp-block-image size-full is-resized\"><img loading=\"lazy\" decoding=\"async\" src=\"https:\/\/reisen.dipas.ch\/wp-content\/uploads\/2021\/01\/Dolomiten_20181006_3463.jpg\" alt=\"\" class=\"wp-image-2808\" width=\"840\" height=\"1260\" srcset=\"https:\/\/reisen.dipas.ch\/wp-content\/uploads\/2021\/01\/Dolomiten_20181006_3463.jpg 1120w, https:\/\/reisen.dipas.ch\/wp-content\/uploads\/2021\/01\/Dolomiten_20181006_3463-350x525.jpg 350w, https:\/\/reisen.dipas.ch\/wp-content\/uploads\/2021\/01\/Dolomiten_20181006_3463-747x1120.jpg 747w, https:\/\/reisen.dipas.ch\/wp-content\/uploads\/2021\/01\/Dolomiten_20181006_3463-768x1152.jpg 768w, https:\/\/reisen.dipas.ch\/wp-content\/uploads\/2021\/01\/Dolomiten_20181006_3463-1024x1536.jpg 1024w\" sizes=\"auto, (max-width: 840px) 100vw, 840px\" \/><\/figure>\n\n\n\n<figure class=\"wp-block-image size-full\"><img loading=\"lazy\" decoding=\"async\" width=\"1680\" height=\"1120\" src=\"https:\/\/reisen.dipas.ch\/wp-content\/uploads\/2021\/01\/Dolomiten_20181006_3464.jpg\" alt=\"\" class=\"wp-image-2807\" srcset=\"https:\/\/reisen.dipas.ch\/wp-content\/uploads\/2021\/01\/Dolomiten_20181006_3464.jpg 1680w, https:\/\/reisen.dipas.ch\/wp-content\/uploads\/2021\/01\/Dolomiten_20181006_3464-700x467.jpg 700w, https:\/\/reisen.dipas.ch\/wp-content\/uploads\/2021\/01\/Dolomiten_20181006_3464-168x112.jpg 168w, https:\/\/reisen.dipas.ch\/wp-content\/uploads\/2021\/01\/Dolomiten_20181006_3464-768x512.jpg 768w, https:\/\/reisen.dipas.ch\/wp-content\/uploads\/2021\/01\/Dolomiten_20181006_3464-1536x1024.jpg 1536w\" sizes=\"auto, (max-width: 1680px) 100vw, 1680px\" \/><\/figure>\n\n\n\n<figure class=\"wp-block-image size-full\"><img loading=\"lazy\" decoding=\"async\" width=\"1680\" height=\"1120\" src=\"https:\/\/reisen.dipas.ch\/wp-content\/uploads\/2021\/01\/Dolomiten_20181006_3465.jpg\" alt=\"\" class=\"wp-image-2806\" srcset=\"https:\/\/reisen.dipas.ch\/wp-content\/uploads\/2021\/01\/Dolomiten_20181006_3465.jpg 1680w, https:\/\/reisen.dipas.ch\/wp-content\/uploads\/2021\/01\/Dolomiten_20181006_3465-700x467.jpg 700w, https:\/\/reisen.dipas.ch\/wp-content\/uploads\/2021\/01\/Dolomiten_20181006_3465-168x112.jpg 168w, https:\/\/reisen.dipas.ch\/wp-content\/uploads\/2021\/01\/Dolomiten_20181006_3465-768x512.jpg 768w, https:\/\/reisen.dipas.ch\/wp-content\/uploads\/2021\/01\/Dolomiten_20181006_3465-1536x1024.jpg 1536w\" sizes=\"auto, (max-width: 1680px) 100vw, 1680px\" \/><\/figure>\n\n\n\n<figure class=\"wp-block-image size-full\"><img loading=\"lazy\" decoding=\"async\" width=\"1680\" height=\"1120\" src=\"https:\/\/reisen.dipas.ch\/wp-content\/uploads\/2021\/01\/Dolomiten_20181006_3466.jpg\" alt=\"\" class=\"wp-image-2805\" srcset=\"https:\/\/reisen.dipas.ch\/wp-content\/uploads\/2021\/01\/Dolomiten_20181006_3466.jpg 1680w, https:\/\/reisen.dipas.ch\/wp-content\/uploads\/2021\/01\/Dolomiten_20181006_3466-700x467.jpg 700w, https:\/\/reisen.dipas.ch\/wp-content\/uploads\/2021\/01\/Dolomiten_20181006_3466-168x112.jpg 168w, https:\/\/reisen.dipas.ch\/wp-content\/uploads\/2021\/01\/Dolomiten_20181006_3466-768x512.jpg 768w, https:\/\/reisen.dipas.ch\/wp-content\/uploads\/2021\/01\/Dolomiten_20181006_3466-1536x1024.jpg 1536w\" sizes=\"auto, (max-width: 1680px) 100vw, 1680px\" \/><\/figure>\n\n\n\n<figure class=\"wp-block-image size-large\"><img loading=\"lazy\" decoding=\"async\" width=\"747\" height=\"1120\" src=\"https:\/\/reisen.dipas.ch\/wp-content\/uploads\/2021\/01\/Dolomiten_20181006_3481-747x1120.jpg\" alt=\"\" class=\"wp-image-2804\" srcset=\"https:\/\/reisen.dipas.ch\/wp-content\/uploads\/2021\/01\/Dolomiten_20181006_3481-747x1120.jpg 747w, https:\/\/reisen.dipas.ch\/wp-content\/uploads\/2021\/01\/Dolomiten_20181006_3481-350x525.jpg 350w, https:\/\/reisen.dipas.ch\/wp-content\/uploads\/2021\/01\/Dolomiten_20181006_3481-768x1152.jpg 768w, https:\/\/reisen.dipas.ch\/wp-content\/uploads\/2021\/01\/Dolomiten_20181006_3481-1024x1536.jpg 1024w, https:\/\/reisen.dipas.ch\/wp-content\/uploads\/2021\/01\/Dolomiten_20181006_3481.jpg 1120w\" sizes=\"auto, (max-width: 747px) 100vw, 747px\" \/><\/figure>\n\n\n\n<figure class=\"wp-block-image size-large\"><img loading=\"lazy\" decoding=\"async\" width=\"1680\" height=\"1120\" src=\"https:\/\/reisen.dipas.ch\/wp-content\/uploads\/2021\/01\/Dolomiten_20181006_3488-1680x1120.jpg\" alt=\"\" class=\"wp-image-2803\" srcset=\"https:\/\/reisen.dipas.ch\/wp-content\/uploads\/2021\/01\/Dolomiten_20181006_3488.jpg 1680w, https:\/\/reisen.dipas.ch\/wp-content\/uploads\/2021\/01\/Dolomiten_20181006_3488-700x467.jpg 700w, https:\/\/reisen.dipas.ch\/wp-content\/uploads\/2021\/01\/Dolomiten_20181006_3488-168x112.jpg 168w, https:\/\/reisen.dipas.ch\/wp-content\/uploads\/2021\/01\/Dolomiten_20181006_3488-768x512.jpg 768w, https:\/\/reisen.dipas.ch\/wp-content\/uploads\/2021\/01\/Dolomiten_20181006_3488-1536x1024.jpg 1536w\" sizes=\"auto, (max-width: 1680px) 100vw, 1680px\" \/><figcaption>Sch\u00f6ner Garten hinter der Stadtmauer, gut gesch\u00fctzt vor starkem Wind.<\/figcaption><\/figure>\n\n\n\n<figure class=\"wp-block-image size-full is-resized\"><img loading=\"lazy\" decoding=\"async\" src=\"https:\/\/reisen.dipas.ch\/wp-content\/uploads\/2021\/01\/Dolomiten_20181006_3493.jpg\" alt=\"\" class=\"wp-image-2802\" width=\"840\" height=\"1260\" srcset=\"https:\/\/reisen.dipas.ch\/wp-content\/uploads\/2021\/01\/Dolomiten_20181006_3493.jpg 1120w, https:\/\/reisen.dipas.ch\/wp-content\/uploads\/2021\/01\/Dolomiten_20181006_3493-350x525.jpg 350w, https:\/\/reisen.dipas.ch\/wp-content\/uploads\/2021\/01\/Dolomiten_20181006_3493-747x1120.jpg 747w, https:\/\/reisen.dipas.ch\/wp-content\/uploads\/2021\/01\/Dolomiten_20181006_3493-768x1152.jpg 768w, https:\/\/reisen.dipas.ch\/wp-content\/uploads\/2021\/01\/Dolomiten_20181006_3493-1024x1536.jpg 1024w\" sizes=\"auto, (max-width: 840px) 100vw, 840px\" \/><figcaption>Wald im Nationalpark nahe des Ofenpasses.<\/figcaption><\/figure>\n\n\n\n<figure class=\"wp-block-image size-full\"><img loading=\"lazy\" decoding=\"async\" width=\"1680\" height=\"1120\" src=\"https:\/\/reisen.dipas.ch\/wp-content\/uploads\/2021\/01\/Dolomiten_20181006_3498.jpg\" alt=\"\" class=\"wp-image-2801\" srcset=\"https:\/\/reisen.dipas.ch\/wp-content\/uploads\/2021\/01\/Dolomiten_20181006_3498.jpg 1680w, https:\/\/reisen.dipas.ch\/wp-content\/uploads\/2021\/01\/Dolomiten_20181006_3498-700x467.jpg 700w, https:\/\/reisen.dipas.ch\/wp-content\/uploads\/2021\/01\/Dolomiten_20181006_3498-168x112.jpg 168w, https:\/\/reisen.dipas.ch\/wp-content\/uploads\/2021\/01\/Dolomiten_20181006_3498-768x512.jpg 768w, https:\/\/reisen.dipas.ch\/wp-content\/uploads\/2021\/01\/Dolomiten_20181006_3498-1536x1024.jpg 1536w\" sizes=\"auto, (max-width: 1680px) 100vw, 1680px\" \/><figcaption>R\u00f6\u00f6\u00f6\u00f6hr! Sehr weit weg f\u00fcr mein Tele. Da h\u00e4tte ich auch das Stativ und das ganz grosse Tele benotigt. <br>Sowohl Weibchen als das M\u00e4nnchen auf dem Foto ist doch was.<\/figcaption><\/figure>\n\n\n\n<p><a href=\"https:\/\/reisen.dipas.ch\/?page_id=1112\">Dolomiten 2018<\/a><\/p>\n","protected":false},"excerpt":{"rendered":"<p>Zur\u00fcck zu Dolomiten 2018, Freitag Auf der R\u00fcckfahrt nach Hause, hielten wir in Meran und Glurns. Nach dem Ofenpass hielten wir noch im Nationalpark bei<\/p>\n<p><a href=\"https:\/\/reisen.dipas.ch\/?page_id=1126\" class=\"more-link\">Continue reading<span class=\"screen-reader-text\">Dolomiten 2018, Samstag 06.10.2018<\/span><\/a><\/p>\n","protected":false},"author":1,"featured_media":0,"parent":1112,"menu_order":0,"comment_status":"closed","ping_status":"closed","template":"","meta":{"ngg_post_thumbnail":0,"footnotes":""},"class_list":["post-1126","page","type-page","status-publish","hentry"],"_links":{"self":[{"href":"https:\/\/reisen.dipas.ch\/index.php?rest_route=\/wp\/v2\/pages\/1126","targetHints":{"allow":["GET"]}}],"collection":[{"href":"https:\/\/reisen.dipas.ch\/index.php?rest_route=\/wp\/v2\/pages"}],"about":[{"href":"https:\/\/reisen.dipas.ch\/index.php?rest_route=\/wp\/v2\/types\/page"}],"author":[{"embeddable":true,"href":"https:\/\/reisen.dipas.ch\/index.php?rest_route=\/wp\/v2\/users\/1"}],"replies":[{"embeddable":true,"href":"https:\/\/reisen.dipas.ch\/index.php?rest_route=%2Fwp%2Fv2%2Fcomments&post=1126"}],"version-history":[{"count":4,"href":"https:\/\/reisen.dipas.ch\/index.php?rest_route=\/wp\/v2\/pages\/1126\/revisions"}],"predecessor-version":[{"id":2855,"href":"https:\/\/reisen.dipas.ch\/index.php?rest_route=\/wp\/v2\/pages\/1126\/revisions\/2855"}],"up":[{"embeddable":true,"href":"https:\/\/reisen.dipas.ch\/index.php?rest_route=\/wp\/v2\/pages\/1112"}],"wp:attachment":[{"href":"https:\/\/reisen.dipas.ch\/index.php?rest_route=%2Fwp%2Fv2%2Fmedia&parent=1126"}],"curies":[{"name":"wp","href":"https:\/\/api.w.org\/{rel}","templated":true}]}}