{"id":1124,"date":"2018-10-07T21:03:14","date_gmt":"2018-10-07T20:03:14","guid":{"rendered":"http:\/\/reisen.dipas.ch\/?page_id=1124"},"modified":"2021-01-09T21:11:43","modified_gmt":"2021-01-09T20:11:43","slug":"dolomiten-2018-freitag-05-10-2018","status":"publish","type":"page","link":"https:\/\/reisen.dipas.ch\/?page_id=1124","title":{"rendered":"Dolomiten 2018, Freitag 05.10.2018"},"content":{"rendered":"\n<p><a href=\"https:\/\/reisen.dipas.ch\/?page_id=1122\">Zur\u00fcck zu Dolomiten 2018, Donnerstag<\/a><\/p>\n\n\n\n<p>Etwas sp\u00e4t losgefahren, mit der Sesselbahn hoch zu Paolina H\u00fctte und von dort zur Rotwandh\u00fctte&#8230; mit Umwegen wieder dorthin zur\u00fcck und wieder gleich zur\u00fcck zum Auto.<br>&#8230; weiter beschreiben&#8230;<\/p>\n\n\n\n<p>Gesamtl\u00e4nge 17km.<br>Marschzeit etwa 4.1 Std.<br>Start- bzw. Endh\u00f6he 2127m<br>min. H\u00f6he 1949m<br>max. H\u00f6he 2299m<br>Aufstieg\/Abstieg 1072m<\/p>\n\n\n\n<figure class=\"wp-block-image size-full\"><a href=\"https:\/\/reisen.dipas.ch\/wp-content\/uploads\/2018\/10\/Freitag_20181005_Hoehenprofil.png\"><img loading=\"lazy\" decoding=\"async\" width=\"2227\" height=\"720\" src=\"https:\/\/reisen.dipas.ch\/wp-content\/uploads\/2018\/10\/Freitag_20181005_Hoehenprofil.png\" alt=\"\" class=\"wp-image-1138\" srcset=\"https:\/\/reisen.dipas.ch\/wp-content\/uploads\/2018\/10\/Freitag_20181005_Hoehenprofil.png 2227w, https:\/\/reisen.dipas.ch\/wp-content\/uploads\/2018\/10\/Freitag_20181005_Hoehenprofil-700x226.png 700w, https:\/\/reisen.dipas.ch\/wp-content\/uploads\/2018\/10\/Freitag_20181005_Hoehenprofil-768x248.png 768w, https:\/\/reisen.dipas.ch\/wp-content\/uploads\/2018\/10\/Freitag_20181005_Hoehenprofil-1680x543.png 1680w\" sizes=\"auto, (max-width: 2227px) 100vw, 2227px\" \/><\/a><\/figure>\n\n\n\n<figure class=\"wp-block-image size-full\"><img loading=\"lazy\" decoding=\"async\" width=\"1680\" height=\"1120\" src=\"https:\/\/reisen.dipas.ch\/wp-content\/uploads\/2021\/01\/Dolomiten_20181005_3425.jpg\" alt=\"\" class=\"wp-image-2816\" srcset=\"https:\/\/reisen.dipas.ch\/wp-content\/uploads\/2021\/01\/Dolomiten_20181005_3425.jpg 1680w, https:\/\/reisen.dipas.ch\/wp-content\/uploads\/2021\/01\/Dolomiten_20181005_3425-700x467.jpg 700w, https:\/\/reisen.dipas.ch\/wp-content\/uploads\/2021\/01\/Dolomiten_20181005_3425-168x112.jpg 168w, https:\/\/reisen.dipas.ch\/wp-content\/uploads\/2021\/01\/Dolomiten_20181005_3425-768x512.jpg 768w, https:\/\/reisen.dipas.ch\/wp-content\/uploads\/2021\/01\/Dolomiten_20181005_3425-1536x1024.jpg 1536w\" sizes=\"auto, (max-width: 1680px) 100vw, 1680px\" \/><figcaption>Latermar ist allgegenw\u00e4rtig und an diesem Tag besonders klar zu sehen. Unten rechts ist noch der Karersee auszumachen.<\/figcaption><\/figure>\n\n\n\n<figure class=\"wp-block-image size-full\"><img loading=\"lazy\" decoding=\"async\" width=\"1680\" height=\"1120\" src=\"https:\/\/reisen.dipas.ch\/wp-content\/uploads\/2021\/01\/Dolomiten_20181005_3426.jpg\" alt=\"\" class=\"wp-image-2815\" srcset=\"https:\/\/reisen.dipas.ch\/wp-content\/uploads\/2021\/01\/Dolomiten_20181005_3426.jpg 1680w, https:\/\/reisen.dipas.ch\/wp-content\/uploads\/2021\/01\/Dolomiten_20181005_3426-700x467.jpg 700w, https:\/\/reisen.dipas.ch\/wp-content\/uploads\/2021\/01\/Dolomiten_20181005_3426-168x112.jpg 168w, https:\/\/reisen.dipas.ch\/wp-content\/uploads\/2021\/01\/Dolomiten_20181005_3426-768x512.jpg 768w, https:\/\/reisen.dipas.ch\/wp-content\/uploads\/2021\/01\/Dolomiten_20181005_3426-1536x1024.jpg 1536w\" sizes=\"auto, (max-width: 1680px) 100vw, 1680px\" \/><figcaption>Wieder bei der  Rotwandh\u00fctte. Heute strahlen die Berge!<\/figcaption><\/figure>\n\n\n\n<figure class=\"wp-block-image size-full\"><img loading=\"lazy\" decoding=\"async\" width=\"1680\" height=\"1120\" src=\"https:\/\/reisen.dipas.ch\/wp-content\/uploads\/2021\/01\/Dolomiten_20181005_3431.jpg\" alt=\"\" class=\"wp-image-2814\" srcset=\"https:\/\/reisen.dipas.ch\/wp-content\/uploads\/2021\/01\/Dolomiten_20181005_3431.jpg 1680w, https:\/\/reisen.dipas.ch\/wp-content\/uploads\/2021\/01\/Dolomiten_20181005_3431-700x467.jpg 700w, https:\/\/reisen.dipas.ch\/wp-content\/uploads\/2021\/01\/Dolomiten_20181005_3431-168x112.jpg 168w, https:\/\/reisen.dipas.ch\/wp-content\/uploads\/2021\/01\/Dolomiten_20181005_3431-768x512.jpg 768w, https:\/\/reisen.dipas.ch\/wp-content\/uploads\/2021\/01\/Dolomiten_20181005_3431-1536x1024.jpg 1536w\" sizes=\"auto, (max-width: 1680px) 100vw, 1680px\" \/><figcaption>Ursula auf einem Fels auf den viele hochkraxeln auch wenn sie nicht das richtige Schuhwerk oder die n\u00f6tige Kondition haben.<\/figcaption><\/figure>\n\n\n\n<figure class=\"wp-block-image size-large\"><img loading=\"lazy\" decoding=\"async\" width=\"544\" height=\"1120\" src=\"https:\/\/reisen.dipas.ch\/wp-content\/uploads\/2021\/01\/Dolomiten_20181004_SHCN7747-544x1120.jpg\" alt=\"\" class=\"wp-image-2797\" srcset=\"https:\/\/reisen.dipas.ch\/wp-content\/uploads\/2021\/01\/Dolomiten_20181004_SHCN7747-544x1120.jpg 544w, https:\/\/reisen.dipas.ch\/wp-content\/uploads\/2021\/01\/Dolomiten_20181004_SHCN7747-255x525.jpg 255w, https:\/\/reisen.dipas.ch\/wp-content\/uploads\/2021\/01\/Dolomiten_20181004_SHCN7747-768x1581.jpg 768w, https:\/\/reisen.dipas.ch\/wp-content\/uploads\/2021\/01\/Dolomiten_20181004_SHCN7747-746x1536.jpg 746w, https:\/\/reisen.dipas.ch\/wp-content\/uploads\/2021\/01\/Dolomiten_20181004_SHCN7747.jpg 777w\" sizes=\"auto, (max-width: 544px) 100vw, 544px\" \/><figcaption>Einen Kaffee bevor es weitergeht. <\/figcaption><\/figure>\n\n\n\n<figure class=\"wp-block-image size-full is-resized\"><img loading=\"lazy\" decoding=\"async\" src=\"https:\/\/reisen.dipas.ch\/wp-content\/uploads\/2021\/01\/Dolomiten_20181005_3434.jpg\" alt=\"\" class=\"wp-image-2813\" width=\"840\" height=\"1260\" srcset=\"https:\/\/reisen.dipas.ch\/wp-content\/uploads\/2021\/01\/Dolomiten_20181005_3434.jpg 1120w, https:\/\/reisen.dipas.ch\/wp-content\/uploads\/2021\/01\/Dolomiten_20181005_3434-350x525.jpg 350w, https:\/\/reisen.dipas.ch\/wp-content\/uploads\/2021\/01\/Dolomiten_20181005_3434-747x1120.jpg 747w, https:\/\/reisen.dipas.ch\/wp-content\/uploads\/2021\/01\/Dolomiten_20181005_3434-768x1152.jpg 768w, https:\/\/reisen.dipas.ch\/wp-content\/uploads\/2021\/01\/Dolomiten_20181005_3434-1024x1536.jpg 1024w\" sizes=\"auto, (max-width: 840px) 100vw, 840px\" \/><figcaption>Ein schmaler, wenig ausgesetzter und sehr sch\u00f6ner Pfad Richtung  Rifugio Ciampedie.<\/figcaption><\/figure>\n\n\n\n<figure class=\"wp-block-image size-full is-resized\"><img loading=\"lazy\" decoding=\"async\" src=\"https:\/\/reisen.dipas.ch\/wp-content\/uploads\/2021\/01\/Dolomiten_20181005_3442.jpg\" alt=\"\" class=\"wp-image-2812\" width=\"840\" height=\"1260\" srcset=\"https:\/\/reisen.dipas.ch\/wp-content\/uploads\/2021\/01\/Dolomiten_20181005_3442.jpg 1120w, https:\/\/reisen.dipas.ch\/wp-content\/uploads\/2021\/01\/Dolomiten_20181005_3442-350x525.jpg 350w, https:\/\/reisen.dipas.ch\/wp-content\/uploads\/2021\/01\/Dolomiten_20181005_3442-747x1120.jpg 747w, https:\/\/reisen.dipas.ch\/wp-content\/uploads\/2021\/01\/Dolomiten_20181005_3442-768x1152.jpg 768w, https:\/\/reisen.dipas.ch\/wp-content\/uploads\/2021\/01\/Dolomiten_20181005_3442-1024x1536.jpg 1024w\" sizes=\"auto, (max-width: 840px) 100vw, 840px\" \/><figcaption>Ob ich mich b\u00fccken muss?<\/figcaption><\/figure>\n\n\n\n<figure class=\"wp-block-image size-full is-resized\"><img loading=\"lazy\" decoding=\"async\" src=\"https:\/\/reisen.dipas.ch\/wp-content\/uploads\/2021\/01\/Dolomiten_20181005_CBOS6734.jpg\" alt=\"\" class=\"wp-image-2795\" width=\"583\" height=\"1200\" srcset=\"https:\/\/reisen.dipas.ch\/wp-content\/uploads\/2021\/01\/Dolomiten_20181005_CBOS6734.jpg 777w, https:\/\/reisen.dipas.ch\/wp-content\/uploads\/2021\/01\/Dolomiten_20181005_CBOS6734-255x525.jpg 255w, https:\/\/reisen.dipas.ch\/wp-content\/uploads\/2021\/01\/Dolomiten_20181005_CBOS6734-544x1120.jpg 544w, https:\/\/reisen.dipas.ch\/wp-content\/uploads\/2021\/01\/Dolomiten_20181005_CBOS6734-768x1581.jpg 768w, https:\/\/reisen.dipas.ch\/wp-content\/uploads\/2021\/01\/Dolomiten_20181005_CBOS6734-746x1536.jpg 746w\" sizes=\"auto, (max-width: 583px) 100vw, 583px\" \/><figcaption>Es ging ohne. \ud83d\ude42<\/figcaption><\/figure>\n\n\n\n<figure class=\"wp-block-image size-full\"><img loading=\"lazy\" decoding=\"async\" width=\"1680\" height=\"1120\" src=\"https:\/\/reisen.dipas.ch\/wp-content\/uploads\/2021\/01\/Dolomiten_20181005_3445.jpg\" alt=\"\" class=\"wp-image-2811\" srcset=\"https:\/\/reisen.dipas.ch\/wp-content\/uploads\/2021\/01\/Dolomiten_20181005_3445.jpg 1680w, https:\/\/reisen.dipas.ch\/wp-content\/uploads\/2021\/01\/Dolomiten_20181005_3445-700x467.jpg 700w, https:\/\/reisen.dipas.ch\/wp-content\/uploads\/2021\/01\/Dolomiten_20181005_3445-168x112.jpg 168w, https:\/\/reisen.dipas.ch\/wp-content\/uploads\/2021\/01\/Dolomiten_20181005_3445-768x512.jpg 768w, https:\/\/reisen.dipas.ch\/wp-content\/uploads\/2021\/01\/Dolomiten_20181005_3445-1536x1024.jpg 1536w\" sizes=\"auto, (max-width: 1680px) 100vw, 1680px\" \/><figcaption>Wir liefen noch bis  zur Gardeccia-H\u00fctte und drehten um, da der Weg \u00fcber den  Passo Delle Coronelle zu lang schien. <br><em>Auch so mussten wir vorw\u00e4rts machen, damit wir mit der letzten Talfahrt mitfahren konnten.<\/em><\/figcaption><\/figure>\n\n\n\n<p><a href=\"https:\/\/reisen.dipas.ch\/?page_id=1126\">Dolomiten 2018, Samstag<\/a><\/p>\n","protected":false},"excerpt":{"rendered":"<p>Zur\u00fcck zu Dolomiten 2018, Donnerstag Etwas sp\u00e4t losgefahren, mit der Sesselbahn hoch zu Paolina H\u00fctte und von dort zur Rotwandh\u00fctte&#8230; mit Umwegen wieder dorthin zur\u00fcck<\/p>\n<p><a href=\"https:\/\/reisen.dipas.ch\/?page_id=1124\" class=\"more-link\">Continue reading<span class=\"screen-reader-text\">Dolomiten 2018, Freitag 05.10.2018<\/span><\/a><\/p>\n","protected":false},"author":1,"featured_media":0,"parent":1112,"menu_order":0,"comment_status":"closed","ping_status":"closed","template":"","meta":{"ngg_post_thumbnail":0,"footnotes":""},"class_list":["post-1124","page","type-page","status-publish","hentry"],"_links":{"self":[{"href":"https:\/\/reisen.dipas.ch\/index.php?rest_route=\/wp\/v2\/pages\/1124","targetHints":{"allow":["GET"]}}],"collection":[{"href":"https:\/\/reisen.dipas.ch\/index.php?rest_route=\/wp\/v2\/pages"}],"about":[{"href":"https:\/\/reisen.dipas.ch\/index.php?rest_route=\/wp\/v2\/types\/page"}],"author":[{"embeddable":true,"href":"https:\/\/reisen.dipas.ch\/index.php?rest_route=\/wp\/v2\/users\/1"}],"replies":[{"embeddable":true,"href":"https:\/\/reisen.dipas.ch\/index.php?rest_route=%2Fwp%2Fv2%2Fcomments&post=1124"}],"version-history":[{"count":12,"href":"https:\/\/reisen.dipas.ch\/index.php?rest_route=\/wp\/v2\/pages\/1124\/revisions"}],"predecessor-version":[{"id":2858,"href":"https:\/\/reisen.dipas.ch\/index.php?rest_route=\/wp\/v2\/pages\/1124\/revisions\/2858"}],"up":[{"embeddable":true,"href":"https:\/\/reisen.dipas.ch\/index.php?rest_route=\/wp\/v2\/pages\/1112"}],"wp:attachment":[{"href":"https:\/\/reisen.dipas.ch\/index.php?rest_route=%2Fwp%2Fv2%2Fmedia&parent=1124"}],"curies":[{"name":"wp","href":"https:\/\/api.w.org\/{rel}","templated":true}]}}