{"id":1122,"date":"2018-10-07T21:02:41","date_gmt":"2018-10-07T20:02:41","guid":{"rendered":"http:\/\/reisen.dipas.ch\/?page_id=1122"},"modified":"2021-01-09T20:40:13","modified_gmt":"2021-01-09T19:40:13","slug":"dolomiten-2018-donnerstag-04-10-2018","status":"publish","type":"page","link":"https:\/\/reisen.dipas.ch\/?page_id=1122","title":{"rendered":"Dolomiten 2018, Donnerstag 04.10.2018"},"content":{"rendered":"\n<p><a href=\"https:\/\/reisen.dipas.ch\/?page_id=1120\">Zur\u00fcck zu Dolomiten 2018, Mittwoch<\/a><\/p>\n\n\n\n<p>Nach dem Fr\u00fchst\u00fcck in der K\u00f6lner H\u00fctte geht es zur\u00a0Hanickerschwaige ob dem Val S.Cipriano. Nach einem sehr guten Kaiserschmarn geht es \u00fcber weite Strecke denselben Weg zur\u00fcck. Bei den Skiliften stechen wir die Wiesen runter zur Almh\u00fctte Messnerjoch danach geht es zur\u00fcck zum Auto.<\/p>\n\n\n\n<figure class=\"wp-block-image size-full\"><img loading=\"lazy\" decoding=\"async\" width=\"1680\" height=\"1120\" src=\"https:\/\/reisen.dipas.ch\/wp-content\/uploads\/2021\/01\/Dolomiten_20181004_3300.jpg\" alt=\"\" class=\"wp-image-2828\" srcset=\"https:\/\/reisen.dipas.ch\/wp-content\/uploads\/2021\/01\/Dolomiten_20181004_3300.jpg 1680w, https:\/\/reisen.dipas.ch\/wp-content\/uploads\/2021\/01\/Dolomiten_20181004_3300-700x467.jpg 700w, https:\/\/reisen.dipas.ch\/wp-content\/uploads\/2021\/01\/Dolomiten_20181004_3300-168x112.jpg 168w, https:\/\/reisen.dipas.ch\/wp-content\/uploads\/2021\/01\/Dolomiten_20181004_3300-768x512.jpg 768w, https:\/\/reisen.dipas.ch\/wp-content\/uploads\/2021\/01\/Dolomiten_20181004_3300-1536x1024.jpg 1536w\" sizes=\"auto, (max-width: 1680px) 100vw, 1680px\" \/><figcaption>Das Essen und die Stimmung war gut, der Schlaf oft gest\u00f6rt durch knarrende und quietschende Holzbetten und Dielenboden.<\/figcaption><\/figure>\n\n\n\n<figure class=\"wp-block-image size-full\"><img loading=\"lazy\" decoding=\"async\" width=\"1680\" height=\"1120\" src=\"https:\/\/reisen.dipas.ch\/wp-content\/uploads\/2021\/01\/Dolomiten_20181004_3296.jpg\" alt=\"\" class=\"wp-image-2830\" srcset=\"https:\/\/reisen.dipas.ch\/wp-content\/uploads\/2021\/01\/Dolomiten_20181004_3296.jpg 1680w, https:\/\/reisen.dipas.ch\/wp-content\/uploads\/2021\/01\/Dolomiten_20181004_3296-700x467.jpg 700w, https:\/\/reisen.dipas.ch\/wp-content\/uploads\/2021\/01\/Dolomiten_20181004_3296-168x112.jpg 168w, https:\/\/reisen.dipas.ch\/wp-content\/uploads\/2021\/01\/Dolomiten_20181004_3296-768x512.jpg 768w, https:\/\/reisen.dipas.ch\/wp-content\/uploads\/2021\/01\/Dolomiten_20181004_3296-1536x1024.jpg 1536w\" sizes=\"auto, (max-width: 1680px) 100vw, 1680px\" \/><figcaption>Latermar mit den ersten Sonnenstrahlen.<\/figcaption><\/figure>\n\n\n\n<figure class=\"wp-block-image size-full\"><img loading=\"lazy\" decoding=\"async\" width=\"1680\" height=\"1134\" src=\"https:\/\/reisen.dipas.ch\/wp-content\/uploads\/2021\/01\/Dolomiten_20181004_3316.jpg\" alt=\"\" class=\"wp-image-2829\" srcset=\"https:\/\/reisen.dipas.ch\/wp-content\/uploads\/2021\/01\/Dolomiten_20181004_3316.jpg 1680w, https:\/\/reisen.dipas.ch\/wp-content\/uploads\/2021\/01\/Dolomiten_20181004_3316-700x473.jpg 700w, https:\/\/reisen.dipas.ch\/wp-content\/uploads\/2021\/01\/Dolomiten_20181004_3316-1659x1120.jpg 1659w, https:\/\/reisen.dipas.ch\/wp-content\/uploads\/2021\/01\/Dolomiten_20181004_3316-168x112.jpg 168w, https:\/\/reisen.dipas.ch\/wp-content\/uploads\/2021\/01\/Dolomiten_20181004_3316-768x518.jpg 768w, https:\/\/reisen.dipas.ch\/wp-content\/uploads\/2021\/01\/Dolomiten_20181004_3316-1536x1037.jpg 1536w\" sizes=\"auto, (max-width: 1680px) 100vw, 1680px\" \/><figcaption>Latermar im Handyblick. \ud83d\ude09<\/figcaption><\/figure>\n\n\n\n<figure class=\"wp-block-image size-full\"><img loading=\"lazy\" decoding=\"async\" width=\"1680\" height=\"1120\" src=\"https:\/\/reisen.dipas.ch\/wp-content\/uploads\/2021\/01\/Dolomiten_20181004_3325.jpg\" alt=\"\" class=\"wp-image-2827\" srcset=\"https:\/\/reisen.dipas.ch\/wp-content\/uploads\/2021\/01\/Dolomiten_20181004_3325.jpg 1680w, https:\/\/reisen.dipas.ch\/wp-content\/uploads\/2021\/01\/Dolomiten_20181004_3325-700x467.jpg 700w, https:\/\/reisen.dipas.ch\/wp-content\/uploads\/2021\/01\/Dolomiten_20181004_3325-168x112.jpg 168w, https:\/\/reisen.dipas.ch\/wp-content\/uploads\/2021\/01\/Dolomiten_20181004_3325-768x512.jpg 768w, https:\/\/reisen.dipas.ch\/wp-content\/uploads\/2021\/01\/Dolomiten_20181004_3325-1536x1024.jpg 1536w\" sizes=\"auto, (max-width: 1680px) 100vw, 1680px\" \/><figcaption>Blick zum Schlern.<\/figcaption><\/figure>\n\n\n\n<figure class=\"wp-block-image size-full\"><img loading=\"lazy\" decoding=\"async\" width=\"1680\" height=\"1120\" src=\"https:\/\/reisen.dipas.ch\/wp-content\/uploads\/2021\/01\/Dolomiten_20181004_3326.jpg\" alt=\"\" class=\"wp-image-2826\" srcset=\"https:\/\/reisen.dipas.ch\/wp-content\/uploads\/2021\/01\/Dolomiten_20181004_3326.jpg 1680w, https:\/\/reisen.dipas.ch\/wp-content\/uploads\/2021\/01\/Dolomiten_20181004_3326-700x467.jpg 700w, https:\/\/reisen.dipas.ch\/wp-content\/uploads\/2021\/01\/Dolomiten_20181004_3326-168x112.jpg 168w, https:\/\/reisen.dipas.ch\/wp-content\/uploads\/2021\/01\/Dolomiten_20181004_3326-768x512.jpg 768w, https:\/\/reisen.dipas.ch\/wp-content\/uploads\/2021\/01\/Dolomiten_20181004_3326-1536x1024.jpg 1536w\" sizes=\"auto, (max-width: 1680px) 100vw, 1680px\" \/><\/figure>\n\n\n\n<figure class=\"wp-block-image size-full\"><img loading=\"lazy\" decoding=\"async\" width=\"1680\" height=\"1120\" src=\"https:\/\/reisen.dipas.ch\/wp-content\/uploads\/2021\/01\/Dolomiten_20181004_3331.jpg\" alt=\"\" class=\"wp-image-2825\" srcset=\"https:\/\/reisen.dipas.ch\/wp-content\/uploads\/2021\/01\/Dolomiten_20181004_3331.jpg 1680w, https:\/\/reisen.dipas.ch\/wp-content\/uploads\/2021\/01\/Dolomiten_20181004_3331-700x467.jpg 700w, https:\/\/reisen.dipas.ch\/wp-content\/uploads\/2021\/01\/Dolomiten_20181004_3331-168x112.jpg 168w, https:\/\/reisen.dipas.ch\/wp-content\/uploads\/2021\/01\/Dolomiten_20181004_3331-768x512.jpg 768w, https:\/\/reisen.dipas.ch\/wp-content\/uploads\/2021\/01\/Dolomiten_20181004_3331-1536x1024.jpg 1536w\" sizes=\"auto, (max-width: 1680px) 100vw, 1680px\" \/><\/figure>\n\n\n\n<figure class=\"wp-block-image size-full\"><img loading=\"lazy\" decoding=\"async\" width=\"1680\" height=\"1120\" src=\"https:\/\/reisen.dipas.ch\/wp-content\/uploads\/2021\/01\/Dolomiten_20181004_3335.jpg\" alt=\"\" class=\"wp-image-2824\" srcset=\"https:\/\/reisen.dipas.ch\/wp-content\/uploads\/2021\/01\/Dolomiten_20181004_3335.jpg 1680w, https:\/\/reisen.dipas.ch\/wp-content\/uploads\/2021\/01\/Dolomiten_20181004_3335-700x467.jpg 700w, https:\/\/reisen.dipas.ch\/wp-content\/uploads\/2021\/01\/Dolomiten_20181004_3335-168x112.jpg 168w, https:\/\/reisen.dipas.ch\/wp-content\/uploads\/2021\/01\/Dolomiten_20181004_3335-768x512.jpg 768w, https:\/\/reisen.dipas.ch\/wp-content\/uploads\/2021\/01\/Dolomiten_20181004_3335-1536x1024.jpg 1536w\" sizes=\"auto, (max-width: 1680px) 100vw, 1680px\" \/><\/figure>\n\n\n\n<figure class=\"wp-block-image size-full is-resized\"><img loading=\"lazy\" decoding=\"async\" src=\"https:\/\/reisen.dipas.ch\/wp-content\/uploads\/2021\/01\/Dolomiten_20181004_3342.jpg\" alt=\"\" class=\"wp-image-2823\" width=\"840\" height=\"1260\" srcset=\"https:\/\/reisen.dipas.ch\/wp-content\/uploads\/2021\/01\/Dolomiten_20181004_3342.jpg 1120w, https:\/\/reisen.dipas.ch\/wp-content\/uploads\/2021\/01\/Dolomiten_20181004_3342-350x525.jpg 350w, https:\/\/reisen.dipas.ch\/wp-content\/uploads\/2021\/01\/Dolomiten_20181004_3342-747x1120.jpg 747w, https:\/\/reisen.dipas.ch\/wp-content\/uploads\/2021\/01\/Dolomiten_20181004_3342-768x1152.jpg 768w, https:\/\/reisen.dipas.ch\/wp-content\/uploads\/2021\/01\/Dolomiten_20181004_3342-1024x1536.jpg 1024w\" sizes=\"auto, (max-width: 840px) 100vw, 840px\" \/><\/figure>\n\n\n\n<figure class=\"wp-block-image size-full is-resized\"><img loading=\"lazy\" decoding=\"async\" src=\"https:\/\/reisen.dipas.ch\/wp-content\/uploads\/2021\/01\/Dolomiten_20181004_3358.jpg\" alt=\"\" class=\"wp-image-2822\" width=\"840\" height=\"1260\" srcset=\"https:\/\/reisen.dipas.ch\/wp-content\/uploads\/2021\/01\/Dolomiten_20181004_3358.jpg 1120w, https:\/\/reisen.dipas.ch\/wp-content\/uploads\/2021\/01\/Dolomiten_20181004_3358-350x525.jpg 350w, https:\/\/reisen.dipas.ch\/wp-content\/uploads\/2021\/01\/Dolomiten_20181004_3358-747x1120.jpg 747w, https:\/\/reisen.dipas.ch\/wp-content\/uploads\/2021\/01\/Dolomiten_20181004_3358-768x1152.jpg 768w, https:\/\/reisen.dipas.ch\/wp-content\/uploads\/2021\/01\/Dolomiten_20181004_3358-1024x1536.jpg 1024w\" sizes=\"auto, (max-width: 840px) 100vw, 840px\" \/><figcaption>Herrliches Herbstwetter!<\/figcaption><\/figure>\n\n\n\n<figure class=\"wp-block-image size-large\"><img loading=\"lazy\" decoding=\"async\" width=\"1493\" height=\"1120\" src=\"https:\/\/reisen.dipas.ch\/wp-content\/uploads\/2021\/01\/Dolomiten_20181004_6690-1493x1120.jpg\" alt=\"\" class=\"wp-image-2845\" srcset=\"https:\/\/reisen.dipas.ch\/wp-content\/uploads\/2021\/01\/Dolomiten_20181004_6690-1493x1120.jpg 1493w, https:\/\/reisen.dipas.ch\/wp-content\/uploads\/2021\/01\/Dolomiten_20181004_6690-700x525.jpg 700w, https:\/\/reisen.dipas.ch\/wp-content\/uploads\/2021\/01\/Dolomiten_20181004_6690-768x576.jpg 768w, https:\/\/reisen.dipas.ch\/wp-content\/uploads\/2021\/01\/Dolomiten_20181004_6690-1536x1152.jpg 1536w, https:\/\/reisen.dipas.ch\/wp-content\/uploads\/2021\/01\/Dolomiten_20181004_6690-440x330.jpg 440w, https:\/\/reisen.dipas.ch\/wp-content\/uploads\/2021\/01\/Dolomiten_20181004_6690.jpg 1680w\" sizes=\"auto, (max-width: 1493px) 100vw, 1493px\" \/><figcaption>K\u00f6stlicher Bergkaiserschrmarn.<\/figcaption><\/figure>\n\n\n\n<figure class=\"wp-block-image size-full\"><img loading=\"lazy\" decoding=\"async\" width=\"1680\" height=\"1120\" src=\"https:\/\/reisen.dipas.ch\/wp-content\/uploads\/2021\/01\/Dolomiten_20181004_3379.jpg\" alt=\"\" class=\"wp-image-2821\" srcset=\"https:\/\/reisen.dipas.ch\/wp-content\/uploads\/2021\/01\/Dolomiten_20181004_3379.jpg 1680w, https:\/\/reisen.dipas.ch\/wp-content\/uploads\/2021\/01\/Dolomiten_20181004_3379-700x467.jpg 700w, https:\/\/reisen.dipas.ch\/wp-content\/uploads\/2021\/01\/Dolomiten_20181004_3379-168x112.jpg 168w, https:\/\/reisen.dipas.ch\/wp-content\/uploads\/2021\/01\/Dolomiten_20181004_3379-768x512.jpg 768w, https:\/\/reisen.dipas.ch\/wp-content\/uploads\/2021\/01\/Dolomiten_20181004_3379-1536x1024.jpg 1536w\" sizes=\"auto, (max-width: 1680px) 100vw, 1680px\" \/><\/figure>\n\n\n\n<figure class=\"wp-block-image size-full\"><img loading=\"lazy\" decoding=\"async\" width=\"1680\" height=\"1120\" src=\"https:\/\/reisen.dipas.ch\/wp-content\/uploads\/2021\/01\/Dolomiten_20181004_3384.jpg\" alt=\"\" class=\"wp-image-2819\" srcset=\"https:\/\/reisen.dipas.ch\/wp-content\/uploads\/2021\/01\/Dolomiten_20181004_3384.jpg 1680w, https:\/\/reisen.dipas.ch\/wp-content\/uploads\/2021\/01\/Dolomiten_20181004_3384-700x467.jpg 700w, https:\/\/reisen.dipas.ch\/wp-content\/uploads\/2021\/01\/Dolomiten_20181004_3384-168x112.jpg 168w, https:\/\/reisen.dipas.ch\/wp-content\/uploads\/2021\/01\/Dolomiten_20181004_3384-768x512.jpg 768w, https:\/\/reisen.dipas.ch\/wp-content\/uploads\/2021\/01\/Dolomiten_20181004_3384-1536x1024.jpg 1536w\" sizes=\"auto, (max-width: 1680px) 100vw, 1680px\" \/><figcaption>Irgendwo in den Steilh\u00e4ngen waren Leute unterwegs.<\/figcaption><\/figure>\n\n\n\n<figure class=\"wp-block-image size-full is-resized\"><img loading=\"lazy\" decoding=\"async\" src=\"https:\/\/reisen.dipas.ch\/wp-content\/uploads\/2021\/01\/Dolomiten_20181004_3395.jpg\" alt=\"\" class=\"wp-image-2820\" width=\"840\" height=\"1260\" srcset=\"https:\/\/reisen.dipas.ch\/wp-content\/uploads\/2021\/01\/Dolomiten_20181004_3395.jpg 1120w, https:\/\/reisen.dipas.ch\/wp-content\/uploads\/2021\/01\/Dolomiten_20181004_3395-350x525.jpg 350w, https:\/\/reisen.dipas.ch\/wp-content\/uploads\/2021\/01\/Dolomiten_20181004_3395-747x1120.jpg 747w, https:\/\/reisen.dipas.ch\/wp-content\/uploads\/2021\/01\/Dolomiten_20181004_3395-768x1152.jpg 768w, https:\/\/reisen.dipas.ch\/wp-content\/uploads\/2021\/01\/Dolomiten_20181004_3395-1024x1536.jpg 1024w\" sizes=\"auto, (max-width: 840px) 100vw, 840px\" \/><figcaption>Auf  den grossen Kalksteinbl\u00f6cken l\u00e4sst sich die Sonne und der Ausblick geniessen.<\/figcaption><\/figure>\n\n\n\n<figure class=\"wp-block-image size-full\"><img loading=\"lazy\" decoding=\"async\" width=\"1680\" height=\"1120\" src=\"https:\/\/reisen.dipas.ch\/wp-content\/uploads\/2021\/01\/Dolomiten_20181004_3399.jpg\" alt=\"\" class=\"wp-image-2818\" srcset=\"https:\/\/reisen.dipas.ch\/wp-content\/uploads\/2021\/01\/Dolomiten_20181004_3399.jpg 1680w, https:\/\/reisen.dipas.ch\/wp-content\/uploads\/2021\/01\/Dolomiten_20181004_3399-700x467.jpg 700w, https:\/\/reisen.dipas.ch\/wp-content\/uploads\/2021\/01\/Dolomiten_20181004_3399-168x112.jpg 168w, https:\/\/reisen.dipas.ch\/wp-content\/uploads\/2021\/01\/Dolomiten_20181004_3399-768x512.jpg 768w, https:\/\/reisen.dipas.ch\/wp-content\/uploads\/2021\/01\/Dolomiten_20181004_3399-1536x1024.jpg 1536w\" sizes=\"auto, (max-width: 1680px) 100vw, 1680px\" \/><figcaption>Blick an den Latemar vom Karersee aus.<\/figcaption><\/figure>\n\n\n\n<figure class=\"wp-block-image size-full\"><img loading=\"lazy\" decoding=\"async\" width=\"1680\" height=\"1120\" src=\"https:\/\/reisen.dipas.ch\/wp-content\/uploads\/2021\/01\/Dolomiten_20181004_3410.jpg\" alt=\"\" class=\"wp-image-2817\" srcset=\"https:\/\/reisen.dipas.ch\/wp-content\/uploads\/2021\/01\/Dolomiten_20181004_3410.jpg 1680w, https:\/\/reisen.dipas.ch\/wp-content\/uploads\/2021\/01\/Dolomiten_20181004_3410-700x467.jpg 700w, https:\/\/reisen.dipas.ch\/wp-content\/uploads\/2021\/01\/Dolomiten_20181004_3410-168x112.jpg 168w, https:\/\/reisen.dipas.ch\/wp-content\/uploads\/2021\/01\/Dolomiten_20181004_3410-768x512.jpg 768w, https:\/\/reisen.dipas.ch\/wp-content\/uploads\/2021\/01\/Dolomiten_20181004_3410-1536x1024.jpg 1536w\" sizes=\"auto, (max-width: 1680px) 100vw, 1680px\" \/><figcaption>Blick an den Rosengarten vom  Karersee aus.<\/figcaption><\/figure>\n\n\n\n<p><a href=\"https:\/\/reisen.dipas.ch\/?page_id=1124\">Dolomiten 2018, Freitag<\/a><\/p>\n","protected":false},"excerpt":{"rendered":"<p>Zur\u00fcck zu Dolomiten 2018, Mittwoch Nach dem Fr\u00fchst\u00fcck in der K\u00f6lner H\u00fctte geht es zur\u00a0Hanickerschwaige ob dem Val S.Cipriano. Nach einem sehr guten Kaiserschmarn geht<\/p>\n<p><a href=\"https:\/\/reisen.dipas.ch\/?page_id=1122\" class=\"more-link\">Continue reading<span class=\"screen-reader-text\">Dolomiten 2018, Donnerstag 04.10.2018<\/span><\/a><\/p>\n","protected":false},"author":1,"featured_media":0,"parent":1112,"menu_order":0,"comment_status":"closed","ping_status":"closed","template":"","meta":{"ngg_post_thumbnail":0,"footnotes":""},"class_list":["post-1122","page","type-page","status-publish","hentry"],"_links":{"self":[{"href":"https:\/\/reisen.dipas.ch\/index.php?rest_route=\/wp\/v2\/pages\/1122","targetHints":{"allow":["GET"]}}],"collection":[{"href":"https:\/\/reisen.dipas.ch\/index.php?rest_route=\/wp\/v2\/pages"}],"about":[{"href":"https:\/\/reisen.dipas.ch\/index.php?rest_route=\/wp\/v2\/types\/page"}],"author":[{"embeddable":true,"href":"https:\/\/reisen.dipas.ch\/index.php?rest_route=\/wp\/v2\/users\/1"}],"replies":[{"embeddable":true,"href":"https:\/\/reisen.dipas.ch\/index.php?rest_route=%2Fwp%2Fv2%2Fcomments&post=1122"}],"version-history":[{"count":7,"href":"https:\/\/reisen.dipas.ch\/index.php?rest_route=\/wp\/v2\/pages\/1122\/revisions"}],"predecessor-version":[{"id":2848,"href":"https:\/\/reisen.dipas.ch\/index.php?rest_route=\/wp\/v2\/pages\/1122\/revisions\/2848"}],"up":[{"embeddable":true,"href":"https:\/\/reisen.dipas.ch\/index.php?rest_route=\/wp\/v2\/pages\/1112"}],"wp:attachment":[{"href":"https:\/\/reisen.dipas.ch\/index.php?rest_route=%2Fwp%2Fv2%2Fmedia&parent=1122"}],"curies":[{"name":"wp","href":"https:\/\/api.w.org\/{rel}","templated":true}]}}