{"id":1120,"date":"2018-10-07T21:01:21","date_gmt":"2018-10-07T20:01:21","guid":{"rendered":"http:\/\/reisen.dipas.ch\/?page_id=1120"},"modified":"2021-01-09T20:42:03","modified_gmt":"2021-01-09T19:42:03","slug":"dolomiten-2018-mittwoch-03-10-2018","status":"publish","type":"page","link":"https:\/\/reisen.dipas.ch\/?page_id=1120","title":{"rendered":"Dolomiten 2018, Mittwoch 03.10.2018"},"content":{"rendered":"\n<p><a href=\"https:\/\/reisen.dipas.ch\/?page_id=1118\">Zur\u00fcck zu Dolomiten 2018, Dienstag<\/a><\/p>\n\n\n\n<p>Mit dem Auto fahren wir zur Station bei der Frommeralm. Von dort geht es mit der Sesselbahn zur K\u00f6lnerh\u00fctte wo wir einen Rucksack deponieren.\u00a0 Bei der Rundwanderung versuchten wir den \u00dcbergang nahe der K\u00f6lnerh\u00fctte, brachen aber ab, da der Weg sehr ausgesetzt und uns zu unsicher erschien. Weiter ging es dem oberen Rosengarten entlang. Wir folgten diesem Weg, vorbei am Denkmal von Th. Christomannos, zur Rotwandh\u00fctte. Nach einer Zwischenverpflegung ging es durch Steinbl\u00f6cke den Aufstieg zum \u00dcbergang Passo Vajolon auf 2560 m. Der Abstieg auf der Bozenerseite war mit Holzpf\u00e4hlen, Hohlbr\u00fccken und einer Stahlleiter versehen. Den Blick auf dem Weg zu halten war besser, als die 500 m runterzuschauen.<\/p>\n\n\n\n<figure class=\"wp-block-image size-full is-resized\"><img loading=\"lazy\" decoding=\"async\" src=\"https:\/\/reisen.dipas.ch\/wp-content\/uploads\/2021\/01\/Dolomiten_20181005_6625-scaled.jpg\" alt=\"\" class=\"wp-image-2846\" width=\"1280\" height=\"299\" srcset=\"https:\/\/reisen.dipas.ch\/wp-content\/uploads\/2021\/01\/Dolomiten_20181005_6625-scaled.jpg 2560w, https:\/\/reisen.dipas.ch\/wp-content\/uploads\/2021\/01\/Dolomiten_20181005_6625-700x163.jpg 700w, https:\/\/reisen.dipas.ch\/wp-content\/uploads\/2021\/01\/Dolomiten_20181005_6625-1680x392.jpg 1680w, https:\/\/reisen.dipas.ch\/wp-content\/uploads\/2021\/01\/Dolomiten_20181005_6625-768x179.jpg 768w, https:\/\/reisen.dipas.ch\/wp-content\/uploads\/2021\/01\/Dolomiten_20181005_6625-1536x358.jpg 1536w, https:\/\/reisen.dipas.ch\/wp-content\/uploads\/2021\/01\/Dolomiten_20181005_6625-2048x478.jpg 2048w\" sizes=\"auto, (max-width: 1280px) 100vw, 1280px\" \/><figcaption>Panorama bei der K\u00f6lnerh\u00fctte.<\/figcaption><\/figure>\n\n\n\n<figure class=\"wp-block-image alignnone size-full\"><a href=\"https:\/\/reisen.dipas.ch\/wp-content\/uploads\/2018\/10\/Dolomiten_20181003_3188.png\" rel=\"noopener\"><img loading=\"lazy\" decoding=\"async\" width=\"1680\" height=\"1120\" src=\"https:\/\/reisen.dipas.ch\/wp-content\/uploads\/2018\/10\/Dolomiten_20181003_3188.png\" alt=\"\" class=\"wp-image-1223\" srcset=\"https:\/\/reisen.dipas.ch\/wp-content\/uploads\/2018\/10\/Dolomiten_20181003_3188.png 1680w, https:\/\/reisen.dipas.ch\/wp-content\/uploads\/2018\/10\/Dolomiten_20181003_3188-168x112.png 168w, https:\/\/reisen.dipas.ch\/wp-content\/uploads\/2018\/10\/Dolomiten_20181003_3188-700x467.png 700w, https:\/\/reisen.dipas.ch\/wp-content\/uploads\/2018\/10\/Dolomiten_20181003_3188-768x512.png 768w\" sizes=\"auto, (max-width: 1680px) 100vw, 1680px\" \/><\/a><figcaption>Latemar im Morgenlicht.<\/figcaption><\/figure>\n\n\n\n<figure class=\"wp-block-image alignnone size-full is-resized\"><a href=\"https:\/\/reisen.dipas.ch\/wp-content\/uploads\/2018\/10\/Dolomiten_20181003_3198.png\" rel=\"noopener\"><img loading=\"lazy\" decoding=\"async\" src=\"https:\/\/reisen.dipas.ch\/wp-content\/uploads\/2018\/10\/Dolomiten_20181003_3198.png\" alt=\"\" class=\"wp-image-1224\" width=\"840\" height=\"1260\" srcset=\"https:\/\/reisen.dipas.ch\/wp-content\/uploads\/2018\/10\/Dolomiten_20181003_3198.png 1120w, https:\/\/reisen.dipas.ch\/wp-content\/uploads\/2018\/10\/Dolomiten_20181003_3198-350x525.png 350w, https:\/\/reisen.dipas.ch\/wp-content\/uploads\/2018\/10\/Dolomiten_20181003_3198-768x1152.png 768w, https:\/\/reisen.dipas.ch\/wp-content\/uploads\/2018\/10\/Dolomiten_20181003_3198-747x1120.png 747w\" sizes=\"auto, (max-width: 840px) 100vw, 840px\" \/><\/a><figcaption>Hinter der K\u00f6lnerh\u00fctte geht ein Klettersteig hoch. Definitiv nichts f\u00fcr mich.<\/figcaption><\/figure>\n\n\n\n<figure class=\"wp-block-image alignnone size-full\"><a href=\"https:\/\/reisen.dipas.ch\/wp-content\/uploads\/2018\/10\/Dolomiten_20181003_3199.png\" rel=\"noopener\"><img loading=\"lazy\" decoding=\"async\" width=\"1680\" height=\"1120\" src=\"https:\/\/reisen.dipas.ch\/wp-content\/uploads\/2018\/10\/Dolomiten_20181003_3199.png\" alt=\"\" class=\"wp-image-1225\" srcset=\"https:\/\/reisen.dipas.ch\/wp-content\/uploads\/2018\/10\/Dolomiten_20181003_3199.png 1680w, https:\/\/reisen.dipas.ch\/wp-content\/uploads\/2018\/10\/Dolomiten_20181003_3199-168x112.png 168w, https:\/\/reisen.dipas.ch\/wp-content\/uploads\/2018\/10\/Dolomiten_20181003_3199-700x467.png 700w, https:\/\/reisen.dipas.ch\/wp-content\/uploads\/2018\/10\/Dolomiten_20181003_3199-768x512.png 768w\" sizes=\"auto, (max-width: 1680px) 100vw, 1680px\" \/><\/a><figcaption>Wir versuchen hier hoch zu gehen. Der Pfad f\u00fchrt zu einem Kletterpfad und die andere Bergseite w\u00e4re von hier erreichbar, w\u00e4ren nicht die schr\u00e4gen, ausgesetzten, ohne M\u00f6glichkeit sich abzust\u00fctzen bzw. f\u00fchren. Wir gehen auf den Weg rund um den Rosengarten.<\/figcaption><\/figure>\n\n\n\n<figure class=\"wp-block-image alignnone size-full\"><a href=\"https:\/\/reisen.dipas.ch\/wp-content\/uploads\/2018\/10\/Dolomiten_20181003_3202.png\" rel=\"noopener\"><img loading=\"lazy\" decoding=\"async\" width=\"1680\" height=\"1120\" src=\"https:\/\/reisen.dipas.ch\/wp-content\/uploads\/2018\/10\/Dolomiten_20181003_3202.png\" alt=\"\" class=\"wp-image-1226\" srcset=\"https:\/\/reisen.dipas.ch\/wp-content\/uploads\/2018\/10\/Dolomiten_20181003_3202.png 1680w, https:\/\/reisen.dipas.ch\/wp-content\/uploads\/2018\/10\/Dolomiten_20181003_3202-168x112.png 168w, https:\/\/reisen.dipas.ch\/wp-content\/uploads\/2018\/10\/Dolomiten_20181003_3202-700x467.png 700w, https:\/\/reisen.dipas.ch\/wp-content\/uploads\/2018\/10\/Dolomiten_20181003_3202-768x512.png 768w\" sizes=\"auto, (max-width: 1680px) 100vw, 1680px\" \/><\/a><figcaption>Sch\u00f6ne Aussichten! Die Berge auch&#8230;<\/figcaption><\/figure>\n\n\n\n<figure class=\"wp-block-image alignnone size-full\"><a href=\"https:\/\/reisen.dipas.ch\/wp-content\/uploads\/2018\/10\/Dolomiten_20181003_3204.png\" rel=\"noopener\"><img loading=\"lazy\" decoding=\"async\" width=\"1680\" height=\"1120\" src=\"https:\/\/reisen.dipas.ch\/wp-content\/uploads\/2018\/10\/Dolomiten_20181003_3204.png\" alt=\"\" class=\"wp-image-1227\" srcset=\"https:\/\/reisen.dipas.ch\/wp-content\/uploads\/2018\/10\/Dolomiten_20181003_3204.png 1680w, https:\/\/reisen.dipas.ch\/wp-content\/uploads\/2018\/10\/Dolomiten_20181003_3204-168x112.png 168w, https:\/\/reisen.dipas.ch\/wp-content\/uploads\/2018\/10\/Dolomiten_20181003_3204-700x467.png 700w, https:\/\/reisen.dipas.ch\/wp-content\/uploads\/2018\/10\/Dolomiten_20181003_3204-768x512.png 768w\" sizes=\"auto, (max-width: 1680px) 100vw, 1680px\" \/><\/a><figcaption>Toller Felsen mit super Aussicht.  \ud83d\ude42<\/figcaption><\/figure>\n\n\n\n<figure class=\"wp-block-image alignnone size-full\"><a href=\"https:\/\/reisen.dipas.ch\/wp-content\/uploads\/2018\/10\/Dolomiten_20181003_3208.png\" rel=\"noopener\"><img loading=\"lazy\" decoding=\"async\" width=\"1680\" height=\"1120\" src=\"https:\/\/reisen.dipas.ch\/wp-content\/uploads\/2018\/10\/Dolomiten_20181003_3208.png\" alt=\"\" class=\"wp-image-1228\" srcset=\"https:\/\/reisen.dipas.ch\/wp-content\/uploads\/2018\/10\/Dolomiten_20181003_3208.png 1680w, https:\/\/reisen.dipas.ch\/wp-content\/uploads\/2018\/10\/Dolomiten_20181003_3208-168x112.png 168w, https:\/\/reisen.dipas.ch\/wp-content\/uploads\/2018\/10\/Dolomiten_20181003_3208-700x467.png 700w, https:\/\/reisen.dipas.ch\/wp-content\/uploads\/2018\/10\/Dolomiten_20181003_3208-768x512.png 768w\" sizes=\"auto, (max-width: 1680px) 100vw, 1680px\" \/><\/a><figcaption>Blick Richtung \u00d6tztal und den T\u00e4lern dazwischen.<\/figcaption><\/figure>\n\n\n\n<figure class=\"wp-block-image alignnone size-full\"><a href=\"https:\/\/reisen.dipas.ch\/wp-content\/uploads\/2018\/10\/Dolomiten_20181003_3212.png\" rel=\"noopener\"><img loading=\"lazy\" decoding=\"async\" width=\"1680\" height=\"1120\" src=\"https:\/\/reisen.dipas.ch\/wp-content\/uploads\/2018\/10\/Dolomiten_20181003_3212.png\" alt=\"\" class=\"wp-image-1229\" srcset=\"https:\/\/reisen.dipas.ch\/wp-content\/uploads\/2018\/10\/Dolomiten_20181003_3212.png 1680w, https:\/\/reisen.dipas.ch\/wp-content\/uploads\/2018\/10\/Dolomiten_20181003_3212-168x112.png 168w, https:\/\/reisen.dipas.ch\/wp-content\/uploads\/2018\/10\/Dolomiten_20181003_3212-700x467.png 700w, https:\/\/reisen.dipas.ch\/wp-content\/uploads\/2018\/10\/Dolomiten_20181003_3212-768x512.png 768w\" sizes=\"auto, (max-width: 1680px) 100vw, 1680px\" \/><\/a><figcaption>Hinter mir eine steile Felswand aus Dolomit.<\/figcaption><\/figure>\n\n\n\n<figure class=\"wp-block-image alignnone size-full\"><a href=\"https:\/\/reisen.dipas.ch\/wp-content\/uploads\/2018\/10\/Dolomiten_20181003_3213.png\" rel=\"noopener\"><img loading=\"lazy\" decoding=\"async\" width=\"1680\" height=\"1120\" src=\"https:\/\/reisen.dipas.ch\/wp-content\/uploads\/2018\/10\/Dolomiten_20181003_3213.png\" alt=\"\" class=\"wp-image-1230\" srcset=\"https:\/\/reisen.dipas.ch\/wp-content\/uploads\/2018\/10\/Dolomiten_20181003_3213.png 1680w, https:\/\/reisen.dipas.ch\/wp-content\/uploads\/2018\/10\/Dolomiten_20181003_3213-168x112.png 168w, https:\/\/reisen.dipas.ch\/wp-content\/uploads\/2018\/10\/Dolomiten_20181003_3213-700x467.png 700w, https:\/\/reisen.dipas.ch\/wp-content\/uploads\/2018\/10\/Dolomiten_20181003_3213-768x512.png 768w\" sizes=\"auto, (max-width: 1680px) 100vw, 1680px\" \/><\/a><figcaption>Da kommen wir sp\u00e4ter wieder runter, sieht harmloser aus als es ist.<\/figcaption><\/figure>\n\n\n\n<figure class=\"wp-block-image size-full\"><img loading=\"lazy\" decoding=\"async\" width=\"1680\" height=\"1120\" src=\"https:\/\/reisen.dipas.ch\/wp-content\/uploads\/2021\/01\/Dolomiten_20181003_3224.jpg\" alt=\"\" class=\"wp-image-2834\" srcset=\"https:\/\/reisen.dipas.ch\/wp-content\/uploads\/2021\/01\/Dolomiten_20181003_3224.jpg 1680w, https:\/\/reisen.dipas.ch\/wp-content\/uploads\/2021\/01\/Dolomiten_20181003_3224-700x467.jpg 700w, https:\/\/reisen.dipas.ch\/wp-content\/uploads\/2021\/01\/Dolomiten_20181003_3224-168x112.jpg 168w, https:\/\/reisen.dipas.ch\/wp-content\/uploads\/2021\/01\/Dolomiten_20181003_3224-768x512.jpg 768w, https:\/\/reisen.dipas.ch\/wp-content\/uploads\/2021\/01\/Dolomiten_20181003_3224-1536x1024.jpg 1536w\" sizes=\"auto, (max-width: 1680px) 100vw, 1680px\" \/><\/figure>\n\n\n\n<figure class=\"wp-block-image size-full\"><img loading=\"lazy\" decoding=\"async\" width=\"1680\" height=\"1103\" src=\"https:\/\/reisen.dipas.ch\/wp-content\/uploads\/2021\/01\/Dolomiten_20181003_3231.jpg\" alt=\"\" class=\"wp-image-2835\" srcset=\"https:\/\/reisen.dipas.ch\/wp-content\/uploads\/2021\/01\/Dolomiten_20181003_3231.jpg 1680w, https:\/\/reisen.dipas.ch\/wp-content\/uploads\/2021\/01\/Dolomiten_20181003_3231-700x460.jpg 700w, https:\/\/reisen.dipas.ch\/wp-content\/uploads\/2021\/01\/Dolomiten_20181003_3231-768x504.jpg 768w, https:\/\/reisen.dipas.ch\/wp-content\/uploads\/2021\/01\/Dolomiten_20181003_3231-1536x1008.jpg 1536w\" sizes=\"auto, (max-width: 1680px) 100vw, 1680px\" \/><\/figure>\n\n\n\n<figure class=\"wp-block-image size-full\"><img loading=\"lazy\" decoding=\"async\" width=\"1680\" height=\"1115\" src=\"https:\/\/reisen.dipas.ch\/wp-content\/uploads\/2021\/01\/Dolomiten_20181003_3232.jpg\" alt=\"\" class=\"wp-image-2836\" srcset=\"https:\/\/reisen.dipas.ch\/wp-content\/uploads\/2021\/01\/Dolomiten_20181003_3232.jpg 1680w, https:\/\/reisen.dipas.ch\/wp-content\/uploads\/2021\/01\/Dolomiten_20181003_3232-700x465.jpg 700w, https:\/\/reisen.dipas.ch\/wp-content\/uploads\/2021\/01\/Dolomiten_20181003_3232-168x112.jpg 168w, https:\/\/reisen.dipas.ch\/wp-content\/uploads\/2021\/01\/Dolomiten_20181003_3232-768x510.jpg 768w, https:\/\/reisen.dipas.ch\/wp-content\/uploads\/2021\/01\/Dolomiten_20181003_3232-1536x1019.jpg 1536w\" sizes=\"auto, (max-width: 1680px) 100vw, 1680px\" \/><\/figure>\n\n\n\n<figure class=\"wp-block-image size-full is-resized\"><img loading=\"lazy\" decoding=\"async\" src=\"https:\/\/reisen.dipas.ch\/wp-content\/uploads\/2021\/01\/Dolomiten_20181003_3244.jpg\" alt=\"\" class=\"wp-image-2837\" width=\"849\" height=\"1260\" srcset=\"https:\/\/reisen.dipas.ch\/wp-content\/uploads\/2021\/01\/Dolomiten_20181003_3244.jpg 1132w, https:\/\/reisen.dipas.ch\/wp-content\/uploads\/2021\/01\/Dolomiten_20181003_3244-354x525.jpg 354w, https:\/\/reisen.dipas.ch\/wp-content\/uploads\/2021\/01\/Dolomiten_20181003_3244-755x1120.jpg 755w, https:\/\/reisen.dipas.ch\/wp-content\/uploads\/2021\/01\/Dolomiten_20181003_3244-768x1140.jpg 768w, https:\/\/reisen.dipas.ch\/wp-content\/uploads\/2021\/01\/Dolomiten_20181003_3244-1035x1536.jpg 1035w\" sizes=\"auto, (max-width: 849px) 100vw, 849px\" \/><\/figure>\n\n\n\n<figure class=\"wp-block-image size-full is-resized\"><img loading=\"lazy\" decoding=\"async\" src=\"https:\/\/reisen.dipas.ch\/wp-content\/uploads\/2021\/01\/Dolomiten_20181003_3269.jpg\" alt=\"\" class=\"wp-image-2838\" width=\"840\" height=\"1260\" srcset=\"https:\/\/reisen.dipas.ch\/wp-content\/uploads\/2021\/01\/Dolomiten_20181003_3269.jpg 1120w, https:\/\/reisen.dipas.ch\/wp-content\/uploads\/2021\/01\/Dolomiten_20181003_3269-350x525.jpg 350w, https:\/\/reisen.dipas.ch\/wp-content\/uploads\/2021\/01\/Dolomiten_20181003_3269-747x1120.jpg 747w, https:\/\/reisen.dipas.ch\/wp-content\/uploads\/2021\/01\/Dolomiten_20181003_3269-768x1152.jpg 768w, https:\/\/reisen.dipas.ch\/wp-content\/uploads\/2021\/01\/Dolomiten_20181003_3269-1024x1536.jpg 1024w\" sizes=\"auto, (max-width: 840px) 100vw, 840px\" \/><\/figure>\n\n\n\n<figure class=\"wp-block-image size-full is-resized\"><img loading=\"lazy\" decoding=\"async\" src=\"https:\/\/reisen.dipas.ch\/wp-content\/uploads\/2021\/01\/Dolomiten_20181004_6633-scaled.jpg\" alt=\"\" class=\"wp-image-2847\" width=\"1280\" height=\"284\" srcset=\"https:\/\/reisen.dipas.ch\/wp-content\/uploads\/2021\/01\/Dolomiten_20181004_6633-scaled.jpg 2560w, https:\/\/reisen.dipas.ch\/wp-content\/uploads\/2021\/01\/Dolomiten_20181004_6633-700x155.jpg 700w, https:\/\/reisen.dipas.ch\/wp-content\/uploads\/2021\/01\/Dolomiten_20181004_6633-1680x373.jpg 1680w, https:\/\/reisen.dipas.ch\/wp-content\/uploads\/2021\/01\/Dolomiten_20181004_6633-768x170.jpg 768w, https:\/\/reisen.dipas.ch\/wp-content\/uploads\/2021\/01\/Dolomiten_20181004_6633-1536x341.jpg 1536w, https:\/\/reisen.dipas.ch\/wp-content\/uploads\/2021\/01\/Dolomiten_20181004_6633-2048x454.jpg 2048w\" sizes=\"auto, (max-width: 1280px) 100vw, 1280px\" \/><\/figure>\n\n\n\n<figure class=\"wp-block-image size-full\"><img loading=\"lazy\" decoding=\"async\" width=\"1163\" height=\"775\" src=\"https:\/\/reisen.dipas.ch\/wp-content\/uploads\/2021\/01\/Dolomiten_20181004_SSNS7318.jpg\" alt=\"\" class=\"wp-image-2796\" srcset=\"https:\/\/reisen.dipas.ch\/wp-content\/uploads\/2021\/01\/Dolomiten_20181004_SSNS7318.jpg 1163w, https:\/\/reisen.dipas.ch\/wp-content\/uploads\/2021\/01\/Dolomiten_20181004_SSNS7318-700x466.jpg 700w, https:\/\/reisen.dipas.ch\/wp-content\/uploads\/2021\/01\/Dolomiten_20181004_SSNS7318-168x112.jpg 168w, https:\/\/reisen.dipas.ch\/wp-content\/uploads\/2021\/01\/Dolomiten_20181004_SSNS7318-768x512.jpg 768w\" sizes=\"auto, (max-width: 1163px) 100vw, 1163px\" \/><\/figure>\n\n\n\n<figure class=\"wp-block-image size-full\"><img loading=\"lazy\" decoding=\"async\" width=\"1680\" height=\"1120\" src=\"https:\/\/reisen.dipas.ch\/wp-content\/uploads\/2021\/01\/Dolomiten_20181003_3273.jpg\" alt=\"\" class=\"wp-image-2839\" srcset=\"https:\/\/reisen.dipas.ch\/wp-content\/uploads\/2021\/01\/Dolomiten_20181003_3273.jpg 1680w, https:\/\/reisen.dipas.ch\/wp-content\/uploads\/2021\/01\/Dolomiten_20181003_3273-700x467.jpg 700w, https:\/\/reisen.dipas.ch\/wp-content\/uploads\/2021\/01\/Dolomiten_20181003_3273-168x112.jpg 168w, https:\/\/reisen.dipas.ch\/wp-content\/uploads\/2021\/01\/Dolomiten_20181003_3273-768x512.jpg 768w, https:\/\/reisen.dipas.ch\/wp-content\/uploads\/2021\/01\/Dolomiten_20181003_3273-1536x1024.jpg 1536w\" sizes=\"auto, (max-width: 1680px) 100vw, 1680px\" \/><\/figure>\n\n\n\n<figure class=\"wp-block-image size-full\"><img loading=\"lazy\" decoding=\"async\" width=\"1680\" height=\"1092\" src=\"https:\/\/reisen.dipas.ch\/wp-content\/uploads\/2021\/01\/Dolomiten_20181003_3279.jpg\" alt=\"\" class=\"wp-image-2840\" srcset=\"https:\/\/reisen.dipas.ch\/wp-content\/uploads\/2021\/01\/Dolomiten_20181003_3279.jpg 1680w, https:\/\/reisen.dipas.ch\/wp-content\/uploads\/2021\/01\/Dolomiten_20181003_3279-700x455.jpg 700w, https:\/\/reisen.dipas.ch\/wp-content\/uploads\/2021\/01\/Dolomiten_20181003_3279-768x499.jpg 768w, https:\/\/reisen.dipas.ch\/wp-content\/uploads\/2021\/01\/Dolomiten_20181003_3279-1536x998.jpg 1536w\" sizes=\"auto, (max-width: 1680px) 100vw, 1680px\" \/><\/figure>\n\n\n\n<figure class=\"wp-block-image size-full\"><img loading=\"lazy\" decoding=\"async\" width=\"1680\" height=\"1120\" src=\"https:\/\/reisen.dipas.ch\/wp-content\/uploads\/2021\/01\/Dolomiten_20181003_3286.jpg\" alt=\"\" class=\"wp-image-2831\" srcset=\"https:\/\/reisen.dipas.ch\/wp-content\/uploads\/2021\/01\/Dolomiten_20181003_3286.jpg 1680w, https:\/\/reisen.dipas.ch\/wp-content\/uploads\/2021\/01\/Dolomiten_20181003_3286-700x467.jpg 700w, https:\/\/reisen.dipas.ch\/wp-content\/uploads\/2021\/01\/Dolomiten_20181003_3286-168x112.jpg 168w, https:\/\/reisen.dipas.ch\/wp-content\/uploads\/2021\/01\/Dolomiten_20181003_3286-768x512.jpg 768w, https:\/\/reisen.dipas.ch\/wp-content\/uploads\/2021\/01\/Dolomiten_20181003_3286-1536x1024.jpg 1536w\" sizes=\"auto, (max-width: 1680px) 100vw, 1680px\" \/><\/figure>\n\n\n\n<figure class=\"wp-block-image size-full\"><img loading=\"lazy\" decoding=\"async\" width=\"1680\" height=\"1120\" src=\"https:\/\/reisen.dipas.ch\/wp-content\/uploads\/2021\/01\/Dolomiten_20181003_3284.jpg\" alt=\"\" class=\"wp-image-2833\" srcset=\"https:\/\/reisen.dipas.ch\/wp-content\/uploads\/2021\/01\/Dolomiten_20181003_3284.jpg 1680w, https:\/\/reisen.dipas.ch\/wp-content\/uploads\/2021\/01\/Dolomiten_20181003_3284-700x467.jpg 700w, https:\/\/reisen.dipas.ch\/wp-content\/uploads\/2021\/01\/Dolomiten_20181003_3284-168x112.jpg 168w, https:\/\/reisen.dipas.ch\/wp-content\/uploads\/2021\/01\/Dolomiten_20181003_3284-768x512.jpg 768w, https:\/\/reisen.dipas.ch\/wp-content\/uploads\/2021\/01\/Dolomiten_20181003_3284-1536x1024.jpg 1536w\" sizes=\"auto, (max-width: 1680px) 100vw, 1680px\" \/><\/figure>\n\n\n\n<figure class=\"wp-block-image size-full\"><img loading=\"lazy\" decoding=\"async\" width=\"1680\" height=\"1120\" src=\"https:\/\/reisen.dipas.ch\/wp-content\/uploads\/2021\/01\/Dolomiten_20181003_3293.jpg\" alt=\"\" class=\"wp-image-2832\" srcset=\"https:\/\/reisen.dipas.ch\/wp-content\/uploads\/2021\/01\/Dolomiten_20181003_3293.jpg 1680w, https:\/\/reisen.dipas.ch\/wp-content\/uploads\/2021\/01\/Dolomiten_20181003_3293-700x467.jpg 700w, https:\/\/reisen.dipas.ch\/wp-content\/uploads\/2021\/01\/Dolomiten_20181003_3293-168x112.jpg 168w, https:\/\/reisen.dipas.ch\/wp-content\/uploads\/2021\/01\/Dolomiten_20181003_3293-768x512.jpg 768w, https:\/\/reisen.dipas.ch\/wp-content\/uploads\/2021\/01\/Dolomiten_20181003_3293-1536x1024.jpg 1536w\" sizes=\"auto, (max-width: 1680px) 100vw, 1680px\" \/><\/figure>\n\n\n\n<p><a href=\"https:\/\/reisen.dipas.ch\/?page_id=1122\">Dolomiten 2018, Donnerstag<\/a><\/p>\n","protected":false},"excerpt":{"rendered":"<p>Zur\u00fcck zu Dolomiten 2018, Dienstag Mit dem Auto fahren wir zur Station bei der Frommeralm. Von dort geht es mit der Sesselbahn zur K\u00f6lnerh\u00fctte wo<\/p>\n<p><a href=\"https:\/\/reisen.dipas.ch\/?page_id=1120\" class=\"more-link\">Continue reading<span class=\"screen-reader-text\">Dolomiten 2018, Mittwoch 03.10.2018<\/span><\/a><\/p>\n","protected":false},"author":1,"featured_media":0,"parent":1112,"menu_order":0,"comment_status":"closed","ping_status":"closed","template":"","meta":{"ngg_post_thumbnail":0,"footnotes":""},"class_list":["post-1120","page","type-page","status-publish","hentry"],"_links":{"self":[{"href":"https:\/\/reisen.dipas.ch\/index.php?rest_route=\/wp\/v2\/pages\/1120","targetHints":{"allow":["GET"]}}],"collection":[{"href":"https:\/\/reisen.dipas.ch\/index.php?rest_route=\/wp\/v2\/pages"}],"about":[{"href":"https:\/\/reisen.dipas.ch\/index.php?rest_route=\/wp\/v2\/types\/page"}],"author":[{"embeddable":true,"href":"https:\/\/reisen.dipas.ch\/index.php?rest_route=\/wp\/v2\/users\/1"}],"replies":[{"embeddable":true,"href":"https:\/\/reisen.dipas.ch\/index.php?rest_route=%2Fwp%2Fv2%2Fcomments&post=1120"}],"version-history":[{"count":11,"href":"https:\/\/reisen.dipas.ch\/index.php?rest_route=\/wp\/v2\/pages\/1120\/revisions"}],"predecessor-version":[{"id":2850,"href":"https:\/\/reisen.dipas.ch\/index.php?rest_route=\/wp\/v2\/pages\/1120\/revisions\/2850"}],"up":[{"embeddable":true,"href":"https:\/\/reisen.dipas.ch\/index.php?rest_route=\/wp\/v2\/pages\/1112"}],"wp:attachment":[{"href":"https:\/\/reisen.dipas.ch\/index.php?rest_route=%2Fwp%2Fv2%2Fmedia&parent=1120"}],"curies":[{"name":"wp","href":"https:\/\/api.w.org\/{rel}","templated":true}]}}