{"id":1114,"date":"2018-10-07T20:59:14","date_gmt":"2018-10-07T19:59:14","guid":{"rendered":"http:\/\/reisen.dipas.ch\/?page_id=1114"},"modified":"2021-01-08T21:02:44","modified_gmt":"2021-01-08T20:02:44","slug":"dolomiten-2018-sonntag-30-09-2018","status":"publish","type":"page","link":"https:\/\/reisen.dipas.ch\/?page_id=1114","title":{"rendered":"Dolomiten 2018, Sonntag 30.09.2018"},"content":{"rendered":"\n<p><a href=\"https:\/\/reisen.dipas.ch\/?page_id=1143\">Zur\u00fcck zu Dolomiten 2018, Samstag 29.09.2018<\/a><\/p>\n\n\n\n<figure class=\"wp-block-image alignnone size-full is-resized\"><a href=\"https:\/\/reisen.dipas.ch\/wp-content\/uploads\/2018\/10\/Dolomiten_20180930_6560.png\" rel=\"noopener\"><img loading=\"lazy\" decoding=\"async\" src=\"https:\/\/reisen.dipas.ch\/wp-content\/uploads\/2018\/10\/Dolomiten_20180930_6560.png\" alt=\"\" class=\"wp-image-1205\" width=\"630\" height=\"840\" srcset=\"https:\/\/reisen.dipas.ch\/wp-content\/uploads\/2018\/10\/Dolomiten_20180930_6560.png 1260w, https:\/\/reisen.dipas.ch\/wp-content\/uploads\/2018\/10\/Dolomiten_20180930_6560-394x525.png 394w, https:\/\/reisen.dipas.ch\/wp-content\/uploads\/2018\/10\/Dolomiten_20180930_6560-768x1024.png 768w, https:\/\/reisen.dipas.ch\/wp-content\/uploads\/2018\/10\/Dolomiten_20180930_6560-840x1120.png 840w\" sizes=\"auto, (max-width: 630px) 100vw, 630px\" \/><\/a><figcaption>Die Renaissance Kirche von Tirano.<\/figcaption><\/figure>\n\n\n\n<figure class=\"wp-block-image alignnone size-full\"><a href=\"https:\/\/reisen.dipas.ch\/wp-content\/uploads\/2018\/10\/Dolomiten_20180930_6561.png\" rel=\"noopener\"><img loading=\"lazy\" decoding=\"async\" width=\"1680\" height=\"1260\" src=\"https:\/\/reisen.dipas.ch\/wp-content\/uploads\/2018\/10\/Dolomiten_20180930_6561.png\" alt=\"\" class=\"wp-image-1206\" srcset=\"https:\/\/reisen.dipas.ch\/wp-content\/uploads\/2018\/10\/Dolomiten_20180930_6561.png 1680w, https:\/\/reisen.dipas.ch\/wp-content\/uploads\/2018\/10\/Dolomiten_20180930_6561-700x525.png 700w, https:\/\/reisen.dipas.ch\/wp-content\/uploads\/2018\/10\/Dolomiten_20180930_6561-768x576.png 768w, https:\/\/reisen.dipas.ch\/wp-content\/uploads\/2018\/10\/Dolomiten_20180930_6561-1493x1120.png 1493w\" sizes=\"auto, (max-width: 1680px) 100vw, 1680px\" \/><\/a><figcaption>Wie andernorts das Tram die Grenze \u00fcberquert, so macht es hier die rh\u00e4tische Bahn, die bis Tirano f\u00e4hrt.<\/figcaption><\/figure>\n\n\n\n<figure class=\"wp-block-image alignnone size-full is-resized\"><a href=\"https:\/\/reisen.dipas.ch\/wp-content\/uploads\/2018\/10\/Dolomiten_20180930_6565.png\" rel=\"noopener\"><img loading=\"lazy\" decoding=\"async\" src=\"https:\/\/reisen.dipas.ch\/wp-content\/uploads\/2018\/10\/Dolomiten_20180930_6565.png\" alt=\"\" class=\"wp-image-1207\" width=\"630\" height=\"840\" srcset=\"https:\/\/reisen.dipas.ch\/wp-content\/uploads\/2018\/10\/Dolomiten_20180930_6565.png 1260w, https:\/\/reisen.dipas.ch\/wp-content\/uploads\/2018\/10\/Dolomiten_20180930_6565-394x525.png 394w, https:\/\/reisen.dipas.ch\/wp-content\/uploads\/2018\/10\/Dolomiten_20180930_6565-768x1024.png 768w, https:\/\/reisen.dipas.ch\/wp-content\/uploads\/2018\/10\/Dolomiten_20180930_6565-840x1120.png 840w\" sizes=\"auto, (max-width: 630px) 100vw, 630px\" \/><\/a><figcaption>Ob der Esel wohl nur italienisch versteht?<\/figcaption><\/figure>\n\n\n\n<figure class=\"wp-block-image alignnone size-full is-resized\"><a href=\"https:\/\/reisen.dipas.ch\/wp-content\/uploads\/2018\/10\/Dolomiten_20180930_6567.png\" rel=\"noopener\"><img loading=\"lazy\" decoding=\"async\" src=\"https:\/\/reisen.dipas.ch\/wp-content\/uploads\/2018\/10\/Dolomiten_20180930_6567.png\" alt=\"\" class=\"wp-image-1209\" width=\"630\" height=\"840\" srcset=\"https:\/\/reisen.dipas.ch\/wp-content\/uploads\/2018\/10\/Dolomiten_20180930_6567.png 1260w, https:\/\/reisen.dipas.ch\/wp-content\/uploads\/2018\/10\/Dolomiten_20180930_6567-394x525.png 394w, https:\/\/reisen.dipas.ch\/wp-content\/uploads\/2018\/10\/Dolomiten_20180930_6567-768x1024.png 768w, https:\/\/reisen.dipas.ch\/wp-content\/uploads\/2018\/10\/Dolomiten_20180930_6567-840x1120.png 840w\" sizes=\"auto, (max-width: 630px) 100vw, 630px\" \/><\/a><figcaption>Geht doch! Ein Selfie mit Esel.<\/figcaption><\/figure>\n\n\n\n<p><a href=\"https:\/\/reisen.dipas.ch\/?page_id=1116\">Dolomiten 2018, Montag<\/a><\/p>\n","protected":false},"excerpt":{"rendered":"<p>Zur\u00fcck zu Dolomiten 2018, Samstag 29.09.2018 Dolomiten 2018, Montag<\/p>\n","protected":false},"author":1,"featured_media":0,"parent":1112,"menu_order":0,"comment_status":"closed","ping_status":"closed","template":"","meta":{"ngg_post_thumbnail":0,"footnotes":""},"class_list":["post-1114","page","type-page","status-publish","hentry"],"_links":{"self":[{"href":"https:\/\/reisen.dipas.ch\/index.php?rest_route=\/wp\/v2\/pages\/1114","targetHints":{"allow":["GET"]}}],"collection":[{"href":"https:\/\/reisen.dipas.ch\/index.php?rest_route=\/wp\/v2\/pages"}],"about":[{"href":"https:\/\/reisen.dipas.ch\/index.php?rest_route=\/wp\/v2\/types\/page"}],"author":[{"embeddable":true,"href":"https:\/\/reisen.dipas.ch\/index.php?rest_route=\/wp\/v2\/users\/1"}],"replies":[{"embeddable":true,"href":"https:\/\/reisen.dipas.ch\/index.php?rest_route=%2Fwp%2Fv2%2Fcomments&post=1114"}],"version-history":[{"count":7,"href":"https:\/\/reisen.dipas.ch\/index.php?rest_route=\/wp\/v2\/pages\/1114\/revisions"}],"predecessor-version":[{"id":2793,"href":"https:\/\/reisen.dipas.ch\/index.php?rest_route=\/wp\/v2\/pages\/1114\/revisions\/2793"}],"up":[{"embeddable":true,"href":"https:\/\/reisen.dipas.ch\/index.php?rest_route=\/wp\/v2\/pages\/1112"}],"wp:attachment":[{"href":"https:\/\/reisen.dipas.ch\/index.php?rest_route=%2Fwp%2Fv2%2Fmedia&parent=1114"}],"curies":[{"name":"wp","href":"https:\/\/api.w.org\/{rel}","templated":true}]}}