{"id":1090,"date":"2018-09-01T22:41:17","date_gmt":"2018-09-01T21:41:17","guid":{"rendered":"http:\/\/reisen.dipas.ch\/?page_id=1090"},"modified":"2021-01-08T20:48:58","modified_gmt":"2021-01-08T19:48:58","slug":"finnland-2018-zum-schluss","status":"publish","type":"page","link":"https:\/\/reisen.dipas.ch\/?page_id=1090","title":{"rendered":"Finnland 2018 Zum Schluss"},"content":{"rendered":"\n<p><a href=\"https:\/\/reisen.dipas.ch\/?page_id=1020\">Zur\u00fcck zu Wandern, Kochen in der H\u00fctte<\/a><\/p>\n\n\n\n<figure class=\"wp-block-image alignnone size-full\"><a href=\"https:\/\/reisen.dipas.ch\/wp-content\/uploads\/2018\/09\/Finnland_IXPW0577.jpg\" rel=\"noopener\"><img loading=\"lazy\" decoding=\"async\" width=\"1280\" height=\"960\" src=\"https:\/\/reisen.dipas.ch\/wp-content\/uploads\/2018\/09\/Finnland_IXPW0577.jpg\" alt=\"\" class=\"wp-image-1063\" srcset=\"https:\/\/reisen.dipas.ch\/wp-content\/uploads\/2018\/09\/Finnland_IXPW0577.jpg 1280w, https:\/\/reisen.dipas.ch\/wp-content\/uploads\/2018\/09\/Finnland_IXPW0577-700x525.jpg 700w, https:\/\/reisen.dipas.ch\/wp-content\/uploads\/2018\/09\/Finnland_IXPW0577-768x576.jpg 768w\" sizes=\"auto, (max-width: 1280px) 100vw, 1280px\" \/><\/a><figcaption>Die deutsche Familie die Paljakka f\u00fchrt, eine Angestellte und die G\u00e4ste.<\/figcaption><\/figure>\n\n\n\n<figure class=\"wp-block-image alignnone is-resized\"><a href=\"https:\/\/reisen.dipas.ch\/wp-content\/uploads\/2018\/09\/Finnland_MGJE4305.jpg\" rel=\"noopener\"><img loading=\"lazy\" decoding=\"async\" src=\"https:\/\/reisen.dipas.ch\/wp-content\/uploads\/2018\/09\/Finnland_MGJE4305.jpg\" alt=\"\" class=\"wp-image-1065\" width=\"900\" height=\"1200\" srcset=\"https:\/\/reisen.dipas.ch\/wp-content\/uploads\/2018\/09\/Finnland_MGJE4305.jpg 1200w, https:\/\/reisen.dipas.ch\/wp-content\/uploads\/2018\/09\/Finnland_MGJE4305-394x525.jpg 394w, https:\/\/reisen.dipas.ch\/wp-content\/uploads\/2018\/09\/Finnland_MGJE4305-768x1024.jpg 768w, https:\/\/reisen.dipas.ch\/wp-content\/uploads\/2018\/09\/Finnland_MGJE4305-840x1120.jpg 840w\" sizes=\"auto, (max-width: 900px) 100vw, 900px\" \/><\/a><figcaption>Mir n\u00e4mme no e Schluck, kiehle muess Getr\u00e4nk do nit. \ud83d\ude09<\/figcaption><\/figure>\n\n\n\n<figure class=\"wp-block-image alignnone\"><a href=\"https:\/\/reisen.dipas.ch\/wp-content\/uploads\/2018\/09\/Finnland_4979.jpg\" rel=\"noopener\"><img loading=\"lazy\" decoding=\"async\" width=\"1680\" height=\"1260\" src=\"https:\/\/reisen.dipas.ch\/wp-content\/uploads\/2018\/09\/Finnland_4979.jpg\" alt=\"\" class=\"wp-image-1061\" srcset=\"https:\/\/reisen.dipas.ch\/wp-content\/uploads\/2018\/09\/Finnland_4979.jpg 1680w, https:\/\/reisen.dipas.ch\/wp-content\/uploads\/2018\/09\/Finnland_4979-700x525.jpg 700w, https:\/\/reisen.dipas.ch\/wp-content\/uploads\/2018\/09\/Finnland_4979-768x576.jpg 768w, https:\/\/reisen.dipas.ch\/wp-content\/uploads\/2018\/09\/Finnland_4979-1493x1120.jpg 1493w\" sizes=\"auto, (max-width: 1680px) 100vw, 1680px\" \/><\/a><figcaption>Auf dem Flug von Helsinki nach Z\u00fcrich.<\/figcaption><\/figure>\n\n\n\n<figure class=\"wp-block-image alignnone\"><a href=\"https:\/\/reisen.dipas.ch\/wp-content\/uploads\/2018\/09\/Finnland_4981.jpg\" rel=\"noopener\"><img loading=\"lazy\" decoding=\"async\" width=\"1680\" height=\"1260\" src=\"https:\/\/reisen.dipas.ch\/wp-content\/uploads\/2018\/09\/Finnland_4981.jpg\" alt=\"\" class=\"wp-image-1062\" srcset=\"https:\/\/reisen.dipas.ch\/wp-content\/uploads\/2018\/09\/Finnland_4981.jpg 1680w, https:\/\/reisen.dipas.ch\/wp-content\/uploads\/2018\/09\/Finnland_4981-700x525.jpg 700w, https:\/\/reisen.dipas.ch\/wp-content\/uploads\/2018\/09\/Finnland_4981-768x576.jpg 768w, https:\/\/reisen.dipas.ch\/wp-content\/uploads\/2018\/09\/Finnland_4981-1493x1120.jpg 1493w\" sizes=\"auto, (max-width: 1680px) 100vw, 1680px\" \/><\/a><figcaption>Vor der lettischen oder litauischen K\u00fcste hat es Eis.<\/figcaption><\/figure>\n\n\n\n<p><a href=\"https:\/\/reisen.dipas.ch\/?page_id=15\">Zur\u00fcck zu Finnland 2018<\/a><\/p>\n","protected":false},"excerpt":{"rendered":"<p>Zur\u00fcck zu Wandern, Kochen in der H\u00fctte Zur\u00fcck zu Finnland 2018<\/p>\n","protected":false},"author":1,"featured_media":0,"parent":15,"menu_order":0,"comment_status":"closed","ping_status":"closed","template":"","meta":{"ngg_post_thumbnail":0,"footnotes":""},"class_list":["post-1090","page","type-page","status-publish","hentry"],"_links":{"self":[{"href":"https:\/\/reisen.dipas.ch\/index.php?rest_route=\/wp\/v2\/pages\/1090","targetHints":{"allow":["GET"]}}],"collection":[{"href":"https:\/\/reisen.dipas.ch\/index.php?rest_route=\/wp\/v2\/pages"}],"about":[{"href":"https:\/\/reisen.dipas.ch\/index.php?rest_route=\/wp\/v2\/types\/page"}],"author":[{"embeddable":true,"href":"https:\/\/reisen.dipas.ch\/index.php?rest_route=\/wp\/v2\/users\/1"}],"replies":[{"embeddable":true,"href":"https:\/\/reisen.dipas.ch\/index.php?rest_route=%2Fwp%2Fv2%2Fcomments&post=1090"}],"version-history":[{"count":4,"href":"https:\/\/reisen.dipas.ch\/index.php?rest_route=\/wp\/v2\/pages\/1090\/revisions"}],"predecessor-version":[{"id":2785,"href":"https:\/\/reisen.dipas.ch\/index.php?rest_route=\/wp\/v2\/pages\/1090\/revisions\/2785"}],"up":[{"embeddable":true,"href":"https:\/\/reisen.dipas.ch\/index.php?rest_route=\/wp\/v2\/pages\/15"}],"wp:attachment":[{"href":"https:\/\/reisen.dipas.ch\/index.php?rest_route=%2Fwp%2Fv2%2Fmedia&parent=1090"}],"curies":[{"name":"wp","href":"https:\/\/api.w.org\/{rel}","templated":true}]}}