{"id":1022,"date":"2018-09-01T20:16:23","date_gmt":"2018-09-01T19:16:23","guid":{"rendered":"http:\/\/reisen.dipas.ch\/?page_id=1022"},"modified":"2021-01-08T20:47:33","modified_gmt":"2021-01-08T19:47:33","slug":"finnland-2018-schneeschuh-grillen-wandern","status":"publish","type":"page","link":"https:\/\/reisen.dipas.ch\/?page_id=1022","title":{"rendered":"Finnland 2018 Schneeschuhe, Grillen, Wandern"},"content":{"rendered":"\n<p><a href=\"https:\/\/reisen.dipas.ch\/?page_id=995\">Zur\u00fcck zu Hundeschlitten Fahren<\/a><\/p>\n\n\n\n<figure class=\"wp-block-image alignnone is-resized\"><a href=\"https:\/\/reisen.dipas.ch\/wp-content\/uploads\/2018\/09\/Finnland_4855.jpg\" rel=\"noopener\"><img loading=\"lazy\" decoding=\"async\" src=\"https:\/\/reisen.dipas.ch\/wp-content\/uploads\/2018\/09\/Finnland_4855.jpg\" alt=\"\" class=\"wp-image-1057\" width=\"630\" height=\"840\" srcset=\"https:\/\/reisen.dipas.ch\/wp-content\/uploads\/2018\/09\/Finnland_4855.jpg 1260w, https:\/\/reisen.dipas.ch\/wp-content\/uploads\/2018\/09\/Finnland_4855-394x525.jpg 394w, https:\/\/reisen.dipas.ch\/wp-content\/uploads\/2018\/09\/Finnland_4855-768x1024.jpg 768w, https:\/\/reisen.dipas.ch\/wp-content\/uploads\/2018\/09\/Finnland_4855-840x1120.jpg 840w\" sizes=\"auto, (max-width: 630px) 100vw, 630px\" \/><\/a><figcaption>Dr Gwunder&#8230; Eine Art Milchh\u00e4uschen.<\/figcaption><\/figure>\n\n\n\n<figure class=\"wp-block-image alignnone\"><a href=\"https:\/\/reisen.dipas.ch\/wp-content\/uploads\/2018\/09\/Finnland_4860.jpg\" rel=\"noopener\"><img loading=\"lazy\" decoding=\"async\" width=\"1680\" height=\"1260\" src=\"https:\/\/reisen.dipas.ch\/wp-content\/uploads\/2018\/09\/Finnland_4860.jpg\" alt=\"\" class=\"wp-image-1058\" srcset=\"https:\/\/reisen.dipas.ch\/wp-content\/uploads\/2018\/09\/Finnland_4860.jpg 1680w, https:\/\/reisen.dipas.ch\/wp-content\/uploads\/2018\/09\/Finnland_4860-700x525.jpg 700w, https:\/\/reisen.dipas.ch\/wp-content\/uploads\/2018\/09\/Finnland_4860-768x576.jpg 768w, https:\/\/reisen.dipas.ch\/wp-content\/uploads\/2018\/09\/Finnland_4860-1493x1120.jpg 1493w\" sizes=\"auto, (max-width: 1680px) 100vw, 1680px\" \/><\/a><figcaption>Unterwegs zum See ist ein sch\u00f6ner Bach der sich durch die Senke schl\u00e4ngelt.<\/figcaption><\/figure>\n\n\n\n<figure class=\"wp-block-image alignnone is-resized\"><a href=\"https:\/\/reisen.dipas.ch\/wp-content\/uploads\/2018\/09\/Finnland_2112.jpg\" rel=\"noopener\"><img loading=\"lazy\" decoding=\"async\" src=\"https:\/\/reisen.dipas.ch\/wp-content\/uploads\/2018\/09\/Finnland_2112.jpg\" alt=\"\" class=\"wp-image-1035\" width=\"840\" height=\"1260\" srcset=\"https:\/\/reisen.dipas.ch\/wp-content\/uploads\/2018\/09\/Finnland_2112.jpg 1120w, https:\/\/reisen.dipas.ch\/wp-content\/uploads\/2018\/09\/Finnland_2112-350x525.jpg 350w, https:\/\/reisen.dipas.ch\/wp-content\/uploads\/2018\/09\/Finnland_2112-768x1152.jpg 768w, https:\/\/reisen.dipas.ch\/wp-content\/uploads\/2018\/09\/Finnland_2112-747x1120.jpg 747w\" sizes=\"auto, (max-width: 840px) 100vw, 840px\" \/><\/a><figcaption>Vereinzelt sind Flechten zu sehen.<\/figcaption><\/figure>\n\n\n\n<figure class=\"wp-block-image alignnone is-resized\"><a href=\"https:\/\/reisen.dipas.ch\/wp-content\/uploads\/2018\/09\/Finnland_2115.jpg\" rel=\"noopener\"><img loading=\"lazy\" decoding=\"async\" src=\"https:\/\/reisen.dipas.ch\/wp-content\/uploads\/2018\/09\/Finnland_2115.jpg\" alt=\"\" class=\"wp-image-1036\" width=\"840\" height=\"1260\" srcset=\"https:\/\/reisen.dipas.ch\/wp-content\/uploads\/2018\/09\/Finnland_2115.jpg 1120w, https:\/\/reisen.dipas.ch\/wp-content\/uploads\/2018\/09\/Finnland_2115-350x525.jpg 350w, https:\/\/reisen.dipas.ch\/wp-content\/uploads\/2018\/09\/Finnland_2115-768x1152.jpg 768w, https:\/\/reisen.dipas.ch\/wp-content\/uploads\/2018\/09\/Finnland_2115-747x1120.jpg 747w\" sizes=\"auto, (max-width: 840px) 100vw, 840px\" \/><\/a><figcaption>Schneeschuh Laufen &#8211; unterwegs zum zugefrorenen See, wo sich Mutige nach der Sauna abk\u00fchlen.<\/figcaption><\/figure>\n\n\n\n<figure class=\"wp-block-image alignnone\"><a href=\"https:\/\/reisen.dipas.ch\/wp-content\/uploads\/2018\/09\/Finnland_2118.jpg\" rel=\"noopener\"><img loading=\"lazy\" decoding=\"async\" width=\"1680\" height=\"1120\" src=\"https:\/\/reisen.dipas.ch\/wp-content\/uploads\/2018\/09\/Finnland_2118.jpg\" alt=\"\" class=\"wp-image-1037\" srcset=\"https:\/\/reisen.dipas.ch\/wp-content\/uploads\/2018\/09\/Finnland_2118.jpg 1680w, https:\/\/reisen.dipas.ch\/wp-content\/uploads\/2018\/09\/Finnland_2118-168x112.jpg 168w, https:\/\/reisen.dipas.ch\/wp-content\/uploads\/2018\/09\/Finnland_2118-700x467.jpg 700w, https:\/\/reisen.dipas.ch\/wp-content\/uploads\/2018\/09\/Finnland_2118-768x512.jpg 768w\" sizes=\"auto, (max-width: 1680px) 100vw, 1680px\" \/><\/a><figcaption>Besammlung der Reisenden aus der Unterkunft.<\/figcaption><\/figure>\n\n\n\n<figure class=\"wp-block-image alignnone\"><a href=\"https:\/\/reisen.dipas.ch\/wp-content\/uploads\/2018\/09\/Finnland_2133.jpg\" rel=\"noopener\"><img loading=\"lazy\" decoding=\"async\" width=\"1680\" height=\"1120\" src=\"https:\/\/reisen.dipas.ch\/wp-content\/uploads\/2018\/09\/Finnland_2133.jpg\" alt=\"\" class=\"wp-image-1038\" srcset=\"https:\/\/reisen.dipas.ch\/wp-content\/uploads\/2018\/09\/Finnland_2133.jpg 1680w, https:\/\/reisen.dipas.ch\/wp-content\/uploads\/2018\/09\/Finnland_2133-168x112.jpg 168w, https:\/\/reisen.dipas.ch\/wp-content\/uploads\/2018\/09\/Finnland_2133-700x467.jpg 700w, https:\/\/reisen.dipas.ch\/wp-content\/uploads\/2018\/09\/Finnland_2133-768x512.jpg 768w\" sizes=\"auto, (max-width: 1680px) 100vw, 1680px\" \/><\/a><figcaption>Finnisch &#8211; mit vielen \u00c4 und \u00d6.<\/figcaption><\/figure>\n\n\n\n<figure class=\"wp-block-image alignnone is-resized\"><a href=\"https:\/\/reisen.dipas.ch\/wp-content\/uploads\/2018\/09\/Finnland_2135.jpg\" rel=\"noopener\"><img loading=\"lazy\" decoding=\"async\" src=\"https:\/\/reisen.dipas.ch\/wp-content\/uploads\/2018\/09\/Finnland_2135.jpg\" alt=\"\" class=\"wp-image-1039\" width=\"840\" height=\"1260\" srcset=\"https:\/\/reisen.dipas.ch\/wp-content\/uploads\/2018\/09\/Finnland_2135.jpg 1120w, https:\/\/reisen.dipas.ch\/wp-content\/uploads\/2018\/09\/Finnland_2135-350x525.jpg 350w, https:\/\/reisen.dipas.ch\/wp-content\/uploads\/2018\/09\/Finnland_2135-768x1152.jpg 768w, https:\/\/reisen.dipas.ch\/wp-content\/uploads\/2018\/09\/Finnland_2135-747x1120.jpg 747w\" sizes=\"auto, (max-width: 840px) 100vw, 840px\" \/><\/a><figcaption>Sonnenuntergang? Nein, einfach tiefstehende Sonne im Januar.<\/figcaption><\/figure>\n\n\n\n<figure class=\"wp-block-image alignnone\"><a href=\"https:\/\/reisen.dipas.ch\/wp-content\/uploads\/2018\/09\/Finnland_2136.jpg\" rel=\"noopener\"><img loading=\"lazy\" decoding=\"async\" width=\"1680\" height=\"1120\" src=\"https:\/\/reisen.dipas.ch\/wp-content\/uploads\/2018\/09\/Finnland_2136.jpg\" alt=\"\" class=\"wp-image-1040\" srcset=\"https:\/\/reisen.dipas.ch\/wp-content\/uploads\/2018\/09\/Finnland_2136.jpg 1680w, https:\/\/reisen.dipas.ch\/wp-content\/uploads\/2018\/09\/Finnland_2136-168x112.jpg 168w, https:\/\/reisen.dipas.ch\/wp-content\/uploads\/2018\/09\/Finnland_2136-700x467.jpg 700w, https:\/\/reisen.dipas.ch\/wp-content\/uploads\/2018\/09\/Finnland_2136-768x512.jpg 768w\" sizes=\"auto, (max-width: 1680px) 100vw, 1680px\" \/><\/a><figcaption>Andernorts sind sie verboten, hier sind sie Pflicht &#8211; Spikes.<\/figcaption><\/figure>\n\n\n\n<figure class=\"wp-block-image alignnone\"><a href=\"https:\/\/reisen.dipas.ch\/wp-content\/uploads\/2018\/09\/Finnland_2138.jpg\" rel=\"noopener\"><img loading=\"lazy\" decoding=\"async\" width=\"1680\" height=\"1120\" src=\"https:\/\/reisen.dipas.ch\/wp-content\/uploads\/2018\/09\/Finnland_2138.jpg\" alt=\"\" class=\"wp-image-1041\" srcset=\"https:\/\/reisen.dipas.ch\/wp-content\/uploads\/2018\/09\/Finnland_2138.jpg 1680w, https:\/\/reisen.dipas.ch\/wp-content\/uploads\/2018\/09\/Finnland_2138-168x112.jpg 168w, https:\/\/reisen.dipas.ch\/wp-content\/uploads\/2018\/09\/Finnland_2138-700x467.jpg 700w, https:\/\/reisen.dipas.ch\/wp-content\/uploads\/2018\/09\/Finnland_2138-768x512.jpg 768w\" sizes=\"auto, (max-width: 1680px) 100vw, 1680px\" \/><\/a><figcaption>Fichten in sch\u00f6nem Winterkleid.<\/figcaption><\/figure>\n\n\n\n<figure class=\"wp-block-image alignnone\"><a href=\"https:\/\/reisen.dipas.ch\/wp-content\/uploads\/2018\/09\/Finnland_2139.jpg\" rel=\"noopener\"><img loading=\"lazy\" decoding=\"async\" width=\"1680\" height=\"1120\" src=\"https:\/\/reisen.dipas.ch\/wp-content\/uploads\/2018\/09\/Finnland_2139.jpg\" alt=\"\" class=\"wp-image-1042\" srcset=\"https:\/\/reisen.dipas.ch\/wp-content\/uploads\/2018\/09\/Finnland_2139.jpg 1680w, https:\/\/reisen.dipas.ch\/wp-content\/uploads\/2018\/09\/Finnland_2139-168x112.jpg 168w, https:\/\/reisen.dipas.ch\/wp-content\/uploads\/2018\/09\/Finnland_2139-700x467.jpg 700w, https:\/\/reisen.dipas.ch\/wp-content\/uploads\/2018\/09\/Finnland_2139-768x512.jpg 768w\" sizes=\"auto, (max-width: 1680px) 100vw, 1680px\" \/><\/a><figcaption>Typisch f\u00fcr Skandinavien. W\u00e4lder \u00fcber weite Teile des Landes. Vom Staat vorgeschrieben ist, dass die Zahl der geholzten B\u00e4ume mit der gleichen Anzahl Jungb\u00e4ume ausgeglichen wird.<\/figcaption><\/figure>\n\n\n\n<figure class=\"wp-block-image alignnone\"><a href=\"https:\/\/reisen.dipas.ch\/wp-content\/uploads\/2018\/09\/Finnland_2152.jpg\" rel=\"noopener\"><img loading=\"lazy\" decoding=\"async\" width=\"1120\" height=\"1680\" src=\"https:\/\/reisen.dipas.ch\/wp-content\/uploads\/2018\/09\/Finnland_2152.jpg\" alt=\"\" class=\"wp-image-1043\" srcset=\"https:\/\/reisen.dipas.ch\/wp-content\/uploads\/2018\/09\/Finnland_2152.jpg 1120w, https:\/\/reisen.dipas.ch\/wp-content\/uploads\/2018\/09\/Finnland_2152-350x525.jpg 350w, https:\/\/reisen.dipas.ch\/wp-content\/uploads\/2018\/09\/Finnland_2152-768x1152.jpg 768w, https:\/\/reisen.dipas.ch\/wp-content\/uploads\/2018\/09\/Finnland_2152-747x1120.jpg 747w\" sizes=\"auto, (max-width: 1120px) 100vw, 1120px\" \/><\/a><figcaption>Unser finnischer Guide erkl\u00e4rt uns die Probleme dieses Winters und die Folgen.<\/figcaption><\/figure>\n\n\n\n<figure class=\"wp-block-image alignnone\"><a href=\"https:\/\/reisen.dipas.ch\/wp-content\/uploads\/2018\/09\/Finnland_2157.jpg\" rel=\"noopener\"><img loading=\"lazy\" decoding=\"async\" width=\"1120\" height=\"1680\" src=\"https:\/\/reisen.dipas.ch\/wp-content\/uploads\/2018\/09\/Finnland_2157.jpg\" alt=\"\" class=\"wp-image-1044\" srcset=\"https:\/\/reisen.dipas.ch\/wp-content\/uploads\/2018\/09\/Finnland_2157.jpg 1120w, https:\/\/reisen.dipas.ch\/wp-content\/uploads\/2018\/09\/Finnland_2157-350x525.jpg 350w, https:\/\/reisen.dipas.ch\/wp-content\/uploads\/2018\/09\/Finnland_2157-768x1152.jpg 768w, https:\/\/reisen.dipas.ch\/wp-content\/uploads\/2018\/09\/Finnland_2157-747x1120.jpg 747w\" sizes=\"auto, (max-width: 1120px) 100vw, 1120px\" \/><\/a><figcaption>Viele B\u00e4ume neigen sich zu Boden oder brechen ab, da der erste Schnee zu viel und zu nass war. Der weitere Schnee dr\u00fcckte dann noch zus\u00e4tzlich. Die Leute m\u00fcssen immer wieder mal die S\u00e4ge, Axt oder Kettens\u00e4ge hervor nehmen um B\u00e4ume wegzur\u00e4umen. B\u00e4ume die sich im Fr\u00fchjahr wieder aufrichten haben oft eine kahle Krone, da die Hasen die Rinde und Knospen im Winter abgefressen haben.<\/figcaption><\/figure>\n\n\n\n<figure class=\"wp-block-image alignnone is-resized\"><a href=\"https:\/\/reisen.dipas.ch\/wp-content\/uploads\/2018\/09\/Finnland_2164.jpg\" rel=\"noopener\"><img loading=\"lazy\" decoding=\"async\" src=\"https:\/\/reisen.dipas.ch\/wp-content\/uploads\/2018\/09\/Finnland_2164.jpg\" alt=\"\" class=\"wp-image-1045\" width=\"840\" height=\"1260\" srcset=\"https:\/\/reisen.dipas.ch\/wp-content\/uploads\/2018\/09\/Finnland_2164.jpg 1120w, https:\/\/reisen.dipas.ch\/wp-content\/uploads\/2018\/09\/Finnland_2164-350x525.jpg 350w, https:\/\/reisen.dipas.ch\/wp-content\/uploads\/2018\/09\/Finnland_2164-768x1152.jpg 768w, https:\/\/reisen.dipas.ch\/wp-content\/uploads\/2018\/09\/Finnland_2164-747x1120.jpg 747w\" sizes=\"auto, (max-width: 840px) 100vw, 840px\" \/><\/a><figcaption>Unser Wikinger schl\u00e4gt das bereits wieder etwas zugefrorene Loch im See auf. Die Saune wird schon mal eingeheizt.<\/figcaption><\/figure>\n\n\n\n<figure class=\"wp-block-image alignnone\"><a href=\"https:\/\/reisen.dipas.ch\/wp-content\/uploads\/2018\/09\/Finnland_2176.jpg\" rel=\"noopener\"><img loading=\"lazy\" decoding=\"async\" width=\"1680\" height=\"1120\" src=\"https:\/\/reisen.dipas.ch\/wp-content\/uploads\/2018\/09\/Finnland_2176.jpg\" alt=\"\" class=\"wp-image-1046\" srcset=\"https:\/\/reisen.dipas.ch\/wp-content\/uploads\/2018\/09\/Finnland_2176.jpg 1680w, https:\/\/reisen.dipas.ch\/wp-content\/uploads\/2018\/09\/Finnland_2176-168x112.jpg 168w, https:\/\/reisen.dipas.ch\/wp-content\/uploads\/2018\/09\/Finnland_2176-700x467.jpg 700w, https:\/\/reisen.dipas.ch\/wp-content\/uploads\/2018\/09\/Finnland_2176-768x512.jpg 768w\" sizes=\"auto, (max-width: 1680px) 100vw, 1680px\" \/><\/a><figcaption>Interessante Stimmung auf dem zugefrorenen See.<\/figcaption><\/figure>\n\n\n\n<figure class=\"wp-block-image alignnone\"><a href=\"https:\/\/reisen.dipas.ch\/wp-content\/uploads\/2018\/09\/Finnland_QNWU7303.jpg\" rel=\"noopener\"><img loading=\"lazy\" decoding=\"async\" width=\"1032\" height=\"581\" src=\"https:\/\/reisen.dipas.ch\/wp-content\/uploads\/2018\/09\/Finnland_QNWU7303.jpg\" alt=\"\" class=\"wp-image-1066\" srcset=\"https:\/\/reisen.dipas.ch\/wp-content\/uploads\/2018\/09\/Finnland_QNWU7303.jpg 1032w, https:\/\/reisen.dipas.ch\/wp-content\/uploads\/2018\/09\/Finnland_QNWU7303-700x394.jpg 700w, https:\/\/reisen.dipas.ch\/wp-content\/uploads\/2018\/09\/Finnland_QNWU7303-768x432.jpg 768w\" sizes=\"auto, (max-width: 1032px) 100vw, 1032px\" \/><\/a><figcaption>E Guete!<\/figcaption><\/figure>\n\n\n\n<p><a href=\"https:\/\/reisen.dipas.ch\/?page_id=1075\">Paljakka Unterkunft<\/a><\/p>\n","protected":false},"excerpt":{"rendered":"<p>Zur\u00fcck zu Hundeschlitten Fahren Paljakka Unterkunft<\/p>\n","protected":false},"author":1,"featured_media":0,"parent":15,"menu_order":0,"comment_status":"closed","ping_status":"closed","template":"","meta":{"ngg_post_thumbnail":0,"footnotes":""},"class_list":["post-1022","page","type-page","status-publish","hentry"],"_links":{"self":[{"href":"https:\/\/reisen.dipas.ch\/index.php?rest_route=\/wp\/v2\/pages\/1022","targetHints":{"allow":["GET"]}}],"collection":[{"href":"https:\/\/reisen.dipas.ch\/index.php?rest_route=\/wp\/v2\/pages"}],"about":[{"href":"https:\/\/reisen.dipas.ch\/index.php?rest_route=\/wp\/v2\/types\/page"}],"author":[{"embeddable":true,"href":"https:\/\/reisen.dipas.ch\/index.php?rest_route=\/wp\/v2\/users\/1"}],"replies":[{"embeddable":true,"href":"https:\/\/reisen.dipas.ch\/index.php?rest_route=%2Fwp%2Fv2%2Fcomments&post=1022"}],"version-history":[{"count":11,"href":"https:\/\/reisen.dipas.ch\/index.php?rest_route=\/wp\/v2\/pages\/1022\/revisions"}],"predecessor-version":[{"id":2782,"href":"https:\/\/reisen.dipas.ch\/index.php?rest_route=\/wp\/v2\/pages\/1022\/revisions\/2782"}],"up":[{"embeddable":true,"href":"https:\/\/reisen.dipas.ch\/index.php?rest_route=\/wp\/v2\/pages\/15"}],"wp:attachment":[{"href":"https:\/\/reisen.dipas.ch\/index.php?rest_route=%2Fwp%2Fv2%2Fmedia&parent=1022"}],"curies":[{"name":"wp","href":"https:\/\/api.w.org\/{rel}","templated":true}]}}